{"id":120944,"date":"2026-03-15T17:59:24","date_gmt":"2026-03-15T16:59:24","guid":{"rendered":"https:\/\/footballthrift.shop\/?post_type=product&#038;p=120944"},"modified":"2026-03-15T17:59:24","modified_gmt":"2026-03-15T16:59:24","slug":"gornik-zabrze-fusballtrikot-2013-14-nach-hause-20-zachara-xl","status":"publish","type":"product","link":"https:\/\/footballthrift.shop\/de\/koszulka-pilkarska-gornik-zabrze-2013-14-home-20-zachara-xl\/","title":{"rendered":"Koszulka pi\u0142karska G\u00f3rnik Zabrze 2013\/14 Home 20 Zachara [XL]"},"content":{"rendered":"<p><strong>Verein:<\/strong> G\u00f3rnik Zabrze<\/p>\n<p><strong>Saison:<\/strong> 2013\/14 Startseite<\/p>\n<p><strong>Gr\u00f6\u00dfe: <\/strong>XL<\/p>\n<p><strong>Zustand:<\/strong> Sehr gut - ein Mikrozug.<\/p>\n<p><strong>Ma\u00dfe (Achselbreite\/L\u00e4nge) in cm: <\/strong>59\/75<\/p>","protected":false},"excerpt":{"rendered":"<p><strong>Original Heimtrikot von G\u00f3rnik Zabrze aus der Saison 2013\/14, produziert von Adidas und gedruckt von Mateusz Zachary.\u00a0<\/strong><\/p>\n<p>Heimmodell <strong>G\u00f3rnik Zabrze aus der Saison 2013\/14<\/strong>hergestellt von <strong>Adidas<\/strong> in XL-Gr\u00f6\u00dfe, stammt aus einer Zeit st\u00e4ndiger Konkurrenz durch einen der erfolgreichsten Vereine der Geschichte <strong>Ekstraklasa<\/strong>. <strong>G\u00f3rnik Zabrze<\/strong> ist seit Jahrzehnten ein wichtiges Symbol des schlesischen Fu\u00dfballs, und seine Geschichte ist voller Erfolge und herausragender Pers\u00f6nlichkeiten des polnischen Fu\u00dfballs.<\/p>\n<p>Das T-Shirt wurde hergestellt auf <strong>wei\u00dfer Sockel<\/strong>die erg\u00e4nzt werden durch <strong>blaue und rote Verzierungen<\/strong>, mit Verweisen auf traditionelle Farben <strong>G\u00f3rnik Zabrze<\/strong>. Auf dem \u00c4rmel und auf der Brust sind <strong>Embleme der Ekstraklasa<\/strong>, w\u00e4hrend das Wappen <strong>G\u00f3rnik Zabrze<\/strong> und Logo <strong>Adidas<\/strong> ist klassisch auf der Brust angeordnet. Das Design beh\u00e4lt die einfache und klare Aufteilung bei, die f\u00fcr die Produktion der Hemden charakteristisch ist <strong>Adidas<\/strong> zu Beginn des zweiten Jahrzehnts des 21. Jahrhunderts.<\/p>\n<p>Auf der R\u00fcckseite befindet sich ein origineller Aufdruck. <strong>Matthew Zachary<\/strong>, ein St\u00fcrmer <strong>G\u00f3rnik Zabrze<\/strong>, der in dieser Zeit einer der wichtigsten Offensivspieler der Mannschaft war. <strong>Mateusz Zachara<\/strong> Er zeichnete sich durch seine Schnelligkeit, seine Beweglichkeit im Angriff und seine Effektivit\u00e4t vor dem gegnerischen Tor aus, was ihn zu einem der bekanntesten Spieler des Vereins in der ersten H\u00e4lfte des zweiten Jahrzehnts des 21.<\/p>\n<p>Geschichte <strong>G\u00f3rnik Zabrze<\/strong> ist einer der reichsten im polnischen Fu\u00dfball. Der Verein hat mehrmals die polnische Meisterschaft gewonnen, und seine goldene \u00c4ra war in den 1960er und 1970er Jahren, als die Farben der Mannschaft unter anderem von der. <strong>W\u0142odzimierz Luba\u0144ski<\/strong>, <strong>Ernest Pohl<\/strong>, <strong>Jerzy Gorgo\u0144<\/strong> oder <strong>Stanislaw O\u015bliz\u0142o<\/strong>, der die Legende des schlesischen Klubs sowohl in der Heimat als auch im europ\u00e4ischen Wettbewerb begr\u00fcndete.<\/p>\n<p>Das T-Shirt ist aus leichtem und atmungsaktivem Material gefertigt und der Schnitt in Gr\u00f6\u00dfe XL entspricht den Standards der <strong>Adidas<\/strong>, mit klassischer Passform, die f\u00fcr das Produktionsdesign charakteristisch ist <strong>Adidas<\/strong>.<\/p>\n<p>F\u00fcr Sammler und Fans, die ein originales Heimtrikot suchen <strong>G\u00f3rnik Zabrze<\/strong> z <strong>Saison 2013\/14<\/strong>, die Geschichte eines der erfolgreichsten Vereine der Welt. <strong>Ekstraklasa<\/strong>.<\/p>","protected":false},"featured_media":121189,"template":"","meta":{"_kad_blocks_custom_css":"","_kad_blocks_head_custom_js":"","_kad_blocks_body_custom_js":"","_kad_blocks_footer_custom_js":"","_kad_post_transparent":"default","_kad_post_title":"","_kad_post_layout":"default","_kad_post_sidebar_id":"","_kad_post_content_style":"default","_kad_post_vertical_padding":"default","_kad_post_feature":"","_kad_post_feature_position":"","_kad_post_header":false,"_kad_post_footer":false,"_kad_post_classname":""},"product_brand":[1283],"product_cat":[15,1411,1468],"product_tag":[],"class_list":{"0":"post-120944","1":"product","2":"type-product","3":"status-publish","4":"has-post-thumbnail","6":"product_brand-adidas","7":"product_cat-bez-kategorii","8":"product_cat-polscy-pilkarze","9":"product_cat-pozostale-kluby-polskie","10":"pa_homeawaythird-home","11":"pa_rozmiar-xl","13":"first","14":"instock","15":"taxable","16":"shipping-taxable","17":"purchasable","18":"product-type-simple","19":"entry","20":"content-bg","21":"loop-entry"},"taxonomy_info":{"product_brand":[{"value":1283,"label":"Adidas"}],"product_cat":[{"value":15,"label":"Bez kategorii"},{"value":1411,"label":"POLSCY PI\u0141KARZE"},{"value":1468,"label":"Pozosta\u0142e kluby polskie"}],"pa_homeawaythird":[{"value":1597,"label":"Home"}],"pa_rozmiar":[{"value":1818,"label":"XL"}]},"featured_image_src_large":["https:\/\/footballthrift.shop\/wp-content\/uploads\/2026\/03\/Photoroom_20260311_132801-1024x1024.jpg",1024,1024,true],"author_info":[],"comment_info":"","_links":{"self":[{"href":"https:\/\/footballthrift.shop\/de\/wp-json\/wp\/v2\/product\/120944","targetHints":{"allow":["GET"]}}],"collection":[{"href":"https:\/\/footballthrift.shop\/de\/wp-json\/wp\/v2\/product"}],"about":[{"href":"https:\/\/footballthrift.shop\/de\/wp-json\/wp\/v2\/types\/product"}],"wp:featuredmedia":[{"embeddable":true,"href":"https:\/\/footballthrift.shop\/de\/wp-json\/wp\/v2\/media\/121189"}],"wp:attachment":[{"href":"https:\/\/footballthrift.shop\/de\/wp-json\/wp\/v2\/media?parent=120944"}],"wp:term":[{"taxonomy":"product_brand","embeddable":true,"href":"https:\/\/footballthrift.shop\/de\/wp-json\/wp\/v2\/product_brand?post=120944"},{"taxonomy":"product_cat","embeddable":true,"href":"https:\/\/footballthrift.shop\/de\/wp-json\/wp\/v2\/product_cat?post=120944"},{"taxonomy":"product_tag","embeddable":true,"href":"https:\/\/footballthrift.shop\/de\/wp-json\/wp\/v2\/product_tag?post=120944"}],"curies":[{"name":"wp","href":"https:\/\/api.w.org\/{rel}","templated":true}]}}