{"id":120943,"date":"2026-03-15T17:59:24","date_gmt":"2026-03-15T16:59:24","guid":{"rendered":"https:\/\/footballthrift.shop\/?post_type=product&#038;p=120943"},"modified":"2026-03-15T17:59:24","modified_gmt":"2026-03-15T16:59:24","slug":"koszulka-pilkarska-pre-match-francja-2018-10-xxl","status":"publish","type":"product","link":"https:\/\/footballthrift.shop\/de\/koszulka-pilkarska-pre-match-francja-2018-10-xxl\/","title":{"rendered":"Koszulka pi\u0142karska PRE-MATCH Francja 2018\/10 [XXL]"},"content":{"rendered":"<p><strong>Verein:<\/strong> Frankreich<\/p>\n<p><strong>Saison:<\/strong> 2018\/10<\/p>\n<p><strong>Gr\u00f6\u00dfe: <\/strong>XXL<\/p>\n<p><strong>Zustand:<\/strong> Ausgezeichnet<\/p>\n<p><strong>Ma\u00dfe (Achselbreite\/L\u00e4nge) in cm: <\/strong>63\/82<\/p>","protected":false},"excerpt":{"rendered":"<p><strong>Original Pre-Match Fu\u00dfballtrikot der franz\u00f6sischen Nationalmannschaft 2018\/20 von Nike.\u00a0<\/strong><\/p>\n<p>Modell vor dem Spiel <strong>der franz\u00f6sischen Nationalmannschaft 2018\/20<\/strong>hergestellt von <strong>Nike<\/strong> im XXL-Format, stammt aus der Zeit eines der gr\u00f6\u00dften Erfolge der franz\u00f6sischen Fu\u00dfballgeschichte. <strong>Franz\u00f6sische Nationalmannschaft<\/strong> zu dieser Zeit erreicht f\u00fcr <strong>Weltmeisterschaft 2018<\/strong>, und best\u00e4tigte damit seine Position als eine der st\u00e4rksten Mannschaften der Welt.<\/p>\n<p>Das T-Shirt wurde hergestellt auf <strong>wei\u00dfer Sockel<\/strong>, und sein markantestes Merkmal ist <strong>horizontale dunkelblaue Streifen<\/strong> die die gesamte Oberfl\u00e4che des Materials bedecken. Das Design bezieht sich auf <strong>maritimes Thema<\/strong>, der h\u00e4ufig in der visuellen Identit\u00e4t erscheint <strong>die franz\u00f6sische Nationalmannschaft<\/strong>. Wappen <strong>die franz\u00f6sische Nationalmannschaft<\/strong> und Logo <strong>Nike<\/strong> ist klassisch auf der Kommode angeordnet, wobei eine einfache und klare Designkomposition beibehalten wird.<\/p>\n<p>Zeitraum <strong>2018-2020<\/strong> war f\u00fcr <strong>die franz\u00f6sische Nationalmannschaft<\/strong> zeitweise eine beachtliche sportliche Kraft. Die Mannschaft bestand damals aus folgenden Spielern. <strong>Kylian Mbapp\u00e9<\/strong>, <strong>Antoine Griezmann<\/strong>, <strong>Paul Pogba<\/strong>, <strong>N'Golo Kant\u00e9<\/strong>, <strong>Rapha\u00ebl Varane<\/strong> und <strong>Hugo Lloris<\/strong>, die das Team bildeten, das den Sieg bei der <strong>Weltmeisterschaften 2018<\/strong> in Russland.<\/p>\n<p>Das T-Shirt ist aus einem leichten und luftigen Material gefertigt und der XXL-Schnitt entspricht den Standards der <strong>Nike<\/strong>, und bietet den f\u00fcr Trainingskleidung typischen Tragekomfort. <strong>Nike<\/strong>.<\/p>\n<p>F\u00fcr Sammler und Fans, die ein originales Pre-Match-Trikot suchen <strong>die franz\u00f6sische Nationalmannschaft<\/strong> z <strong>2018\/20<\/strong>, eine klare Bilanz der Meisterschaftszeit der Nationalmannschaft.<\/p>","protected":false},"featured_media":121182,"template":"","meta":{"_kad_blocks_custom_css":"","_kad_blocks_head_custom_js":"","_kad_blocks_body_custom_js":"","_kad_blocks_footer_custom_js":"","_kad_post_transparent":"default","_kad_post_title":"","_kad_post_layout":"default","_kad_post_sidebar_id":"","_kad_post_content_style":"default","_kad_post_vertical_padding":"default","_kad_post_feature":"","_kad_post_feature_position":"","_kad_post_header":false,"_kad_post_footer":false,"_kad_post_classname":""},"product_brand":[1284],"product_cat":[15,1454,1423],"product_tag":[],"class_list":{"0":"post-120943","1":"product","2":"type-product","3":"status-publish","4":"has-post-thumbnail","6":"product_brand-nike","7":"product_cat-bez-kategorii","8":"product_cat-reprezentacja-francji","9":"product_cat-kurtkibluzytrening","10":"pa_rozmiar-xxl","12":"first","13":"instock","14":"taxable","15":"shipping-taxable","16":"purchasable","17":"product-type-simple","18":"entry","19":"content-bg","20":"loop-entry"},"taxonomy_info":{"product_brand":[{"value":1284,"label":"Nike"}],"product_cat":[{"value":15,"label":"Bez kategorii"},{"value":1454,"label":"Francja"},{"value":1423,"label":"Kurtki\/bluzy\/trening"}],"pa_rozmiar":[{"value":1819,"label":"XXL"}]},"featured_image_src_large":["https:\/\/footballthrift.shop\/wp-content\/uploads\/2026\/03\/IMG_3230-Photoroom-1024x1024.jpg",1024,1024,true],"author_info":[],"comment_info":"","_links":{"self":[{"href":"https:\/\/footballthrift.shop\/de\/wp-json\/wp\/v2\/product\/120943","targetHints":{"allow":["GET"]}}],"collection":[{"href":"https:\/\/footballthrift.shop\/de\/wp-json\/wp\/v2\/product"}],"about":[{"href":"https:\/\/footballthrift.shop\/de\/wp-json\/wp\/v2\/types\/product"}],"wp:featuredmedia":[{"embeddable":true,"href":"https:\/\/footballthrift.shop\/de\/wp-json\/wp\/v2\/media\/121182"}],"wp:attachment":[{"href":"https:\/\/footballthrift.shop\/de\/wp-json\/wp\/v2\/media?parent=120943"}],"wp:term":[{"taxonomy":"product_brand","embeddable":true,"href":"https:\/\/footballthrift.shop\/de\/wp-json\/wp\/v2\/product_brand?post=120943"},{"taxonomy":"product_cat","embeddable":true,"href":"https:\/\/footballthrift.shop\/de\/wp-json\/wp\/v2\/product_cat?post=120943"},{"taxonomy":"product_tag","embeddable":true,"href":"https:\/\/footballthrift.shop\/de\/wp-json\/wp\/v2\/product_tag?post=120943"}],"curies":[{"name":"wp","href":"https:\/\/api.w.org\/{rel}","templated":true}]}}