{"id":120939,"date":"2026-03-15T17:59:26","date_gmt":"2026-03-15T16:59:26","guid":{"rendered":"https:\/\/footballthrift.shop\/?post_type=product&#038;p=120939"},"modified":"2026-03-15T17:59:26","modified_gmt":"2026-03-15T16:59:26","slug":"fusballtrikot-fc-bayern-monchaium-2013-14-home-l","status":"publish","type":"product","link":"https:\/\/footballthrift.shop\/de\/koszulka-pilkarska-fc-bayern-monchaium-2013-14-home-l\/","title":{"rendered":"Koszulka pi\u0142karska FC Bayern Monchaium 2013\/14 Home [L]"},"content":{"rendered":"<p><strong>Verein:<\/strong> FC Bayern Monchaium<\/p>\n<p><strong>Saison:<\/strong> 2013\/14 Startseite<\/p>\n<p><strong>Gr\u00f6\u00dfe: <\/strong>L<\/p>\n<p><strong>Zustand:<\/strong> Gut - Mikro-N\u00e4hte auf der Vorderseite.<\/p>\n<p><strong>Ma\u00dfe (Achselbreite\/L\u00e4nge) in cm: <\/strong>55\/72(vorne), 77(hinten)<\/p>","protected":false},"excerpt":{"rendered":"<p>Original Heim-Fu\u00dfballtrikot <strong>Bayern M\u00fcnchen<\/strong> aus der Saison <strong>2013\/14<\/strong> Produktion <strong>Adidas<\/strong>.<\/p>\n<p>Heimmodell <strong>Bayern M\u00fcnchen<\/strong> aus der Saison <strong>2013\/14<\/strong>hergestellt von <strong>Adidas<\/strong> in Gr\u00f6\u00dfe L, ist das Trikot aus der ersten Saison unter Pep Guardiola nach dem historischen Champions-League-Triumph im Jahr zuvor. Die Bayern dominierten die Bundesliga, gewannen in beeindruckender Manier die deutsche Meisterschaft und erreichten den deutschen Pokal, womit sie das nationale Double komplettierten.<\/p>\n<p>Das T-Shirt wurde in der klassischen roten Farbgebung hergestellt, die die Grundlage der Identit\u00e4t der <strong>Bayern M\u00fcnchen<\/strong>. Der Kragen und die \u00c4rmel sind in Wei\u00df gehalten, und auf den \u00c4rmeln befinden sich drei f\u00fcr das Design charakteristische Streifen. <strong>Adidas<\/strong>. Der Aufdruck des Sponsors steht auf der Vorderseite im Mittelpunkt. <strong>T-Mobile<\/strong>, deutlich vom roten Sockel zu unterscheiden, w\u00e4hrend das Vereinswappen und das Logo <strong>Adidas<\/strong> ist traditionell auf der Brust angeordnet, so dass eine symmetrische und lesbare Komposition entsteht.<\/p>\n<p>Saison <strong>2013\/14<\/strong> war f\u00fcr <strong>Bayern M\u00fcnchen<\/strong> eine Zeit der best\u00e4tigten Dominanz in Deutschland. Die Farben der Mannschaft trugen zu dieser Zeit <strong>Arjen Robben<\/strong>, eine Schl\u00fcsselfigur der Offensive, <strong>Franck Rib\u00e9ry<\/strong>, die f\u00fcr die Dynamik des Fl\u00fcgels verantwortlich sind, und <strong>Philipp Lahm<\/strong>, Kapit\u00e4n und Mannschaftsf\u00fchrer. Zur Aufstellung geh\u00f6rten au\u00dferdem <strong>Manuel Neuer<\/strong> i <strong>Thomas M\u00fcller<\/strong>, die eine wichtige Rolle bei der Aufrechterhaltung eines hohen Sportniveaus im Land und in Europa gespielt haben.<\/p>\n<p>Das T-Shirt ist aus einem leichten und luftigen Material gefertigt und der Schnitt in Gr\u00f6\u00dfe L entspricht den Standards der <strong>Adidas<\/strong>, und bietet eine klassische Passform, die dem Design der Marke entspricht.<\/p>\n<p>F\u00fcr Sammler und Fans, die ein originales Heimtrikot suchen <strong>Bayern M\u00fcnchen<\/strong> aus der Saison <strong>2013\/14<\/strong>, und Pep Guardiolas erstes Jahr in M\u00fcnchen eine klare Bilanz der nationalen Dominanz.<\/p>","protected":false},"featured_media":121155,"template":"","meta":{"_kad_blocks_custom_css":"","_kad_blocks_head_custom_js":"","_kad_blocks_body_custom_js":"","_kad_blocks_footer_custom_js":"","_kad_post_transparent":"default","_kad_post_title":"","_kad_post_layout":"default","_kad_post_sidebar_id":"","_kad_post_content_style":"default","_kad_post_vertical_padding":"default","_kad_post_feature":"","_kad_post_feature_position":"","_kad_post_header":false,"_kad_post_footer":false,"_kad_post_classname":""},"product_brand":[1283],"product_cat":[15,1455],"product_tag":[],"class_list":{"0":"post-120939","1":"product","2":"type-product","3":"status-publish","4":"has-post-thumbnail","6":"product_brand-adidas","7":"product_cat-bez-kategorii","8":"product_cat-kluby-niemieckie-fcbayernmonachium","9":"pa_homeawaythird-home","10":"pa_rozmiar-l","12":"first","13":"instock","14":"taxable","15":"shipping-taxable","16":"purchasable","17":"product-type-simple","18":"entry","19":"content-bg","20":"loop-entry"},"taxonomy_info":{"product_brand":[{"value":1283,"label":"Adidas"}],"product_cat":[{"value":15,"label":"Bez kategorii"},{"value":1455,"label":"FC Bayern Monachium"}],"pa_homeawaythird":[{"value":1597,"label":"Home"}],"pa_rozmiar":[{"value":1817,"label":"L"}]},"featured_image_src_large":["https:\/\/footballthrift.shop\/wp-content\/uploads\/2026\/03\/Photoroom_20260311_132911-1024x1024.jpg",1024,1024,true],"author_info":[],"comment_info":"","_links":{"self":[{"href":"https:\/\/footballthrift.shop\/de\/wp-json\/wp\/v2\/product\/120939","targetHints":{"allow":["GET"]}}],"collection":[{"href":"https:\/\/footballthrift.shop\/de\/wp-json\/wp\/v2\/product"}],"about":[{"href":"https:\/\/footballthrift.shop\/de\/wp-json\/wp\/v2\/types\/product"}],"wp:featuredmedia":[{"embeddable":true,"href":"https:\/\/footballthrift.shop\/de\/wp-json\/wp\/v2\/media\/121155"}],"wp:attachment":[{"href":"https:\/\/footballthrift.shop\/de\/wp-json\/wp\/v2\/media?parent=120939"}],"wp:term":[{"taxonomy":"product_brand","embeddable":true,"href":"https:\/\/footballthrift.shop\/de\/wp-json\/wp\/v2\/product_brand?post=120939"},{"taxonomy":"product_cat","embeddable":true,"href":"https:\/\/footballthrift.shop\/de\/wp-json\/wp\/v2\/product_cat?post=120939"},{"taxonomy":"product_tag","embeddable":true,"href":"https:\/\/footballthrift.shop\/de\/wp-json\/wp\/v2\/product_tag?post=120939"}],"curies":[{"name":"wp","href":"https:\/\/api.w.org\/{rel}","templated":true}]}}