{"id":120938,"date":"2026-03-15T17:59:26","date_gmt":"2026-03-15T16:59:26","guid":{"rendered":"https:\/\/footballthrift.shop\/?post_type=product&#038;p=120938"},"modified":"2026-03-15T17:59:27","modified_gmt":"2026-03-15T16:59:27","slug":"fusball-trikot-fc-bayern-monchaium-1995-97-heim-m","status":"publish","type":"product","link":"https:\/\/footballthrift.shop\/de\/koszulka-pilkarska-fc-bayern-monchaium-1995-97-home-m\/","title":{"rendered":"Koszulka pi\u0142karska FC Bayern Monchaium 1995\/97 Home [M]"},"content":{"rendered":"<p><strong>Verein:<\/strong> FC Bayern Monchaium<\/p>\n<p><strong>Saison:<\/strong> 1995\/97 Heimat<\/p>\n<p><strong>Gr\u00f6\u00dfe: <\/strong>M<\/p>\n<p><strong>Zustand:<\/strong> Befriedigend - eine betr\u00e4chtliche Anzahl von Mikroauswirkungen.<\/p>\n<p><strong>Ma\u00dfe (Achselbreite\/L\u00e4nge) in cm: <\/strong>52\/71<\/p>","protected":false},"excerpt":{"rendered":"<p><strong>Original Bayern M\u00fcnchen Heim-Fu\u00dfballtrikot von 1995\/97 von Adidas.\u00a0<\/strong><\/p>\n<p>Heimmodell <strong>Bayern M\u00fcnchen in der Saison 1995\/97<\/strong>hergestellt von <strong>Adidas<\/strong> in Gr\u00f6\u00dfe M, stammt aus einer Zeit, in der der Verein eindeutig in die europ\u00e4ische Spitzenklasse zur\u00fcckkehrte. Es war eine Zeit, in der <strong>Bayern M\u00fcnchen<\/strong> hat sich im internationalen Wettbewerb erneut einen Namen gemacht und eine Mannschaft aufgebaut, die sowohl in Deutschland als auch auf der europ\u00e4ischen B\u00fchne um Pokale k\u00e4mpfen kann.<\/p>\n<p>Das T-Shirt wurde in einem unverwechselbaren Layout produziert <strong>blau-rot vertikal gestreift<\/strong>, typisch f\u00fcr Projekte <strong>Adidas<\/strong> aus der Mitte der 1990er Jahre. <strong>wei\u00dfer Polokragen<\/strong>, was dem T-Shirt eine klassische, elegante Note verleiht. Auf der Vorderseite steht ein Sponsorenaufdruck im Mittelpunkt. <strong>Opel<\/strong>, die eng mit einer der bekanntesten Epochen der Geschichte verbunden ist <strong>Bayern M\u00fcnchen<\/strong>, w\u00e4hrend das Vereinswappen und das Logo <strong>Adidas<\/strong> wird traditionell auf der Brust getragen.<\/p>\n<p>Jahre <strong>1995-1997<\/strong> waren f\u00fcr <strong>Bayern M\u00fcnchen<\/strong> eine Periode der klaren R\u00fcckkehr an die europ\u00e4ische Spitze, gekr\u00f6nt von einem Triumph in der <strong>UEFA-Pokal in der Saison 1995\/96<\/strong>. Die Mannschaft bestand zu diesem Zeitpunkt aus folgenden Mitgliedern. <strong>Lothar Matth\u00e4us<\/strong>, <strong>Mario Basler<\/strong>, <strong>Markus Babbel<\/strong>, <strong>Christian Ziege<\/strong>, <strong>J\u00fcrgen Klinsmann<\/strong> und <strong>Oliver Kahn<\/strong>, die ein Team bildeten, das auf Erfahrung, technischer Qualit\u00e4t und gro\u00dfer Offensivkraft beruht.<\/p>\n<p>Das T-Shirt ist aus einem leichten und luftigen Material gefertigt und der Schnitt in Gr\u00f6\u00dfe M entspricht den Standards der <strong>Adidas<\/strong>, die eine spezifische Anpassung an Produktionsprojekte bieten <strong>Adidas<\/strong> aus der Mitte der 1990er Jahre.<\/p>\n<p>F\u00fcr Sammler und Fans, die ein originales Heimtrikot suchen <strong>Bayern M\u00fcnchen<\/strong> z <strong>1995\/97<\/strong>, die die R\u00fcckkehr des Vereins in die europ\u00e4ische Spitzenklasse deutlich dokumentiert.<\/p>","protected":false},"featured_media":121146,"template":"","meta":{"_kad_blocks_custom_css":"","_kad_blocks_head_custom_js":"","_kad_blocks_body_custom_js":"","_kad_blocks_footer_custom_js":"","_kad_post_transparent":"default","_kad_post_title":"","_kad_post_layout":"default","_kad_post_sidebar_id":"","_kad_post_content_style":"default","_kad_post_vertical_padding":"default","_kad_post_feature":"","_kad_post_feature_position":"","_kad_post_header":false,"_kad_post_footer":false,"_kad_post_classname":""},"product_brand":[1283],"product_cat":[15,1455],"product_tag":[],"class_list":{"0":"post-120938","1":"product","2":"type-product","3":"status-publish","4":"has-post-thumbnail","6":"product_brand-adidas","7":"product_cat-bez-kategorii","8":"product_cat-kluby-niemieckie-fcbayernmonachium","9":"pa_homeawaythird-home","10":"pa_rozmiar-m","12":"first","13":"instock","14":"taxable","15":"shipping-taxable","16":"purchasable","17":"product-type-simple","18":"entry","19":"content-bg","20":"loop-entry"},"taxonomy_info":{"product_brand":[{"value":1283,"label":"Adidas"}],"product_cat":[{"value":15,"label":"Bez kategorii"},{"value":1455,"label":"FC Bayern Monachium"}],"pa_homeawaythird":[{"value":1597,"label":"Home"}],"pa_rozmiar":[{"value":1816,"label":"M"}]},"featured_image_src_large":["https:\/\/footballthrift.shop\/wp-content\/uploads\/2026\/03\/Photoroom_20260311_133252-1024x1024.jpg",1024,1024,true],"author_info":[],"comment_info":"","_links":{"self":[{"href":"https:\/\/footballthrift.shop\/de\/wp-json\/wp\/v2\/product\/120938","targetHints":{"allow":["GET"]}}],"collection":[{"href":"https:\/\/footballthrift.shop\/de\/wp-json\/wp\/v2\/product"}],"about":[{"href":"https:\/\/footballthrift.shop\/de\/wp-json\/wp\/v2\/types\/product"}],"wp:featuredmedia":[{"embeddable":true,"href":"https:\/\/footballthrift.shop\/de\/wp-json\/wp\/v2\/media\/121146"}],"wp:attachment":[{"href":"https:\/\/footballthrift.shop\/de\/wp-json\/wp\/v2\/media?parent=120938"}],"wp:term":[{"taxonomy":"product_brand","embeddable":true,"href":"https:\/\/footballthrift.shop\/de\/wp-json\/wp\/v2\/product_brand?post=120938"},{"taxonomy":"product_cat","embeddable":true,"href":"https:\/\/footballthrift.shop\/de\/wp-json\/wp\/v2\/product_cat?post=120938"},{"taxonomy":"product_tag","embeddable":true,"href":"https:\/\/footballthrift.shop\/de\/wp-json\/wp\/v2\/product_tag?post=120938"}],"curies":[{"name":"wp","href":"https:\/\/api.w.org\/{rel}","templated":true}]}}