{"id":120937,"date":"2026-03-15T17:59:27","date_gmt":"2026-03-15T16:59:27","guid":{"rendered":"https:\/\/footballthrift.shop\/?post_type=product&#038;p=120937"},"modified":"2026-03-15T17:59:27","modified_gmt":"2026-03-15T16:59:27","slug":"koszulka-pilkarska-fc-barcelona-1999-00-home-s","status":"publish","type":"product","link":"https:\/\/footballthrift.shop\/de\/koszulka-pilkarska-fc-barcelona-1999-00-home-s\/","title":{"rendered":"Koszulka pi\u0142karska FC Barcelona 1999\/00 Home [S]"},"content":{"rendered":"<p><strong>Verein:<\/strong> FC Barcelona<\/p>\n<p><strong>Saison:<\/strong> 1999\/00 Startseite<\/p>\n<p><strong>Gr\u00f6\u00dfe: <\/strong>S<\/p>\n<p><strong>Zustand:<\/strong> Sehr gut - ein paar kleine Stiche.<\/p>\n<p><strong>Ma\u00dfe (Achselbreite\/L\u00e4nge) in cm: <\/strong>48\/69<\/p>","protected":false},"excerpt":{"rendered":"<p><strong>Original FC Barcelona Heimtrikot aus der Saison 1999\/00 von Nike - 2011 neu aufgelegt.\u00a0<\/strong><\/p>\n<p>Heimmodell <strong>FC Barcelona aus der Saison 1999\/00<\/strong>hergestellt von <strong>Nike<\/strong> in Gr\u00f6\u00dfe S, ist eine zeitgem\u00e4\u00dfe Neuauflage des klassischen T-Shirts, das zur Feier des <strong>100 Jahre FC Barcelona<\/strong>. Die Kopie wurde neu aufgelegt in <strong>2011<\/strong> als Hommage an eines der markantesten Designs in der Geschichte des Clubs aus Camp Nou, das immer noch eines der bekanntesten und bei Sammlern begehrtesten Trikots ist.<\/p>\n<p>Das T-Shirt wurde in einem einzigartigen Farbschema hergestellt - die <strong>die rechte Seite des Hemdes ist rot<\/strong>, w\u00e4hrend <strong>links blau<\/strong>, mit Bezug auf die traditionellen Farben <strong>FC Barcelona<\/strong>. <strong>\u00c4rmel und Kragen in dunklen Farben<\/strong>, was dem Design einen eleganten und unverwechselbaren Charakter verleiht. Die Vorderseite zeigt <strong>Gedenkaufn\u00e4her zur Erinnerung an 100 Jahre FC Barcelona<\/strong>, w\u00e4hrend <strong>Wappen des FC Barcelona und Nike-Logo<\/strong> sind mittig und untereinander angeordnet, was ein sehr charakteristisches Element dieses Produktionsdesigns ist. <strong>Nike<\/strong>.<\/p>\n<p>Saison <strong>1999\/00<\/strong> war f\u00fcr <strong>FC Barcelona<\/strong> eine Zeit hoher Erwartungen und starken Wettbewerbs auf dem spanischen Markt <strong>La Liga<\/strong> und Europapokale. In der Mannschaft spielten damals einige der bekanntesten Fu\u00dfballer der Jahrhundertwende, darunter. <strong>Rivaldo<\/strong>, der die Offensive des Teams anf\u00fchrte, und <strong>Pep Guardiola<\/strong>, <strong>Luis Enrique<\/strong>, <strong>Patrick Kluivert<\/strong>, <strong>Philipp Cocu<\/strong> und <strong>Carles Puyol<\/strong>, die einen sehr starken Kader f\u00fcr den katalanischen Verein bildeten.<\/p>\n<p>Das T-Shirt ist aus einem leichten und luftigen Material gefertigt und der Schnitt in Gr\u00f6\u00dfe S entspricht den Standards der <strong>Nike<\/strong>, die eine spezifische Anpassung an Produktionsprojekte bieten <strong>Nike.<\/strong><\/p>\n<p>F\u00fcr Sammler und Fans, die ein originales Heimtrikot suchen <strong>FC Barcelona<\/strong> z <strong>Saison 1999\/00<\/strong>, ein deutliches Zeugnis einer Jubil\u00e4umsperiode in der Geschichte des Vereins und eines der erkennbarsten Projekte in der Vereinsgeschichte. <strong>FC Barcelona<\/strong>.<\/p>","protected":false},"featured_media":121137,"template":"","meta":{"_kad_blocks_custom_css":"","_kad_blocks_head_custom_js":"","_kad_blocks_body_custom_js":"","_kad_blocks_footer_custom_js":"","_kad_post_transparent":"default","_kad_post_title":"","_kad_post_layout":"default","_kad_post_sidebar_id":"","_kad_post_content_style":"default","_kad_post_vertical_padding":"default","_kad_post_feature":"","_kad_post_feature_position":"","_kad_post_header":false,"_kad_post_footer":false,"_kad_post_classname":""},"product_brand":[1284],"product_cat":[15,1448],"product_tag":[],"class_list":{"0":"post-120937","1":"product","2":"type-product","3":"status-publish","4":"has-post-thumbnail","6":"product_brand-nike","7":"product_cat-bez-kategorii","8":"product_cat-kluby-hiszpanskie-fcbarcelona","9":"pa_homeawaythird-home","10":"pa_rozmiar-s","12":"first","13":"instock","14":"taxable","15":"shipping-taxable","16":"purchasable","17":"product-type-simple","18":"entry","19":"content-bg","20":"loop-entry"},"taxonomy_info":{"product_brand":[{"value":1284,"label":"Nike"}],"product_cat":[{"value":15,"label":"Bez kategorii"},{"value":1448,"label":"FC Barcelona"}],"pa_homeawaythird":[{"value":1597,"label":"Home"}],"pa_rozmiar":[{"value":1815,"label":"S"}]},"featured_image_src_large":["https:\/\/footballthrift.shop\/wp-content\/uploads\/2026\/03\/Photoroom_20260311_132345-1024x1024.jpg",1024,1024,true],"author_info":[],"comment_info":"","_links":{"self":[{"href":"https:\/\/footballthrift.shop\/de\/wp-json\/wp\/v2\/product\/120937","targetHints":{"allow":["GET"]}}],"collection":[{"href":"https:\/\/footballthrift.shop\/de\/wp-json\/wp\/v2\/product"}],"about":[{"href":"https:\/\/footballthrift.shop\/de\/wp-json\/wp\/v2\/types\/product"}],"wp:featuredmedia":[{"embeddable":true,"href":"https:\/\/footballthrift.shop\/de\/wp-json\/wp\/v2\/media\/121137"}],"wp:attachment":[{"href":"https:\/\/footballthrift.shop\/de\/wp-json\/wp\/v2\/media?parent=120937"}],"wp:term":[{"taxonomy":"product_brand","embeddable":true,"href":"https:\/\/footballthrift.shop\/de\/wp-json\/wp\/v2\/product_brand?post=120937"},{"taxonomy":"product_cat","embeddable":true,"href":"https:\/\/footballthrift.shop\/de\/wp-json\/wp\/v2\/product_cat?post=120937"},{"taxonomy":"product_tag","embeddable":true,"href":"https:\/\/footballthrift.shop\/de\/wp-json\/wp\/v2\/product_tag?post=120937"}],"curies":[{"name":"wp","href":"https:\/\/api.w.org\/{rel}","templated":true}]}}