{"id":120933,"date":"2026-03-15T17:59:29","date_gmt":"2026-03-15T16:59:29","guid":{"rendered":"https:\/\/footballthrift.shop\/?post_type=product&#038;p=120933"},"modified":"2026-03-15T17:59:29","modified_gmt":"2026-03-15T16:59:29","slug":"koszulka-pilkarska-brazylia-1998-00-home-m","status":"publish","type":"product","link":"https:\/\/footballthrift.shop\/de\/koszulka-pilkarska-brazylia-1998-00-home-m\/","title":{"rendered":"Koszulka pi\u0142karska Brazylia 1998\/00 Home [M]"},"content":{"rendered":"<p><strong>Verein:<\/strong> Brasilien<\/p>\n<p><strong>Saison:<\/strong> 1998\/00 Heimat<\/p>\n<p><strong>Gr\u00f6\u00dfe: <\/strong>M<\/p>\n<p><strong>Zustand:<\/strong> S\u0142aby &#8211; jedna mikro plamka nad god\u0142em federacji oraz bardzo du\u017co zaci\u0105gni\u0119\u0107, w wi\u0119kszo\u015bci na plecach.<\/p>\n<p><strong>Ma\u00dfe (Achselbreite\/L\u00e4nge) in cm: <\/strong>55\/71<\/p>","protected":false},"excerpt":{"rendered":"<p><strong>Original 1998\/00 Heim-Fu\u00dfballtrikot der brasilianischen Nationalmannschaft von Nike.\u00a0<\/strong><\/p>\n<p>Heimmodell <strong>der brasilianischen Nationalmannschaft 1998\/00<\/strong>hergestellt von <strong>Nike<\/strong> in Gr\u00f6\u00dfe M, stammt aus einer Zeit, in der das Team von Canarinhos zur absoluten Weltspitze geh\u00f6rte. <strong>Brasilianische Nationalmannschaft<\/strong> in diesem Outfit w\u00e4hrend <strong>Weltmeisterschaft 1998<\/strong> in Frankreich, wo es als Titelverteidiger eines vier Jahre zuvor gewonnenen Titels in das Turnier ging.<\/p>\n<p>Das T-Shirt wurde hergestellt auf <strong>gelber Sockel<\/strong>, welches das am besten erkennbare Farbelement ist <strong>die brasilianische Nationalmannschaft<\/strong>. Das Projekt wird erg\u00e4nzt durch <strong>gr\u00fcne Borte an \u00c4rmeln und Kragen<\/strong>, die mit den dominierenden Farben des Trikots kontrastiert. Auf der Brust befindet sich das klassische Wappen der <strong>die brasilianische Nationalmannschaft<\/strong> und Logo <strong>Nike<\/strong>, w\u00e4hrend der untere Teil der Vorderseite mit <strong>Aufn\u00e4her in unverwechselbarer Gr\u00f6\u00dfe<\/strong>, typisch f\u00fcr Produktionsprojekte <strong>Nike<\/strong> aus den sp\u00e4ten 1990er Jahren.<\/p>\n<p>W\u00e4hrend <strong>Weltmeisterschaft 1998<\/strong> <strong>Brasilianische Nationalmannschaft<\/strong> bis ins Finale des Turniers vorstie\u00df. Zum Team geh\u00f6rten einige der gr\u00f6\u00dften Stars des Weltfu\u00dfballs, darunter. <strong>Ronaldo<\/strong>, <strong>Rivaldo<\/strong>, <strong>Bebeto<\/strong>, <strong>Roberto Carlos<\/strong>, <strong>Cafu<\/strong>, <strong>Dunga<\/strong> und <strong>Taffarel<\/strong>. Die Brasilianer beeindruckten mit ihrem Offensivspiel und ihrem gro\u00dfen individuellen Potenzial, mussten sich aber im Finale geschlagen geben. <strong>die franz\u00f6sische Nationalmannschaft<\/strong>, und gewann schlie\u00dflich eine Silbermedaille bei der Weltmeisterschaft.<\/p>\n<p>Das T-Shirt ist aus schwerem und robustem Material gefertigt und der Schnitt in Gr\u00f6\u00dfe M entspricht den Standards der <strong>Nike<\/strong>, mit klassischer Passform, die f\u00fcr das Produktionsdesign charakteristisch ist <strong>Nike<\/strong> aus den sp\u00e4ten 1990er Jahren.<\/p>\n<p>F\u00fcr Sammler und Fans, die ein originales Heimtrikot suchen <strong>die brasilianische Nationalmannschaft<\/strong> z <strong>1998\/00<\/strong>, der eine lesbare Aufzeichnung der Leistungen des Teams w\u00e4hrend des Wettbewerbs ist <strong>Weltmeisterschaft 1998<\/strong>.<\/p>","protected":false},"featured_media":121100,"template":"","meta":{"_kad_blocks_custom_css":"","_kad_blocks_head_custom_js":"","_kad_blocks_body_custom_js":"","_kad_blocks_footer_custom_js":"","_kad_post_transparent":"default","_kad_post_title":"","_kad_post_layout":"default","_kad_post_sidebar_id":"","_kad_post_content_style":"default","_kad_post_vertical_padding":"default","_kad_post_feature":"","_kad_post_feature_position":"","_kad_post_header":false,"_kad_post_footer":false,"_kad_post_classname":""},"product_brand":[1284],"product_cat":[15,1445],"product_tag":[],"class_list":{"0":"post-120933","1":"product","2":"type-product","3":"status-publish","4":"has-post-thumbnail","6":"product_brand-nike","7":"product_cat-bez-kategorii","8":"product_cat-brazylia","9":"pa_homeawaythird-home","10":"pa_rozmiar-m","12":"first","13":"instock","14":"taxable","15":"shipping-taxable","16":"purchasable","17":"product-type-simple","18":"entry","19":"content-bg","20":"loop-entry"},"taxonomy_info":{"product_brand":[{"value":1284,"label":"Nike"}],"product_cat":[{"value":15,"label":"Bez kategorii"},{"value":1445,"label":"Brazylia"}],"pa_homeawaythird":[{"value":1597,"label":"Home"}],"pa_rozmiar":[{"value":1816,"label":"M"}]},"featured_image_src_large":["https:\/\/footballthrift.shop\/wp-content\/uploads\/2026\/03\/Photoroom_20260311_132231-1024x1024.jpg",1024,1024,true],"author_info":[],"comment_info":"","_links":{"self":[{"href":"https:\/\/footballthrift.shop\/de\/wp-json\/wp\/v2\/product\/120933","targetHints":{"allow":["GET"]}}],"collection":[{"href":"https:\/\/footballthrift.shop\/de\/wp-json\/wp\/v2\/product"}],"about":[{"href":"https:\/\/footballthrift.shop\/de\/wp-json\/wp\/v2\/types\/product"}],"wp:featuredmedia":[{"embeddable":true,"href":"https:\/\/footballthrift.shop\/de\/wp-json\/wp\/v2\/media\/121100"}],"wp:attachment":[{"href":"https:\/\/footballthrift.shop\/de\/wp-json\/wp\/v2\/media?parent=120933"}],"wp:term":[{"taxonomy":"product_brand","embeddable":true,"href":"https:\/\/footballthrift.shop\/de\/wp-json\/wp\/v2\/product_brand?post=120933"},{"taxonomy":"product_cat","embeddable":true,"href":"https:\/\/footballthrift.shop\/de\/wp-json\/wp\/v2\/product_cat?post=120933"},{"taxonomy":"product_tag","embeddable":true,"href":"https:\/\/footballthrift.shop\/de\/wp-json\/wp\/v2\/product_tag?post=120933"}],"curies":[{"name":"wp","href":"https:\/\/api.w.org\/{rel}","templated":true}]}}