{"id":120932,"date":"2026-03-15T17:59:29","date_gmt":"2026-03-15T16:59:29","guid":{"rendered":"https:\/\/footballthrift.shop\/?post_type=product&#038;p=120932"},"modified":"2026-03-15T17:59:29","modified_gmt":"2026-03-15T16:59:29","slug":"koszulka-pilkarska-brazylia-2006-08-home-xl","status":"publish","type":"product","link":"https:\/\/footballthrift.shop\/de\/koszulka-pilkarska-brazylia-2006-08-home-xl\/","title":{"rendered":"Koszulka pi\u0142karska Brazylia 2006\/08 Home [XL]"},"content":{"rendered":"<p><strong>Verein:<\/strong> Brasilien<\/p>\n<p><strong>Saison:<\/strong> 2006\/08 Zuhause<\/p>\n<p><strong>Gr\u00f6\u00dfe: <\/strong>XL<\/p>\n<p><strong>Zustand:<\/strong> Sehr gut - ein paar kleine Stiche.<\/p>\n<p><strong>Ma\u00dfe (Achselbreite\/L\u00e4nge) in cm: <\/strong>56\/70<\/p>","protected":false},"excerpt":{"rendered":"<p><strong>Original 2006\/08 Heimtrikot der brasilianischen Nationalmannschaft von Nike.\u00a0<\/strong><\/p>\n<p>Heimmodell <strong>der brasilianischen Nationalmannschaft 2006\/08<\/strong>hergestellt von <strong>Nike<\/strong> in XL-Gr\u00f6\u00dfe, stammt aus der Zeit, als die Nationalmannschaft Canarinhos an der <strong>Weltmeisterschaften 2006<\/strong> als einer der Hauptfavoriten des Turniers. <strong>Brasilianische Nationalmannschaft<\/strong> war damals mit Weltstars des Fu\u00dfballs gespickt, und die Mannschaft verteidigte den vier Jahre zuvor gewonnenen Weltmeistertitel.<\/p>\n<p>Das T-Shirt wurde hergestellt auf <strong>gelber Sockel<\/strong>, welches das am besten erkennbare Farbelement ist <strong>die brasilianische Nationalmannschaft<\/strong>. Das Projekt wird erg\u00e4nzt durch <strong>gr\u00fcne Borte an Kragen und \u00c4rmeln<\/strong>, Diese kontrastieren mit den leuchtenden Farben des T-Shirts und betonen die nationale Symbolik. Wappen <strong>die brasilianische Nationalmannschaft<\/strong> und Logo <strong>Nike<\/strong> ist klassisch auf der Brust platziert, wobei die einfache und elegante Komposition beibehalten wird, die f\u00fcr die Produktionsdesigns charakteristisch ist. <strong>Nike<\/strong> aus der Mitte des ersten Jahrzehnts des 21. Jahrhunderts.<\/p>\n<p>W\u00e4hrend <strong>Fu\u00dfballweltmeisterschaft 2006 in Deutschland<\/strong> <strong>Brasilianische Nationalmannschaft<\/strong> war einer der Hauptanw\u00e4rter auf die Troph\u00e4e, beendete das Turnier jedoch im Viertelfinale, nachdem er gegen <strong>die franz\u00f6sische Nationalmannschaft<\/strong>. Zum Team geh\u00f6rten damals einige der gr\u00f6\u00dften Stars des Weltfu\u00dfballs, darunter. <strong>Ronaldinho<\/strong>, <strong>Ronaldo<\/strong>, <strong>Kak\u00e1<\/strong>, <strong>Adriano<\/strong>, <strong>Roberto Carlos<\/strong>, <strong>Cafu<\/strong> und <strong>Dida<\/strong>, die eine \u00e4u\u00dferst offensive und technisch hervorragende Generation von brasilianischen Fu\u00dfballspielern bildeten.<\/p>\n<p>Das T-Shirt ist aus leichtem und atmungsaktivem Material gefertigt und der Schnitt in Gr\u00f6\u00dfe XL entspricht den Standards der <strong>Nike<\/strong>, mit klassischer Passform, die f\u00fcr das Produktionsdesign charakteristisch ist <strong>Nike<\/strong> aus dieser Zeit.<\/p>\n<p>F\u00fcr Sammler und Fans, die ein originales Heimtrikot suchen <strong>die brasilianische Nationalmannschaft<\/strong> z <strong>2006\/08<\/strong>, der eine lesbare Aufzeichnung der Leistungen des Teams w\u00e4hrend des Wettbewerbs ist <strong>Weltmeisterschaften 2006<\/strong>.<\/p>","protected":false},"featured_media":121091,"template":"","meta":{"_kad_blocks_custom_css":"","_kad_blocks_head_custom_js":"","_kad_blocks_body_custom_js":"","_kad_blocks_footer_custom_js":"","_kad_post_transparent":"default","_kad_post_title":"","_kad_post_layout":"default","_kad_post_sidebar_id":"","_kad_post_content_style":"default","_kad_post_vertical_padding":"default","_kad_post_feature":"","_kad_post_feature_position":"","_kad_post_header":false,"_kad_post_footer":false,"_kad_post_classname":""},"product_brand":[1284],"product_cat":[15,1445],"product_tag":[],"class_list":{"0":"post-120932","1":"product","2":"type-product","3":"status-publish","4":"has-post-thumbnail","6":"product_brand-nike","7":"product_cat-bez-kategorii","8":"product_cat-brazylia","9":"pa_homeawaythird-home","10":"pa_rozmiar-xl","12":"first","13":"instock","14":"taxable","15":"shipping-taxable","16":"purchasable","17":"product-type-simple","18":"entry","19":"content-bg","20":"loop-entry"},"taxonomy_info":{"product_brand":[{"value":1284,"label":"Nike"}],"product_cat":[{"value":15,"label":"Bez kategorii"},{"value":1445,"label":"Brazylia"}],"pa_homeawaythird":[{"value":1597,"label":"Home"}],"pa_rozmiar":[{"value":1818,"label":"XL"}]},"featured_image_src_large":["https:\/\/footballthrift.shop\/wp-content\/uploads\/2026\/03\/Photoroom_20260311_132304-1024x1024.jpg",1024,1024,true],"author_info":[],"comment_info":"","_links":{"self":[{"href":"https:\/\/footballthrift.shop\/de\/wp-json\/wp\/v2\/product\/120932","targetHints":{"allow":["GET"]}}],"collection":[{"href":"https:\/\/footballthrift.shop\/de\/wp-json\/wp\/v2\/product"}],"about":[{"href":"https:\/\/footballthrift.shop\/de\/wp-json\/wp\/v2\/types\/product"}],"wp:featuredmedia":[{"embeddable":true,"href":"https:\/\/footballthrift.shop\/de\/wp-json\/wp\/v2\/media\/121091"}],"wp:attachment":[{"href":"https:\/\/footballthrift.shop\/de\/wp-json\/wp\/v2\/media?parent=120932"}],"wp:term":[{"taxonomy":"product_brand","embeddable":true,"href":"https:\/\/footballthrift.shop\/de\/wp-json\/wp\/v2\/product_brand?post=120932"},{"taxonomy":"product_cat","embeddable":true,"href":"https:\/\/footballthrift.shop\/de\/wp-json\/wp\/v2\/product_cat?post=120932"},{"taxonomy":"product_tag","embeddable":true,"href":"https:\/\/footballthrift.shop\/de\/wp-json\/wp\/v2\/product_tag?post=120932"}],"curies":[{"name":"wp","href":"https:\/\/api.w.org\/{rel}","templated":true}]}}