{"id":120930,"date":"2026-03-15T17:59:20","date_gmt":"2026-03-15T16:59:20","guid":{"rendered":"https:\/\/footballthrift.shop\/?post_type=product&#038;p=120930"},"modified":"2026-03-15T17:59:20","modified_gmt":"2026-03-15T16:59:20","slug":"borussia-dortmund-fusball-trikot-2005-06-heim-25-sahin-xxl","status":"publish","type":"product","link":"https:\/\/footballthrift.shop\/de\/koszulka-pilkarska-borussia-dortmund-2005-06-home-25-sahin-xxl\/","title":{"rendered":"Koszulka pi\u0142karska Borussia Dortmund 2005\/06 Home 25 Sahin [XXL]"},"content":{"rendered":"<p><strong>Verein:<\/strong> Borussia Dortmund<\/p>\n<p><strong>Saison:<\/strong> 2005\/06 Heim<\/p>\n<p><strong>Gr\u00f6\u00dfe: <\/strong>XXL<\/p>\n<p><strong>Zustand:<\/strong> Sehr gut \u2013 ein kleiner Fleck.<\/p>\n<p><strong>Ma\u00dfe (Achselbreite\/L\u00e4nge) in cm: <\/strong>63\/78 (vorne), 85 (hinten)<\/p>","protected":false},"excerpt":{"rendered":"<p><strong>Original Borussia Dortmund Heimtrikot aus der Saison 2005\/06 von Nike, bedruckt von Nuri \u015eahin.\u00a0<\/strong><\/p>\n<p>Heimmodell <strong>Borussia Dortmund ab der Saison 2005\/06<\/strong>hergestellt von <strong>Nike<\/strong> im XXL-Format, stammt aus der Zeit des sportlichen Wiederaufbaus des Vereins nach den schwierigeren Jahren zu Beginn des 21. Jahrhunderts. <strong>Borussia Dortmund<\/strong> war damals im Wettbewerb in <strong>Bundesliga<\/strong>, Er versucht, allm\u00e4hlich wieder in den Kampf um die h\u00f6chsten Ziele im deutschen Fu\u00dfball einzusteigen.<\/p>\n<p>Das T-Shirt wurde hergestellt auf <strong>gelber Sockel<\/strong>, das ist das Symbol f\u00fcr Farben <strong>Borussia Dortmund<\/strong>. Durch die Mitte der Fassade verl\u00e4uft <strong>vertikaler schwarzer Streifen<\/strong>, mit Platz in der Mitte f\u00fcr den Aufdruck des Sponsors <strong>E.ON<\/strong>. Auf dem \u00c4rmel befindet sich ein <strong>Bundesliga-Patch<\/strong>, w\u00e4hrend das Wappen <strong>Borussia Dortmund<\/strong> und Logo <strong>Nike<\/strong> ist klassisch auf der Brust platziert, wobei die f\u00fcr das Produktionsdesign charakteristische einfache Komposition beibehalten wird. <strong>Nike<\/strong> aus der Mitte des ersten Jahrzehnts des 21. Jahrhunderts.<\/p>\n<p>Auf der R\u00fcckseite befindet sich ein origineller Aufdruck. <strong>Nuri \u015eahin<\/strong>, einer der talentiertesten Alumni <strong>Borussia Dortmund<\/strong>. Der t\u00fcrkische Mittelfeldspieler hat bereits als Teenager Geschichte geschrieben <strong>Bundesliga<\/strong>, der sein Deb\u00fct in den Farben der <strong>Borussia Dortmund<\/strong> in sehr jungen Jahren und wurde schnell zu einem Symbol f\u00fcr die Akademie des Vereins. In den folgenden Jahren <strong>Nuri \u015eahin<\/strong> Er entwickelte sich zu einem der Schl\u00fcsselspieler der Mannschaft und gewann in der Saison 2010\/11 mit dem Verein die deutsche Meisterschaft, bevor er zu <strong>Real Madrid<\/strong>.<\/p>\n<p>W\u00e4hrend der Saison <strong>2005\/06<\/strong> Farben <strong>Borussia Dortmund<\/strong> ebenfalls vertreten, unter anderem. <strong>Tom\u00e1\u0161 Rosick\u00fd<\/strong>, <strong>Jan Koller<\/strong>, <strong>Ebi Smolarek<\/strong>, <strong>Christian W\u00f6rns<\/strong> und <strong>Roman Weidenfeller<\/strong>, die den Kern der Mannschaft bildeten, die an der <strong>Bundesliga<\/strong>.<\/p>\n<p>Das T-Shirt ist aus einem leichten und luftigen Material gefertigt und der XXL-Schnitt entspricht den Standards der <strong>Nike<\/strong>, mit klassischer Passform, die f\u00fcr das Produktionsdesign charakteristisch ist <strong>Nike<\/strong> aus dieser Zeit.<\/p>\n<p>F\u00fcr Sammler und Fans, die ein originales Heimtrikot suchen <strong>Borussia Dortmund<\/strong> z <strong>Saison 2005\/06<\/strong>, die die Anf\u00e4nge der Karriere von <strong>Nuri \u015eahin<\/strong> in den Farben des Vereins.<\/p>","protected":false},"featured_media":121255,"template":"","meta":{"_kad_blocks_custom_css":"","_kad_blocks_head_custom_js":"","_kad_blocks_body_custom_js":"","_kad_blocks_footer_custom_js":"","_kad_post_transparent":"default","_kad_post_title":"","_kad_post_layout":"default","_kad_post_sidebar_id":"","_kad_post_content_style":"default","_kad_post_vertical_padding":"default","_kad_post_feature":"","_kad_post_feature_position":"","_kad_post_header":false,"_kad_post_footer":false,"_kad_post_classname":""},"product_brand":[1284],"product_cat":[15,1438],"product_tag":[],"class_list":{"0":"post-120930","1":"product","2":"type-product","3":"status-publish","4":"has-post-thumbnail","6":"product_brand-nike","7":"product_cat-bez-kategorii","8":"product_cat-kluby-niemieckie-borussiadortmund","9":"pa_homeawaythird-home","10":"pa_rozmiar-xxl","12":"first","13":"instock","14":"taxable","15":"shipping-taxable","16":"purchasable","17":"product-type-simple","18":"entry","19":"content-bg","20":"loop-entry"},"taxonomy_info":{"product_brand":[{"value":1284,"label":"Nike"}],"product_cat":[{"value":15,"label":"Bez kategorii"},{"value":1438,"label":"Borussia Dortmund"}],"pa_homeawaythird":[{"value":1597,"label":"Home"}],"pa_rozmiar":[{"value":1819,"label":"XXL"}]},"featured_image_src_large":["https:\/\/footballthrift.shop\/wp-content\/uploads\/2026\/03\/Photoroom_20260311_132211-1024x1024.jpg",1024,1024,true],"author_info":[],"comment_info":"","_links":{"self":[{"href":"https:\/\/footballthrift.shop\/de\/wp-json\/wp\/v2\/product\/120930","targetHints":{"allow":["GET"]}}],"collection":[{"href":"https:\/\/footballthrift.shop\/de\/wp-json\/wp\/v2\/product"}],"about":[{"href":"https:\/\/footballthrift.shop\/de\/wp-json\/wp\/v2\/types\/product"}],"wp:featuredmedia":[{"embeddable":true,"href":"https:\/\/footballthrift.shop\/de\/wp-json\/wp\/v2\/media\/121255"}],"wp:attachment":[{"href":"https:\/\/footballthrift.shop\/de\/wp-json\/wp\/v2\/media?parent=120930"}],"wp:term":[{"taxonomy":"product_brand","embeddable":true,"href":"https:\/\/footballthrift.shop\/de\/wp-json\/wp\/v2\/product_brand?post=120930"},{"taxonomy":"product_cat","embeddable":true,"href":"https:\/\/footballthrift.shop\/de\/wp-json\/wp\/v2\/product_cat?post=120930"},{"taxonomy":"product_tag","embeddable":true,"href":"https:\/\/footballthrift.shop\/de\/wp-json\/wp\/v2\/product_tag?post=120930"}],"curies":[{"name":"wp","href":"https:\/\/api.w.org\/{rel}","templated":true}]}}