{"id":120929,"date":"2026-03-15T17:59:21","date_gmt":"2026-03-15T16:59:21","guid":{"rendered":"https:\/\/footballthrift.shop\/?post_type=product&#038;p=120929"},"modified":"2026-03-15T17:59:21","modified_gmt":"2026-03-15T16:59:21","slug":"koszulka-pilkarska-borussia-dortmund-2017-18-away-xxl","status":"publish","type":"product","link":"https:\/\/footballthrift.shop\/de\/koszulka-pilkarska-borussia-dortmund-2017-18-away-xxl\/","title":{"rendered":"Koszulka pi\u0142karska Borussia Dortmund 2017\/18 Away [XXL]"},"content":{"rendered":"<p><strong>Verein:<\/strong> Borussia Dortmund<\/p>\n<p><strong>Saison:<\/strong> 2017\/18 Ausw\u00e4rts<\/p>\n<p><strong>Gr\u00f6\u00dfe: <\/strong>XXL<\/p>\n<p><strong>Zustand:<\/strong> Dobry &#8211; zmechacony materia\u0142 na r\u0119kawku, uszkodzone nalepki.<\/p>\n<p><strong>Ma\u00dfe (Achselbreite\/L\u00e4nge) in cm: <\/strong>57\/76(prz\u00f3d), 83(ty\u0142)<\/p>","protected":false},"excerpt":{"rendered":"<p data-start=\"0\" data-end=\"94\"><strong data-start=\"0\" data-end=\"94\">Original Borussia Dortmund Ausw\u00e4rtstrikot aus der Saison 2017\/18 von Puma.\u00a0<\/strong><\/p>\n<p data-start=\"96\" data-end=\"483\">Ausw\u00e4rtsmodell\u00a0<strong data-start=\"112\" data-end=\"153\"><span class=\"hover:entity-accent entity-underline inline cursor-pointer align-baseline\"><span class=\"whitespace-normal\">Borussia Dortmund<\/span><\/span><\/strong>\u00a0z\u00a0<strong data-start=\"156\" data-end=\"174\">Saison 2017\/18<\/strong>hergestellt von\u00a0<strong data-start=\"196\" data-end=\"237\"><span class=\"hover:entity-accent entity-underline inline cursor-pointer align-baseline\"><span class=\"whitespace-normal\">Puma<\/span><\/span><\/strong>\u00a0w\u00a0<strong data-start=\"240\" data-end=\"257\">Gr\u00f6\u00dfe XXL<\/strong>, Der Verein blickt auf eine Saison voller sportlicher Kontraste und deutlicher Ver\u00e4nderungen in der Mannschaftsstruktur zur\u00fcck. Es war eine Saison, in der die Borussia sehr vielversprechend in die Spiele startete, um dann im Laufe der Zeit in eine Phase der Instabilit\u00e4t und der personellen Ver\u00e4nderungen zu geraten.<\/p>\n<p data-start=\"485\" data-end=\"945\">Das T-Shirt wurde hergestellt auf\u00a0<strong data-start=\"519\" data-end=\"536\">schwarzer Sockel<\/strong>, das ist die klassische Ausw\u00e4rtsversion von Borussia Dortmund. Die markantesten Elemente des Designs sind\u00a0<strong data-start=\"650\" data-end=\"678\">gelbe Streifen an den \u00c4rmeln<\/strong>, die\u00a0<strong data-start=\"686\" data-end=\"707\">zu den Seiten hin verblassen<\/strong>, Dadurch entsteht ein dynamischer Verlaufseffekt \u00fcber die gesamte L\u00e4nge des \u00c4rmels. Auf der Vorderseite befindet sich ein zentraler Sponsorenaufdruck.\u00a0<strong data-start=\"820\" data-end=\"830\">Evonik<\/strong>, Sie hebt sich deutlich von dem dunklen Hintergrund ab und weist das Modell eindeutig dieser F\u00f6rderperiode zu.<\/p>\n<p data-start=\"947\" data-end=\"1313\"><strong data-start=\"947\" data-end=\"964\">Saison 2017\/18<\/strong>\u00a0war f\u00fcr\u00a0<strong data-start=\"973\" data-end=\"994\">Borussia Dortmund<\/strong>\u00a0herausfordernd und bahnbrechend. Die Mannschaft startete mit einer gro\u00dfen Siegesserie in den Wettbewerb, doch im weiteren Verlauf der Saison schwankte die Form deutlich, was zu Ver\u00e4nderungen auf der Trainerbank f\u00fchrte. Am Ende beendete der BVB die Liga auf\u00a0<strong data-start=\"1223\" data-end=\"1254\">Vierter Platz in der Bundesliga<\/strong>, und sicherte sich damit die Teilnahme an der n\u00e4chsten Ausgabe der Champions League.<\/p>\n<p data-start=\"1315\" data-end=\"1742\">In dieser Jahreszeit sind die Farben\u00a0<strong data-start=\"1338\" data-end=\"1359\">Borussia Dortmund<\/strong>\u00a0repr\u00e4sentierten Spieler, die den Kern der Mannschaft bildeten und eine \u00dcbergangsphase in der Vereinsgeschichte symbolisierten, darunter.\u00a0<strong data-start=\"1474\" data-end=\"1515\"><span class=\"hover:entity-accent entity-underline inline cursor-pointer align-baseline\"><span class=\"whitespace-normal\">Marco Reus<\/span><\/span><\/strong>,\u00a0<strong data-start=\"1517\" data-end=\"1558\"><span class=\"hover:entity-accent entity-underline inline cursor-pointer align-baseline\"><span class=\"whitespace-normal\">Pierre-Emerick Aubameyang<\/span><\/span><\/strong>,\u00a0<strong data-start=\"1560\" data-end=\"1601\"><span class=\"hover:entity-accent entity-underline inline cursor-pointer align-baseline\"><span class=\"whitespace-normal\">Christian Pulisic<\/span><\/span><\/strong>,\u00a0<strong data-start=\"1603\" data-end=\"1644\"><span class=\"hover:entity-accent entity-underline inline cursor-pointer align-baseline\"><span class=\"whitespace-normal\">Julian Weigl<\/span><\/span><\/strong>\u00a0und\u00a0<strong data-start=\"1650\" data-end=\"1691\"><span class=\"hover:entity-accent entity-underline inline cursor-pointer align-baseline\"><span class=\"whitespace-normal\">Lukasz Piszczek<\/span><\/span><\/strong>, und ein Team zu bilden, das Erfahrung und Jugend miteinander verbindet.<\/p>\n<p data-start=\"1744\" data-end=\"1921\">Das T-Shirt ist hergestellt aus\u00a0<strong data-start=\"1772\" data-end=\"1809\">leichtes und luftiges Material<\/strong>, a\u00a0<strong data-start=\"1813\" data-end=\"1829\">breiter Schnitt<\/strong>\u00a0w\u00a0<strong data-start=\"1832\" data-end=\"1849\">Gr\u00f6\u00dfe XXL<\/strong>\u00a0bietet eine entspannte, klassische Passform im Einklang mit den Normen\u00a0<strong data-start=\"1912\" data-end=\"1920\">Pumas<\/strong>.<\/p>\n<p data-start=\"1923\" data-end=\"2198\" data-is-last-node=\"\" data-is-only-node=\"\">Es ist ein Angebot f\u00fcr Sammler und Fans, die ein Original\u00a0<strong data-start=\"1994\" data-end=\"2064\">Das Ausw\u00e4rtstrikot von Borussia Dortmund aus der Saison 2017\/18<\/strong>, Der Bericht ist ein klares Zeugnis einer Saison des Wandels, des Ehrgeizes und des sportlichen Umbaus bei einem der markantesten Vereine der Bundesliga.<\/p>","protected":false},"featured_media":121246,"template":"","meta":{"_kad_blocks_custom_css":"","_kad_blocks_head_custom_js":"","_kad_blocks_body_custom_js":"","_kad_blocks_footer_custom_js":"","_kad_post_transparent":"default","_kad_post_title":"","_kad_post_layout":"default","_kad_post_sidebar_id":"","_kad_post_content_style":"default","_kad_post_vertical_padding":"default","_kad_post_feature":"","_kad_post_feature_position":"","_kad_post_header":false,"_kad_post_footer":false,"_kad_post_classname":""},"product_brand":[1287],"product_cat":[15,1438],"product_tag":[],"class_list":{"0":"post-120929","1":"product","2":"type-product","3":"status-publish","4":"has-post-thumbnail","6":"product_brand-puma","7":"product_cat-bez-kategorii","8":"product_cat-kluby-niemieckie-borussiadortmund","9":"pa_homeawaythird-away","10":"pa_rozmiar-xxl","12":"first","13":"instock","14":"taxable","15":"shipping-taxable","16":"purchasable","17":"product-type-simple","18":"entry","19":"content-bg","20":"loop-entry"},"taxonomy_info":{"product_brand":[{"value":1287,"label":"Puma"}],"product_cat":[{"value":15,"label":"Bez kategorii"},{"value":1438,"label":"Borussia Dortmund"}],"pa_homeawaythird":[{"value":1598,"label":"Away"}],"pa_rozmiar":[{"value":1819,"label":"XXL"}]},"featured_image_src_large":["https:\/\/footballthrift.shop\/wp-content\/uploads\/2026\/03\/Photoroom_20260311_133053-1024x1024.jpg",1024,1024,true],"author_info":[],"comment_info":"","_links":{"self":[{"href":"https:\/\/footballthrift.shop\/de\/wp-json\/wp\/v2\/product\/120929","targetHints":{"allow":["GET"]}}],"collection":[{"href":"https:\/\/footballthrift.shop\/de\/wp-json\/wp\/v2\/product"}],"about":[{"href":"https:\/\/footballthrift.shop\/de\/wp-json\/wp\/v2\/types\/product"}],"wp:featuredmedia":[{"embeddable":true,"href":"https:\/\/footballthrift.shop\/de\/wp-json\/wp\/v2\/media\/121246"}],"wp:attachment":[{"href":"https:\/\/footballthrift.shop\/de\/wp-json\/wp\/v2\/media?parent=120929"}],"wp:term":[{"taxonomy":"product_brand","embeddable":true,"href":"https:\/\/footballthrift.shop\/de\/wp-json\/wp\/v2\/product_brand?post=120929"},{"taxonomy":"product_cat","embeddable":true,"href":"https:\/\/footballthrift.shop\/de\/wp-json\/wp\/v2\/product_cat?post=120929"},{"taxonomy":"product_tag","embeddable":true,"href":"https:\/\/footballthrift.shop\/de\/wp-json\/wp\/v2\/product_tag?post=120929"}],"curies":[{"name":"wp","href":"https:\/\/api.w.org\/{rel}","templated":true}]}}