{"id":120928,"date":"2026-03-15T17:59:21","date_gmt":"2026-03-15T16:59:21","guid":{"rendered":"https:\/\/footballthrift.shop\/?post_type=product&#038;p=120928"},"modified":"2026-03-15T17:59:21","modified_gmt":"2026-03-15T16:59:21","slug":"baumwollhemd-aston-villa-2021-22-xl","status":"publish","type":"product","link":"https:\/\/footballthrift.shop\/de\/koszulka-bawelniana-aston-villa-2021-22-xl\/","title":{"rendered":"Koszulka bawe\u0142niana Aston Villa 2021\/22 [XL]"},"content":{"rendered":"<p><strong>Verein:<\/strong> Aston Villa<\/p>\n<p><strong>Saison:<\/strong> 2021\/22<\/p>\n<p><strong>Gr\u00f6\u00dfe: <\/strong>XL<\/p>\n<p><strong>Zustand:<\/strong> Ausgezeichnet<\/p>\n<p><strong>Ma\u00dfe (Achselbreite\/L\u00e4nge) in cm: <\/strong>56\/73<\/p>","protected":false},"excerpt":{"rendered":"<p><strong>Original Aston Villa Baumwollshirt aus der Saison 2021\/22 von Kappa.\u00a0<\/strong><\/p>\n<p>Modell <strong>Aston Villa ab der Saison 2021\/22<\/strong>hergestellt von <strong>Kappa<\/strong> XL-Gr\u00f6\u00dfe, die auf die kontinuierliche Teilnahme des Vereins an diesem Wettbewerb zur\u00fcckgeht <strong>Erste Liga<\/strong>. <strong>Aston Villa<\/strong> und baute dann eine Mannschaft auf, die im Mittelfeld der englischen Liga mitspielen konnte, wobei er auf eine Mischung aus erfahrenen Spielern und jungen Spielern setzte, die ihre Karriere im Villa Park fortsetzten.<\/p>\n<p>Das T-Shirt wurde hergestellt auf <strong>blaue Basis<\/strong>die erg\u00e4nzt werden durch <strong>burgunderrote Eins\u00e4tze an den \u00c4rmeln<\/strong>, mit Verweisen auf traditionelle Farben <strong>Aston Villa<\/strong>. Die \u00c4rmel sind au\u00dferdem mit <strong>Streifen mit wiederholten Kappa-Logos<\/strong>, Merkmal der Produktionsprojekte <strong>Kappy<\/strong> aus dieser Zeit. Wappen <strong>Aston Villa<\/strong> und Logo <strong>Kappy<\/strong> in klassischer Weise auf der Vorderseite des T-Shirts angeordnet.<\/p>\n<p>W\u00e4hrend der Saison <strong>2021\/22<\/strong> Farben <strong>Aston Villa<\/strong> vertreten u.a. durch. <strong>Ollie Watkins<\/strong>, <strong>John McGinn<\/strong>, <strong>Emiliano Mart\u00ednez<\/strong>, <strong>Matty Cash<\/strong>, <strong>Tyrone Mings<\/strong> und <strong>Philippe Coutinho<\/strong>, die den Kern der Mannschaft bildeten, die an der <strong>Erste Liga<\/strong>.<\/p>\n<p>Das T-Shirt ist hergestellt aus <strong>aus Baumwollgewebe<\/strong>, und der Schnitt in der Gr\u00f6\u00dfe XL entspricht dem Standard <strong>Kappy<\/strong>, mit der f\u00fcr Produktionskleidung charakteristischen bequemen Passform <strong>Kappy<\/strong>.<\/p>\n<p>F\u00fcr Sammler und Fans, die ein originales Baumwolltrikot suchen <strong>Aston Villa<\/strong> z <strong>Saison 2021\/22<\/strong>, die einen klaren \u00dcberblick \u00fcber die gegenw\u00e4rtige Leistungsperiode des Clubs in <strong>Erste Liga<\/strong>.<\/p>","protected":false},"featured_media":121239,"template":"","meta":{"_kad_blocks_custom_css":"","_kad_blocks_head_custom_js":"","_kad_blocks_body_custom_js":"","_kad_blocks_footer_custom_js":"","_kad_post_transparent":"default","_kad_post_title":"","_kad_post_layout":"default","_kad_post_sidebar_id":"","_kad_post_content_style":"default","_kad_post_vertical_padding":"default","_kad_post_feature":"","_kad_post_feature_position":"","_kad_post_header":false,"_kad_post_footer":false,"_kad_post_classname":""},"product_brand":[1290],"product_cat":[2030,15,1423],"product_tag":[],"class_list":{"0":"post-120928","1":"product","2":"type-product","3":"status-publish","4":"has-post-thumbnail","6":"product_brand-kappa","7":"product_cat-aston-villa","8":"product_cat-bez-kategorii","9":"product_cat-kurtkibluzytrening","10":"pa_rozmiar-xl","12":"first","13":"instock","14":"taxable","15":"shipping-taxable","16":"purchasable","17":"product-type-simple","18":"entry","19":"content-bg","20":"loop-entry"},"taxonomy_info":{"product_brand":[{"value":1290,"label":"Kappa"}],"product_cat":[{"value":2030,"label":"Aston Villa"},{"value":15,"label":"Bez kategorii"},{"value":1423,"label":"Kurtki\/bluzy\/trening"}],"pa_rozmiar":[{"value":1818,"label":"XL"}]},"featured_image_src_large":["https:\/\/footballthrift.shop\/wp-content\/uploads\/2026\/03\/Photoroom_20260311_131824-1024x1024.jpg",1024,1024,true],"author_info":[],"comment_info":"","_links":{"self":[{"href":"https:\/\/footballthrift.shop\/de\/wp-json\/wp\/v2\/product\/120928","targetHints":{"allow":["GET"]}}],"collection":[{"href":"https:\/\/footballthrift.shop\/de\/wp-json\/wp\/v2\/product"}],"about":[{"href":"https:\/\/footballthrift.shop\/de\/wp-json\/wp\/v2\/types\/product"}],"wp:featuredmedia":[{"embeddable":true,"href":"https:\/\/footballthrift.shop\/de\/wp-json\/wp\/v2\/media\/121239"}],"wp:attachment":[{"href":"https:\/\/footballthrift.shop\/de\/wp-json\/wp\/v2\/media?parent=120928"}],"wp:term":[{"taxonomy":"product_brand","embeddable":true,"href":"https:\/\/footballthrift.shop\/de\/wp-json\/wp\/v2\/product_brand?post=120928"},{"taxonomy":"product_cat","embeddable":true,"href":"https:\/\/footballthrift.shop\/de\/wp-json\/wp\/v2\/product_cat?post=120928"},{"taxonomy":"product_tag","embeddable":true,"href":"https:\/\/footballthrift.shop\/de\/wp-json\/wp\/v2\/product_tag?post=120928"}],"curies":[{"name":"wp","href":"https:\/\/api.w.org\/{rel}","templated":true}]}}