{"id":120927,"date":"2026-03-15T17:59:22","date_gmt":"2026-03-15T16:59:22","guid":{"rendered":"https:\/\/footballthrift.shop\/?post_type=product&#038;p=120927"},"modified":"2026-03-15T17:59:22","modified_gmt":"2026-03-15T16:59:22","slug":"koszulka-pilkarska-anglia-2020-22-home-7-sterling-m","status":"publish","type":"product","link":"https:\/\/footballthrift.shop\/de\/koszulka-pilkarska-anglia-2020-22-home-7-sterling-m\/","title":{"rendered":"Koszulka pi\u0142karska Anglia 2020\/22 Home 7 Sterling [M]"},"content":{"rendered":"<p><strong>Verein:<\/strong> England<\/p>\n<p><strong>Saison:<\/strong> 2020\/22 Startseite<\/p>\n<p><strong>Gr\u00f6\u00dfe: <\/strong>M<\/p>\n<p><strong>Zustand:<\/strong> S\u0142aby &#8211; znaczna liczba mikro zaci\u0105gni\u0119\u0107 oraz zszarza\u0142y materia\u0142.<\/p>\n<p><strong>Ma\u00dfe (Achselbreite\/L\u00e4nge) in cm: <\/strong>52\/70<\/p>","protected":false},"excerpt":{"rendered":"<p><strong>Original 2020\/22 Heimtrikot der englischen Nationalmannschaft von Nike, bedruckt mit Raheem Sterling.\u00a0<\/strong><\/p>\n<p>Heimmodell <strong>der englischen Nationalmannschaft in der Saison 2020\/22<\/strong>hergestellt von <strong>Nike<\/strong> in Gr\u00f6\u00dfe M, stammt aus der Zeit eines der besten Turniere in der Geschichte des modernen Sons of Albion-Teams. <strong>Englische Nationalmannschaft<\/strong> in diesem Outfit w\u00e4hrend <strong>Europameisterschaften 2020<\/strong>, im Jahr 2021, wo die Mannschaft bis ins Finale des Turniers vorstie\u00df.<\/p>\n<p>Das T-Shirt wurde hergestellt auf <strong>wei\u00dfer Sockel<\/strong>, die die traditionelle Farbe ist <strong>Englische Nationalmannschaft<\/strong>. Das Projekt wird erg\u00e4nzt durch <strong>marineblaue und rote Kragenbes\u00e4tze<\/strong> und <strong>Seitenteile des Trikots<\/strong>, die sich auf die Landesfarben beziehen und dem Projekt einen dynamischen Charakter verleihen. Wappen <strong>Englische Nationalmannschaft<\/strong> und Logo <strong>Nike<\/strong> klassisch auf der Brust angeordnet, unter Beibehaltung des f\u00fcr die Produktionsdesigns typischen minimalistischen Layouts <strong>Nike<\/strong> des fr\u00fchen dritten Jahrzehnts des 21. Jahrhunderts.<\/p>\n<p>Auf der R\u00fcckseite befindet sich ein origineller Aufdruck. <strong>Raheem Sterling<\/strong>, einer der wichtigsten Offensivspieler <strong>Englische Nationalmannschaft<\/strong> w\u00e4hrend dieser Zeit. Der Fl\u00fcgelst\u00fcrmer war eine der wichtigsten Figuren der Mannschaft w\u00e4hrend der <strong>Europameisterschaften 2020<\/strong>, Er schoss mehrere wichtige Tore und f\u00fchrte die Mannschaft zu einem historischen Finale des Turniers.<\/p>\n<p>Bestehend aus <strong>Englische Nationalmannschaft<\/strong> ebenfalls zu dieser Zeit auftrat. <strong>Harry Kane<\/strong>, <strong>Phil Foden<\/strong>, <strong>Bukayo Saka<\/strong>, <strong>Jordanien Henderson<\/strong>, <strong>Kyle Walker<\/strong> und <strong>John Stones<\/strong>, die im 21. Jahrhundert eine der st\u00e4rksten Generationen der englischen Mannschaft bildeten.<\/p>\n<p>Das T-Shirt ist aus einem leichten und luftigen Material gefertigt und der Schnitt in Gr\u00f6\u00dfe M entspricht den Standards der <strong>Nike<\/strong>, die eine spezifische Anpassung an Produktionsprojekte bieten <strong>Nike<\/strong> aus dieser Zeit.<\/p>\n<p>F\u00fcr Sammler und Fans, die ein originales Heimtrikot suchen <strong>Englische Nationalmannschaft<\/strong> z <strong>2020\/22<\/strong>, die eine klare Aufzeichnung der historischen Leistung des Teams w\u00e4hrend der <strong>Europameisterschaften 2020<\/strong>.<\/p>","protected":false},"featured_media":121228,"template":"","meta":{"_kad_blocks_custom_css":"","_kad_blocks_head_custom_js":"","_kad_blocks_body_custom_js":"","_kad_blocks_footer_custom_js":"","_kad_post_transparent":"default","_kad_post_title":"","_kad_post_layout":"default","_kad_post_sidebar_id":"","_kad_post_content_style":"default","_kad_post_vertical_padding":"default","_kad_post_feature":"","_kad_post_feature_position":"","_kad_post_header":false,"_kad_post_footer":false,"_kad_post_classname":""},"product_brand":[1284],"product_cat":[1447,15],"product_tag":[],"class_list":{"0":"post-120927","1":"product","2":"type-product","3":"status-publish","4":"has-post-thumbnail","6":"product_brand-nike","7":"product_cat-reprezentacja-anglia","8":"product_cat-bez-kategorii","9":"pa_homeawaythird-home","10":"pa_rozmiar-m","12":"first","13":"instock","14":"taxable","15":"shipping-taxable","16":"purchasable","17":"product-type-simple","18":"entry","19":"content-bg","20":"loop-entry"},"taxonomy_info":{"product_brand":[{"value":1284,"label":"Nike"}],"product_cat":[{"value":1447,"label":"Anglia"},{"value":15,"label":"Bez kategorii"}],"pa_homeawaythird":[{"value":1597,"label":"Home"}],"pa_rozmiar":[{"value":1816,"label":"M"}]},"featured_image_src_large":["https:\/\/footballthrift.shop\/wp-content\/uploads\/2026\/03\/Photoroom_20260311_132857-1024x1024.jpg",1024,1024,true],"author_info":[],"comment_info":"","_links":{"self":[{"href":"https:\/\/footballthrift.shop\/de\/wp-json\/wp\/v2\/product\/120927","targetHints":{"allow":["GET"]}}],"collection":[{"href":"https:\/\/footballthrift.shop\/de\/wp-json\/wp\/v2\/product"}],"about":[{"href":"https:\/\/footballthrift.shop\/de\/wp-json\/wp\/v2\/types\/product"}],"wp:featuredmedia":[{"embeddable":true,"href":"https:\/\/footballthrift.shop\/de\/wp-json\/wp\/v2\/media\/121228"}],"wp:attachment":[{"href":"https:\/\/footballthrift.shop\/de\/wp-json\/wp\/v2\/media?parent=120927"}],"wp:term":[{"taxonomy":"product_brand","embeddable":true,"href":"https:\/\/footballthrift.shop\/de\/wp-json\/wp\/v2\/product_brand?post=120927"},{"taxonomy":"product_cat","embeddable":true,"href":"https:\/\/footballthrift.shop\/de\/wp-json\/wp\/v2\/product_cat?post=120927"},{"taxonomy":"product_tag","embeddable":true,"href":"https:\/\/footballthrift.shop\/de\/wp-json\/wp\/v2\/product_tag?post=120927"}],"curies":[{"name":"wp","href":"https:\/\/api.w.org\/{rel}","templated":true}]}}