{"id":118956,"date":"2026-03-08T17:59:44","date_gmt":"2026-03-08T16:59:44","guid":{"rendered":"https:\/\/footballthrift.shop\/?post_type=product&#038;p=118956"},"modified":"2026-03-09T11:23:31","modified_gmt":"2026-03-09T10:23:31","slug":"koszulka-treningowa-venezia-fc-1995-96-xl","status":"publish","type":"product","link":"https:\/\/footballthrift.shop\/de\/koszulka-treningowa-venezia-fc-1995-96-xl\/","title":{"rendered":"Koszulka treningowa Venezia FC 1995\/96 [XL]"},"content":{"rendered":"<p><strong>Verein:<\/strong> Venezia FC<\/p>\n<p><strong>Saison:<\/strong> 1995\/96<\/p>\n<p><strong>Gr\u00f6\u00dfe: <\/strong>XL<\/p>\n<p><strong>Zustand:<\/strong> Zadowalaj\u0105cy &#8211; kilka plam na froncie oraz nieznaczna liczba mikro zaci\u0105gni\u0119\u0107 i punktowych zabrudze\u0144.<\/p>\n<p><strong>Ma\u00dfe (Achselbreite\/L\u00e4nge) in cm: <\/strong>54\/73<\/p>","protected":false},"excerpt":{"rendered":"<p><strong>Original FC Venezia Trainingstrikot aus der Saison 1995\/96 von Virma.\u00a0<\/strong><\/p>\n<p>Ausbildungsmodell <strong>FC Venedig<\/strong>\u00a0aus der Saison <strong>1995\/96<\/strong>hergestellt von <strong>Virma<\/strong> in der Gr\u00f6\u00dfe <strong>XL<\/strong>, stammt aus einer Periode des Wiederaufbaus der Position des Vereins in der italienischen Liga. In den 1990er Jahren kehrte das Team aus Venedig allm\u00e4hlich zu gr\u00f6\u00dferer Anerkennung im nationalen Fu\u00dfball zur\u00fcck und baute eine Mannschaft auf, die um den Aufstieg in die erste Liga k\u00e4mpfen konnte.<\/p>\n<p>Das T-Shirt wurde auf gr\u00fcnem Grund hergestellt, eine der traditionellen Farben der <strong>FC Venezia<\/strong>. Der Kragen ist in Wei\u00df gehalten, was ein kontrastreiches Element im Design darstellt. Die \u00c4rmel sind mit den charakteristischen Leopardenstreifen des Herstellers versehen. <strong>Virma<\/strong>, Typisch f\u00fcr die Designs der Marke aus der Mitte der 1990er Jahre steht der Aufdruck des Sponsors auf der Vorderseite im Vordergrund. <strong>Emmezeta<\/strong>, und darunter steht die Zahl <strong>2<\/strong>, befindet sich auf der Vorderseite des T-Shirts.<\/p>\n<p>Jahre <strong>90.<\/strong> waren f\u00fcr <strong>FC Venezia<\/strong> eine Zeit, in der die Grundlagen f\u00fcr die R\u00fcckkehr in die italienische Elite geschaffen wurden. Der Verein festigte nach und nach seine Position in der Liga und schaffte am Ende des Jahrzehnts den Aufstieg in die <strong>Serie A<\/strong>, wo er gegen einige der gr\u00f6\u00dften Mannschaften des Landes antrat. W\u00e4hrend dieser Zeit in den Farben von <strong>FC Venedig<\/strong>\u00a0wurden Spieler vorgestellt, die zum sportlichen Aufschwung der Mannschaft und zur Wiederherstellung ihrer Bedeutung im italienischen Fu\u00dfball beigetragen haben.<\/p>\n<p>Das T-Shirt ist aus einem leichten Material gefertigt, das f\u00fcr die Designs von <strong>Virma<\/strong> aus der Mitte der 90er Jahre, Schnitt in Gr\u00f6\u00dfe <strong>XL<\/strong> entspricht den Normen des Herstellers und bietet eine klassische Passform, wie sie f\u00fcr die Trainingskleidung der damaligen Zeit typisch war.<\/p>\n<p>Dies ist ein Angebot f\u00fcr Sammler und Fans, die auf der Suche sind nach <strong>original FC Venezia Trainingstrikot aus der Saison 1995\/96<\/strong>, ein deutliches Zeugnis der Wiederaufbauphase des Vereins im italienischen Wettbewerb der 1990er Jahre.<\/p>","protected":false},"featured_media":119030,"template":"","meta":{"_kad_blocks_custom_css":"","_kad_blocks_head_custom_js":"","_kad_blocks_body_custom_js":"","_kad_blocks_footer_custom_js":"","_kad_post_transparent":"default","_kad_post_title":"","_kad_post_layout":"default","_kad_post_sidebar_id":"","_kad_post_content_style":"default","_kad_post_vertical_padding":"default","_kad_post_feature":"","_kad_post_feature_position":"","_kad_post_header":false,"_kad_post_footer":false,"_kad_post_classname":""},"product_brand":[1326],"product_cat":[15,1423,1480],"product_tag":[],"class_list":{"0":"post-118956","1":"product","2":"type-product","3":"status-publish","4":"has-post-thumbnail","6":"product_brand-virma","7":"product_cat-bez-kategorii","8":"product_cat-kurtkibluzytrening","9":"product_cat-pozostale-kluby-wloskie","10":"pa_rozmiar-xl","12":"first","13":"instock","14":"taxable","15":"shipping-taxable","16":"purchasable","17":"product-type-simple","18":"entry","19":"content-bg","20":"loop-entry"},"taxonomy_info":{"product_brand":[{"value":1326,"label":"Virma"}],"product_cat":[{"value":15,"label":"Bez kategorii"},{"value":1423,"label":"Kurtki\/bluzy\/trening"},{"value":1480,"label":"Pozosta\u0142e kluby w\u0142oskie"}],"pa_rozmiar":[{"value":1818,"label":"XL"}]},"featured_image_src_large":["https:\/\/footballthrift.shop\/wp-content\/uploads\/2026\/03\/Photoroom_20260304_131025-1024x1024.jpg",1024,1024,true],"author_info":[],"comment_info":"","_links":{"self":[{"href":"https:\/\/footballthrift.shop\/de\/wp-json\/wp\/v2\/product\/118956","targetHints":{"allow":["GET"]}}],"collection":[{"href":"https:\/\/footballthrift.shop\/de\/wp-json\/wp\/v2\/product"}],"about":[{"href":"https:\/\/footballthrift.shop\/de\/wp-json\/wp\/v2\/types\/product"}],"wp:featuredmedia":[{"embeddable":true,"href":"https:\/\/footballthrift.shop\/de\/wp-json\/wp\/v2\/media\/119030"}],"wp:attachment":[{"href":"https:\/\/footballthrift.shop\/de\/wp-json\/wp\/v2\/media?parent=118956"}],"wp:term":[{"taxonomy":"product_brand","embeddable":true,"href":"https:\/\/footballthrift.shop\/de\/wp-json\/wp\/v2\/product_brand?post=118956"},{"taxonomy":"product_cat","embeddable":true,"href":"https:\/\/footballthrift.shop\/de\/wp-json\/wp\/v2\/product_cat?post=118956"},{"taxonomy":"product_tag","embeddable":true,"href":"https:\/\/footballthrift.shop\/de\/wp-json\/wp\/v2\/product_tag?post=118956"}],"curies":[{"name":"wp","href":"https:\/\/api.w.org\/{rel}","templated":true}]}}