{"id":118955,"date":"2026-03-08T17:59:44","date_gmt":"2026-03-08T16:59:44","guid":{"rendered":"https:\/\/footballthrift.shop\/?post_type=product&#038;p=118955"},"modified":"2026-03-09T11:23:30","modified_gmt":"2026-03-09T10:23:30","slug":"koszulka-pilkarska-st-pauli-2014-15-home-m","status":"publish","type":"product","link":"https:\/\/footballthrift.shop\/de\/koszulka-pilkarska-st-pauli-2014-15-home-m\/","title":{"rendered":"Koszulka pi\u0142karska ST. Pauli 2014\/15 Home [M]"},"content":{"rendered":"<p><strong>Verein:<\/strong> ST. Pauli<\/p>\n<p><strong>Saison:<\/strong> 2014\/15 Startseite<\/p>\n<p><strong>Gr\u00f6\u00dfe: <\/strong>M<\/p>\n<p><strong>Zustand:<\/strong> Ausgezeichnet<\/p>\n<p><strong>Ma\u00dfe (Achselbreite\/L\u00e4nge) in cm: <\/strong>53\/72<\/p>","protected":false},"excerpt":{"rendered":"<p><strong>Original FC St. Pauli Heimtrikot aus der Saison 2014\/15 von Hummel.\u00a0<\/strong><\/p>\n<p>Heimmodell <strong>FC St. Pauli<\/strong> aus der Saison <strong>2014\/15<\/strong>hergestellt von <strong>Hummel<\/strong> in der Gr\u00f6\u00dfe <strong>M<\/strong>, die auf die Wettbewerbszeit des Vereins im <strong>2. bundesliga<\/strong>. Die Mannschaft aus dem Hamburger Millerntor-Stadion k\u00e4mpfte damals um den Verbleib in der Liga, und die Saison erwies sich als sehr anspruchsvoll und endete schlie\u00dflich nach einer schwierigen Saison mit dem Verbleib im Wettbewerb.<\/p>\n<p>Das T-Shirt wurde auf dem unverwechselbaren <strong>FC St. Pauli<\/strong> braunem Grund. Das Modell ist mit einem Polokragen ausgestattet, der dem Design eine klassische Note verleiht. Die \u00c4rmel sind mit den f\u00fcr die Designs charakteristischen silbernen Chevrons versehen <strong>Hummel<\/strong>, w\u00e4hrend das Logo <strong>Hummel<\/strong> mittig unter dem Kragen auf der Vorderseite des Trikots platziert. Auf der Brust ist ein Sponsorenaufdruck zu sehen. <strong>Congstar<\/strong>, die eines der am besten erkennbaren Elemente der visuellen Identit\u00e4t des Vereins aus dieser Zeit ist.<\/p>\n<p>Saison <strong>2014\/15<\/strong> war f\u00fcr <strong>FC St. Pauli<\/strong> der Kampf um den Verbleib im Land <strong>2. bundesliga<\/strong>, und die Mannschaft beendete die Saison schlie\u00dflich auf dem letzten Tabellenplatz und konnte den Abstieg vermeiden. Die Farben der Mannschaft waren zu dieser Zeit folgende. <strong>Lennart Thy<\/strong>, eine wichtige offensive Figur, <strong>Marc Rzatkowski<\/strong>, der f\u00fcr den Spielaufbau im Mittelfeld verantwortlich ist, und <strong>S\u00f6ren Gonther<\/strong>, einer der Abwehrchefs und Mannschaftskapit\u00e4n. Der Hamburger Verein blieb dank seiner einzigartigen Fan-Identit\u00e4t gleichzeitig eine der bekanntesten und ikonischsten Marken im deutschen Fu\u00dfball.<\/p>\n<p>Das T-Shirt ist aus leichtem und atmungsaktivem Material gefertigt und der Schnitt in Gr\u00f6\u00dfe <strong>M<\/strong> entspricht den Standards <strong>Hummel<\/strong>, und bietet die klassische Passform, die f\u00fcr die Designs der Marke charakteristisch ist.<\/p>\n<p>Dies ist ein Angebot f\u00fcr Sammler und Fans, die auf der Suche sind nach <strong>das Original FC St. Pauli Heimtrikot aus der Saison 2014\/15<\/strong>, was ein deutlicher Beleg f\u00fcr die anspruchsvolle Kampagne des Vereins in <strong>2. bundesliga<\/strong>.<\/p>","protected":false},"featured_media":119024,"template":"","meta":{"_kad_blocks_custom_css":"","_kad_blocks_head_custom_js":"","_kad_blocks_body_custom_js":"","_kad_blocks_footer_custom_js":"","_kad_post_transparent":"default","_kad_post_title":"","_kad_post_layout":"default","_kad_post_sidebar_id":"","_kad_post_content_style":"default","_kad_post_vertical_padding":"default","_kad_post_feature":"","_kad_post_feature_position":"","_kad_post_header":false,"_kad_post_footer":false,"_kad_post_classname":""},"product_brand":[1288],"product_cat":[15,1490],"product_tag":[],"class_list":{"0":"post-118955","1":"product","2":"type-product","3":"status-publish","4":"has-post-thumbnail","6":"product_brand-hummel","7":"product_cat-bez-kategorii","8":"product_cat-pozostale-kluby-niemieckie","9":"pa_homeawaythird-home","10":"pa_rozmiar-m","12":"first","13":"instock","14":"taxable","15":"shipping-taxable","16":"purchasable","17":"product-type-simple","18":"entry","19":"content-bg","20":"loop-entry"},"taxonomy_info":{"product_brand":[{"value":1288,"label":"Hummel"}],"product_cat":[{"value":15,"label":"Bez kategorii"},{"value":1490,"label":"Pozosta\u0142e kluby niemieckie"}],"pa_homeawaythird":[{"value":1597,"label":"Home"}],"pa_rozmiar":[{"value":1816,"label":"M"}]},"featured_image_src_large":["https:\/\/footballthrift.shop\/wp-content\/uploads\/2026\/03\/Photoroom_20260304_131943-1024x1024.jpg",1024,1024,true],"author_info":[],"comment_info":"","_links":{"self":[{"href":"https:\/\/footballthrift.shop\/de\/wp-json\/wp\/v2\/product\/118955","targetHints":{"allow":["GET"]}}],"collection":[{"href":"https:\/\/footballthrift.shop\/de\/wp-json\/wp\/v2\/product"}],"about":[{"href":"https:\/\/footballthrift.shop\/de\/wp-json\/wp\/v2\/types\/product"}],"wp:featuredmedia":[{"embeddable":true,"href":"https:\/\/footballthrift.shop\/de\/wp-json\/wp\/v2\/media\/119024"}],"wp:attachment":[{"href":"https:\/\/footballthrift.shop\/de\/wp-json\/wp\/v2\/media?parent=118955"}],"wp:term":[{"taxonomy":"product_brand","embeddable":true,"href":"https:\/\/footballthrift.shop\/de\/wp-json\/wp\/v2\/product_brand?post=118955"},{"taxonomy":"product_cat","embeddable":true,"href":"https:\/\/footballthrift.shop\/de\/wp-json\/wp\/v2\/product_cat?post=118955"},{"taxonomy":"product_tag","embeddable":true,"href":"https:\/\/footballthrift.shop\/de\/wp-json\/wp\/v2\/product_tag?post=118955"}],"curies":[{"name":"wp","href":"https:\/\/api.w.org\/{rel}","templated":true}]}}