{"id":118954,"date":"2026-03-08T17:59:43","date_gmt":"2026-03-08T16:59:43","guid":{"rendered":"https:\/\/footballthrift.shop\/?post_type=product&#038;p=118954"},"modified":"2026-03-09T11:23:31","modified_gmt":"2026-03-09T10:23:31","slug":"koszulka-pilkarska-sl-benfica-2017-18-home-xxl","status":"publish","type":"product","link":"https:\/\/footballthrift.shop\/de\/koszulka-pilkarska-sl-benfica-2017-18-home-xxl\/","title":{"rendered":"Koszulka pi\u0142karska SL Benfica 2017\/18 Home [XXL]"},"content":{"rendered":"<p><strong>Verein:<\/strong> SL Benfica<\/p>\n<p><strong>Saison:<\/strong> 2017\/18 Startseite<\/p>\n<p><strong>Gr\u00f6\u00dfe: <\/strong>XXL<\/p>\n<p><strong>Zustand:<\/strong> Ausgezeichnet<\/p>\n<p><strong>Ma\u00dfe (Achselbreite\/L\u00e4nge) in cm: <\/strong>67\/79<\/p>","protected":false},"excerpt":{"rendered":"<p><strong>Original SL Benfica Lissabon Heim-Fu\u00dfballtrikot aus der Saison 2017\/18 von Adidas.\u00a0<\/strong><\/p>\n<p>Heimmodell <strong>SL Benfica Lissabon<\/strong> aus der Saison <strong>2017\/18<\/strong>hergestellt von <strong>Adidas<\/strong> in der Gr\u00f6\u00dfe <strong>XXL<\/strong>, stammt aus der Zeit des Kampfes um die Vorherrschaft im Portugiesischen <strong>Primeira Liga<\/strong>. Nach vier aufeinanderfolgenden nationalen Meisterschaften ging die Mannschaft als Favorit in den Wettbewerb, nahm aber auch an nationalen Pokalwettbewerben und europ\u00e4ischen Wettbewerben teil.<\/p>\n<p>Das T-Shirt wurde auf einer roten Basis hergestellt, die die Grundlage f\u00fcr die Identit\u00e4t der <strong>SL Benfica Lissabon<\/strong>. Das Modell ist mit einem wei\u00dfen Polokragen und wei\u00dfen \u00c4rmelabschl\u00fcssen ausgestattet, die einen kontrastreichen und eleganten Akzent zum Design setzen. Auf der Vorderseite steht ein Sponsorenaufdruck im Mittelpunkt. <strong>Fliegen Sie Emirates<\/strong>, w\u00e4hrend das Wappen <strong>SL Benfica Lissabon<\/strong> und Logo <strong>Adidas<\/strong> klassisch auf der Brust angeordnet. Drei Streifen charakteristisch f\u00fcr die Designs <strong>Adidas<\/strong> vervollst\u00e4ndigen die Gesamtkomposition.<\/p>\n<p>Saison <strong>2017\/18<\/strong> war f\u00fcr <strong>SL Benfica Lissabon<\/strong> eine schwierige Saison, in der der Verein darum k\u00e4mpfte, seine Position in der nationalen Spitzengruppe zu halten. Die Farben der Mannschaft waren. <strong>Jonas<\/strong>, einer der effektivsten St\u00fcrmer der Liga, <strong>Pizzi<\/strong>, ein Schl\u00fcsselspieler im Mittelfeld, der f\u00fcr den Spielaufbau verantwortlich ist, und <strong>Rui Vit\u00f3ria<\/strong>, der die Mannschaft in dieser Zeit als Trainer leitete. Zum Kader geh\u00f6rten auch Spieler wie. <strong>Rafa Silva<\/strong> oder <strong>Andr\u00e9 Almeida<\/strong>, und eine Mannschaft zu schaffen, die in der Lage ist, um die h\u00f6chsten Ziele in Portugal zu k\u00e4mpfen.<\/p>\n<p>Das T-Shirt ist aus leichtem und atmungsaktivem Material gefertigt und der Schnitt in Gr\u00f6\u00dfe <strong>XXL<\/strong> entspricht den Standards <strong>Adidas<\/strong>, und bietet die klassische Passform, die f\u00fcr die Designs der Marke charakteristisch ist.<\/p>\n<p>Dies ist ein Angebot f\u00fcr Sammler und Fans, die auf der Suche sind nach <strong>Original Heimtrikot von SL Benfica Lissabon aus der Saison 2017\/18<\/strong>, der die n\u00e4chste Etappe im Kampf des Vereins um die Vorherrschaft in der portugiesischen Liga deutlich macht <strong>Primeira Liga<\/strong>.<\/p>","protected":false},"featured_media":119016,"template":"","meta":{"_kad_blocks_custom_css":"","_kad_blocks_head_custom_js":"","_kad_blocks_body_custom_js":"","_kad_blocks_footer_custom_js":"","_kad_post_transparent":"default","_kad_post_title":"","_kad_post_layout":"default","_kad_post_sidebar_id":"","_kad_post_content_style":"default","_kad_post_vertical_padding":"default","_kad_post_feature":"","_kad_post_feature_position":"","_kad_post_header":false,"_kad_post_footer":false,"_kad_post_classname":""},"product_brand":[1283],"product_cat":[15,1479],"product_tag":[],"class_list":{"0":"post-118954","1":"product","2":"type-product","3":"status-publish","4":"has-post-thumbnail","6":"product_brand-adidas","7":"product_cat-bez-kategorii","8":"product_cat-kluby-portugalskie","9":"pa_homeawaythird-home","10":"pa_rozmiar-xxl","12":"first","13":"instock","14":"taxable","15":"shipping-taxable","16":"purchasable","17":"product-type-simple","18":"entry","19":"content-bg","20":"loop-entry"},"taxonomy_info":{"product_brand":[{"value":1283,"label":"Adidas"}],"product_cat":[{"value":15,"label":"Bez kategorii"},{"value":1479,"label":"Portugalia"}],"pa_homeawaythird":[{"value":1597,"label":"Home"}],"pa_rozmiar":[{"value":1819,"label":"XXL"}]},"featured_image_src_large":["https:\/\/footballthrift.shop\/wp-content\/uploads\/2026\/03\/Photoroom_20260304_130551-1024x1024.jpg",1024,1024,true],"author_info":[],"comment_info":"","_links":{"self":[{"href":"https:\/\/footballthrift.shop\/de\/wp-json\/wp\/v2\/product\/118954","targetHints":{"allow":["GET"]}}],"collection":[{"href":"https:\/\/footballthrift.shop\/de\/wp-json\/wp\/v2\/product"}],"about":[{"href":"https:\/\/footballthrift.shop\/de\/wp-json\/wp\/v2\/types\/product"}],"wp:featuredmedia":[{"embeddable":true,"href":"https:\/\/footballthrift.shop\/de\/wp-json\/wp\/v2\/media\/119016"}],"wp:attachment":[{"href":"https:\/\/footballthrift.shop\/de\/wp-json\/wp\/v2\/media?parent=118954"}],"wp:term":[{"taxonomy":"product_brand","embeddable":true,"href":"https:\/\/footballthrift.shop\/de\/wp-json\/wp\/v2\/product_brand?post=118954"},{"taxonomy":"product_cat","embeddable":true,"href":"https:\/\/footballthrift.shop\/de\/wp-json\/wp\/v2\/product_cat?post=118954"},{"taxonomy":"product_tag","embeddable":true,"href":"https:\/\/footballthrift.shop\/de\/wp-json\/wp\/v2\/product_tag?post=118954"}],"curies":[{"name":"wp","href":"https:\/\/api.w.org\/{rel}","templated":true}]}}