{"id":118952,"date":"2026-03-08T17:59:47","date_gmt":"2026-03-08T16:59:47","guid":{"rendered":"https:\/\/footballthrift.shop\/?post_type=product&#038;p=118952"},"modified":"2026-03-09T11:23:29","modified_gmt":"2026-03-09T10:23:29","slug":"fusball-trikot-sudafrika-2006-08-home-s","status":"publish","type":"product","link":"https:\/\/footballthrift.shop\/de\/koszulka-pilkarska-republika-poludniowej-afryki-2006-08-home-s\/","title":{"rendered":"Koszulka pi\u0142karska Republika Po\u0142udniowej Afryki 2006\/08 Home [S]"},"content":{"rendered":"<p><strong>Verein:<\/strong> S\u00fcdafrika<\/p>\n<p><strong>Saison:<\/strong> 2006\/08 Zuhause<\/p>\n<p><strong>Gr\u00f6\u00dfe: <\/strong>S<\/p>\n<p><strong>Zustand:<\/strong> Sehr gut - ein paar Mikrostiche.<\/p>\n<p><strong>Ma\u00dfe (Achselbreite\/L\u00e4nge) in cm: <\/strong>50\/66(vorne), 76(hinten)<\/p>","protected":false},"excerpt":{"rendered":"<p><strong>Original 2006\/08 Heimtrikot der s\u00fcdafrikanischen Nationalmannschaft von Adidas.\u00a0<\/strong><\/p>\n<p>Heimmodell <strong>die s\u00fcdafrikanische Nationalmannschaft<\/strong> im Laufe der Jahre <strong>2006\/08<\/strong>hergestellt von <strong>Adidas<\/strong> in der Gr\u00f6\u00dfe <strong>S<\/strong>, stammt aus der Zeit der Vorbereitung der Mannschaft auf das gr\u00f6\u00dfte Ereignis in der Geschichte des lokalen Fu\u00dfballs - die Organisation der <strong>Weltmeisterschaften 2010<\/strong>. Es war eine Zeit des intensiven Umbaus der Mannschaft und des Aufbaus eines Teams, das das Land als k\u00fcnftigen WM-Gastgeber w\u00fcrdig vertreten kann.<\/p>\n<p>Das T-Shirt wurde auf gelbem Grund hergestellt und basiert auf einer markanten Schablone <strong>TeamGeist<\/strong> verwendet von <strong>Adidas<\/strong> in der zweiten H\u00e4lfte des ersten Jahrzehnts des 21. Jahrhunderts. Auf den \u00c4rmeln sind die drei gr\u00fcnen Streifen zu sehen, die charakteristisch f\u00fcr die Designs sind <strong>Adidas<\/strong>, Die Vorderseite des Trikots ist von einem gro\u00dfen, halbkreisf\u00f6rmigen Feld in Gr\u00fcn umgeben, das ein dynamisches Motiv in Anlehnung an die Nationalfarben darstellt. <strong>S\u00fcdafrika<\/strong>. Wappen <strong>S\u00fcdafrikanischer Fu\u00dfballverband<\/strong> und Logo <strong>Adidas<\/strong> klassisch auf der Brust angeordnet, um eine klare Komposition zu erhalten.<\/p>\n<p>In Jahren <strong>2006-2008<\/strong> <strong>S\u00fcdafrikanische Nationalmannschaft<\/strong>, bekannt als <strong>Bafana Bafana<\/strong>, Er stellte eine Mannschaft zusammen, die aus Spielern bestand, die sowohl in der nationalen als auch in der europ\u00e4ischen Liga gespielt hatten. Zum Team geh\u00f6rten unter anderem. <strong>Steven Pienaar<\/strong>, Er ist einer der bekanntesten Fu\u00dfballer dieser Generation, <strong>Benni McCarthy<\/strong>, der beste Sch\u00fctze in der Geschichte der Nationalmannschaft, und <strong>Aaron Mokoena<\/strong>, dem langj\u00e4hrigen Kapit\u00e4n und Abwehrchef der Mannschaft. Die Mannschaft bereitete sich allm\u00e4hlich auf die Ausrichtung der Weltmeisterschaft vor, die zu einem historischen Moment f\u00fcr den afrikanischen Fu\u00dfball werden sollte.<\/p>\n<p>Das T-Shirt ist aus leichtem und atmungsaktivem Material gefertigt und der Schnitt in Gr\u00f6\u00dfe <strong>S<\/strong> entspricht den Standards <strong>Adidas<\/strong>, und bietet die klassische Passform, die f\u00fcr die Designs der Marke aus dieser Zeit charakteristisch ist.<\/p>\n<p>Dies ist ein Angebot f\u00fcr Sammler und Fans, die auf der Suche sind nach <strong>das originale Heimtrikot der s\u00fcdafrikanischen Fu\u00dfballnationalmannschaft aus der Saison 2006\/08<\/strong>, die eine klare Aufzeichnung der Vorbereitungszeit ist <strong>Bafana Bafana<\/strong> zu historischen <strong>Weltmeisterschaften 2010<\/strong>.<\/p>","protected":false},"featured_media":118995,"template":"","meta":{"_kad_blocks_custom_css":"","_kad_blocks_head_custom_js":"","_kad_blocks_body_custom_js":"","_kad_blocks_footer_custom_js":"","_kad_post_transparent":"default","_kad_post_title":"","_kad_post_layout":"default","_kad_post_sidebar_id":"","_kad_post_content_style":"default","_kad_post_vertical_padding":"default","_kad_post_feature":"","_kad_post_feature_position":"","_kad_post_header":false,"_kad_post_footer":false,"_kad_post_classname":""},"product_brand":[1283],"product_cat":[1414,15],"product_tag":[],"class_list":{"0":"post-118952","1":"product","2":"type-product","3":"status-publish","4":"has-post-thumbnail","6":"product_brand-adidas","7":"product_cat-reprezentacje-afryka","8":"product_cat-bez-kategorii","9":"pa_homeawaythird-home","10":"pa_rozmiar-s","12":"first","13":"instock","14":"taxable","15":"shipping-taxable","16":"purchasable","17":"product-type-simple","18":"entry","19":"content-bg","20":"loop-entry"},"taxonomy_info":{"product_brand":[{"value":1283,"label":"Adidas"}],"product_cat":[{"value":1414,"label":"Afryka"},{"value":15,"label":"Bez kategorii"}],"pa_homeawaythird":[{"value":1597,"label":"Home"}],"pa_rozmiar":[{"value":1815,"label":"S"}]},"featured_image_src_large":["https:\/\/footballthrift.shop\/wp-content\/uploads\/2026\/03\/Photoroom_20260304_130221-1024x1024.jpg",1024,1024,true],"author_info":[],"comment_info":"","_links":{"self":[{"href":"https:\/\/footballthrift.shop\/de\/wp-json\/wp\/v2\/product\/118952","targetHints":{"allow":["GET"]}}],"collection":[{"href":"https:\/\/footballthrift.shop\/de\/wp-json\/wp\/v2\/product"}],"about":[{"href":"https:\/\/footballthrift.shop\/de\/wp-json\/wp\/v2\/types\/product"}],"wp:featuredmedia":[{"embeddable":true,"href":"https:\/\/footballthrift.shop\/de\/wp-json\/wp\/v2\/media\/118995"}],"wp:attachment":[{"href":"https:\/\/footballthrift.shop\/de\/wp-json\/wp\/v2\/media?parent=118952"}],"wp:term":[{"taxonomy":"product_brand","embeddable":true,"href":"https:\/\/footballthrift.shop\/de\/wp-json\/wp\/v2\/product_brand?post=118952"},{"taxonomy":"product_cat","embeddable":true,"href":"https:\/\/footballthrift.shop\/de\/wp-json\/wp\/v2\/product_cat?post=118952"},{"taxonomy":"product_tag","embeddable":true,"href":"https:\/\/footballthrift.shop\/de\/wp-json\/wp\/v2\/product_tag?post=118952"}],"curies":[{"name":"wp","href":"https:\/\/api.w.org\/{rel}","templated":true}]}}