{"id":118951,"date":"2026-03-08T17:59:46","date_gmt":"2026-03-08T16:59:46","guid":{"rendered":"https:\/\/footballthrift.shop\/?post_type=product&#038;p=118951"},"modified":"2026-03-09T11:23:30","modified_gmt":"2026-03-09T10:23:30","slug":"koszulka-pilkarska-red-bull-lipsk-2016-17-home-11-werner-s","status":"publish","type":"product","link":"https:\/\/footballthrift.shop\/de\/koszulka-pilkarska-red-bull-lipsk-2016-17-home-11-werner-s\/","title":{"rendered":"Koszulka pi\u0142karska Red Bull Lipsk 2016\/17 Home 11 Werner [S]"},"content":{"rendered":"<p><strong>Verein:<\/strong> Red Bull Leipzig<\/p>\n<p><strong>Saison:<\/strong> 2015\/16 Startseite<\/p>\n<p><strong>Gr\u00f6\u00dfe: <\/strong>S<\/p>\n<p><strong>Zustand:<\/strong> Zadowalaj\u0105cy &#8211; kilka mikro plamek i niewielkich zaci\u0105gni\u0119\u0107.<\/p>\n<p><strong>Ma\u00dfe (Achselbreite\/L\u00e4nge) in cm: <\/strong>48\/67<\/p>","protected":false},"excerpt":{"rendered":"<p><strong>Original Red Bull Leipzig Heimtrikot aus der Saison 2016\/17 von Nike, bedruckt von Timo Werner.\u00a0<\/strong><\/p>\n<p>Heimmodell <strong>Red Bull Leipzig<\/strong> aus der Saison <strong>2016\/17<\/strong>hergestellt von <strong>Nike<\/strong> in der Gr\u00f6\u00dfe <strong>S<\/strong>, stammt aus einem entscheidenden Moment in der Geschichte des Vereins. Es war die erste Saison <strong>RB Leipzig<\/strong> w <strong>Bundesliga<\/strong>, Der H\u00f6hepunkt war die sensationelle deutsche Vizemeisterschaft und der sofortige Aufstieg in die europ\u00e4ische Spitzenklasse, was die Stellung des Vereins im deutschen Fu\u00dfball nachhaltig ver\u00e4nderte.<\/p>\n<p>Das T-Shirt wurde in einem einfachen und klaren Design auf wei\u00dfer Basis produziert, das den modernen Charakter des Designs unterstreicht. <strong>RB Leipzig<\/strong>. Der Kragen ist in Rot gehalten und an den Seiten des Trikots befinden sich rote Seitenstreifen, die zur visuellen Identit\u00e4t des Vereins passen. Ein Sponsorenaufdruck auf der Vorderseite steht im Mittelpunkt <strong>Red Bull<\/strong>, w\u00e4hrend das Wappen <strong>RB Leipzig<\/strong> und Logo <strong>Nike<\/strong> klassisch auf der Brust angeordnet. Das abgebildete Exemplar hat keine Liga-Aufn\u00e4her an den \u00c4rmeln.<\/p>\n<p>Auf der R\u00fcckseite befindet sich ein origineller Aufdruck. <strong>Timo Wernera<\/strong>, einer der wichtigsten Offensivspieler <strong>RB Leipzig<\/strong> zu dieser Zeit. Der deutsche St\u00fcrmer war eines der Symbole f\u00fcr den dynamischen Spielstil der Mannschaft - er beeindruckte durch seine Schnelligkeit, seine Effizienz und seine F\u00e4higkeit, R\u00e4ume auszunutzen. W\u00e4hrend der Saison <strong>2016\/17<\/strong> erzielte zahlreiche Tore und war damit einer der Hauptverantwortlichen f\u00fcr die sensationelle Vizemeisterschaft <strong>Bundesliga<\/strong>.<\/p>\n<p>Zu dieser Zeit waren die Farben <strong>RB Leipzig<\/strong> ebenfalls vertreten, unter anderem. <strong>Emil Forsberg<\/strong>, einer der Hauptautoren des Spiels, <strong>Naby Ke\u00efta<\/strong>, und dominiert das Mittelfeld, <strong>Willi Orb\u00e1n<\/strong> in der Defensive und <strong>Yussuf Poulsen<\/strong> im Angriff. Das Team unter der Leitung von <strong>Ralph Hasenh\u00fcttl<\/strong> Er beeindruckte durch sein intensives Pressing und sein dynamisches Spiel und wurde zu einer der gr\u00f6\u00dften Entdeckungen der europ\u00e4ischen Saison.<\/p>\n<p>Das T-Shirt ist aus leichtem und atmungsaktivem Material gefertigt und der Schnitt in Gr\u00f6\u00dfe <strong>S<\/strong> entspricht den Standards <strong>Nike<\/strong>, und bietet die klassische Passform, die f\u00fcr die Designs der Marke charakteristisch ist.<\/p>\n<p>Dies ist ein Angebot f\u00fcr Sammler und Fans, die auf der Suche sind nach <strong>das Original Red Bull Leipzig Heimtrikot aus der Saison 2016\/17<\/strong>, eine klare Aufzeichnung des historischen Deb\u00fcts des Clubs in der <strong>Bundesliga<\/strong> und eine Saison, in der er gl\u00e4nzte <strong>Timo Werner<\/strong>.<\/p>","protected":false},"featured_media":118983,"template":"","meta":{"_kad_blocks_custom_css":"","_kad_blocks_head_custom_js":"","_kad_blocks_body_custom_js":"","_kad_blocks_footer_custom_js":"","_kad_post_transparent":"default","_kad_post_title":"","_kad_post_layout":"default","_kad_post_sidebar_id":"","_kad_post_content_style":"default","_kad_post_vertical_padding":"default","_kad_post_feature":"","_kad_post_feature_position":"","_kad_post_header":false,"_kad_post_footer":false,"_kad_post_classname":""},"product_brand":[1284],"product_cat":[15,1490],"product_tag":[],"class_list":{"0":"post-118951","1":"product","2":"type-product","3":"status-publish","4":"has-post-thumbnail","6":"product_brand-nike","7":"product_cat-bez-kategorii","8":"product_cat-pozostale-kluby-niemieckie","9":"pa_homeawaythird-home","10":"pa_rozmiar-s","12":"first","13":"instock","14":"taxable","15":"shipping-taxable","16":"purchasable","17":"product-type-simple","18":"entry","19":"content-bg","20":"loop-entry"},"taxonomy_info":{"product_brand":[{"value":1284,"label":"Nike"}],"product_cat":[{"value":15,"label":"Bez kategorii"},{"value":1490,"label":"Pozosta\u0142e kluby niemieckie"}],"pa_homeawaythird":[{"value":1597,"label":"Home"}],"pa_rozmiar":[{"value":1815,"label":"S"}]},"featured_image_src_large":["https:\/\/footballthrift.shop\/wp-content\/uploads\/2026\/03\/Photoroom_20260304_130827-1024x1024.jpg",1024,1024,true],"author_info":[],"comment_info":"","_links":{"self":[{"href":"https:\/\/footballthrift.shop\/de\/wp-json\/wp\/v2\/product\/118951","targetHints":{"allow":["GET"]}}],"collection":[{"href":"https:\/\/footballthrift.shop\/de\/wp-json\/wp\/v2\/product"}],"about":[{"href":"https:\/\/footballthrift.shop\/de\/wp-json\/wp\/v2\/types\/product"}],"wp:featuredmedia":[{"embeddable":true,"href":"https:\/\/footballthrift.shop\/de\/wp-json\/wp\/v2\/media\/118983"}],"wp:attachment":[{"href":"https:\/\/footballthrift.shop\/de\/wp-json\/wp\/v2\/media?parent=118951"}],"wp:term":[{"taxonomy":"product_brand","embeddable":true,"href":"https:\/\/footballthrift.shop\/de\/wp-json\/wp\/v2\/product_brand?post=118951"},{"taxonomy":"product_cat","embeddable":true,"href":"https:\/\/footballthrift.shop\/de\/wp-json\/wp\/v2\/product_cat?post=118951"},{"taxonomy":"product_tag","embeddable":true,"href":"https:\/\/footballthrift.shop\/de\/wp-json\/wp\/v2\/product_tag?post=118951"}],"curies":[{"name":"wp","href":"https:\/\/api.w.org\/{rel}","templated":true}]}}