{"id":118947,"date":"2026-03-08T17:59:35","date_gmt":"2026-03-08T16:59:35","guid":{"rendered":"https:\/\/footballthrift.shop\/?post_type=product&#038;p=118947"},"modified":"2026-03-09T11:23:34","modified_gmt":"2026-03-09T10:23:34","slug":"koszulka-treningowa-manchester-united-1997-98-l","status":"publish","type":"product","link":"https:\/\/footballthrift.shop\/de\/koszulka-treningowa-manchester-united-1997-98-l\/","title":{"rendered":"Koszulka treningowa Manchester United 1997\/98 [L]"},"content":{"rendered":"<p><strong>Verein:<\/strong> Manchester United<\/p>\n<p><strong>Saison:<\/strong> 1997\/98<\/p>\n<p><strong>Gr\u00f6\u00dfe: <\/strong>L<\/p>\n<p><strong>Zustand:<\/strong> Sehr gut - ein paar Mikrostiche.<\/p>\n<p><strong>Ma\u00dfe (Achselbreite\/L\u00e4nge) in cm: <\/strong>63\/68<\/p>","protected":false},"excerpt":{"rendered":"<p><strong>Original Manchester United Fu\u00dfball-Trainingsshirt aus der Saison 1997\/98 von Umbro.\u00a0<\/strong><\/p>\n<p>Ausbildungsmodell <strong>Manchester United ab der Saison 1997\/98<\/strong>hergestellt von <strong>Umbro<\/strong> in der Gr\u00f6\u00dfe L, stammt aus einer Zeit, in der das Team von Sir Alex Ferguson zu den besten der Welt geh\u00f6rte. <strong>Erste Liga<\/strong>. Es war die Zeit des Aufbaus einer Mannschaft, die den englischen Fu\u00dfball in den kommenden Jahren dominieren sollte, und die Spieler bildeten das Fundament einer der bekanntesten Mannschaften der sp\u00e4ten 1990er Jahre.<\/p>\n<p>Das T-Shirt wurde hergestellt auf <strong>roter Sockel<\/strong>, angereichert mit einem subtilen Muster aus sich wiederholenden Schriftz\u00fcgen <strong>Umbro<\/strong>, Die Vorderseite, die in die Struktur des Stoffes integriert wurde, steht im Mittelpunkt des Designs. Auf der Vorderseite ist das Herzst\u00fcck ein gro\u00dfes, kontrastreiches <strong>Umbro-Logo<\/strong>, unter dem das Wappen angezeigt wird <strong>Manchester United<\/strong>, Die \u00c4rmel sind mit schwarzen Mustern verziert, die das einheitliche Farbschema des Trikots auflockern und dem Design mehr Dynamik verleihen. Die \u00c4rmel sind mit schwarzen Mustern verziert, die das einheitliche Farbschema des Trikots aufbrechen und dem Design einen dynamischeren Look verleihen.<\/p>\n<p>Saison <strong>1997\/98<\/strong> war f\u00fcr <strong>Manchester United<\/strong> eine intensive Phase des Wettbewerbs auf h\u00f6chstem Niveau <strong>Erste Liga<\/strong>. Das damalige Team bestand unter anderem aus. <strong>Eric Cantona<\/strong>, <strong>Ryan Giggs<\/strong>, <strong>David Beckham<\/strong>, <strong>Paul Scholes<\/strong> oder <strong>Roy Keane<\/strong>, die das R\u00fcckgrat des Teams bildeten und den Grundstein f\u00fcr die Mannschaft legten, die bereits in der folgenden Saison die historische Triple Crown erreichte.<\/p>\n<p>Das T-Shirt ist aus einem leichten und luftigen Material gefertigt und der Schnitt in Gr\u00f6\u00dfe L entspricht den Standards der <strong>Umbro<\/strong> aus der zweiten H\u00e4lfte der 1990er Jahre, die eine klassische Passform bietet.<\/p>\n<p>F\u00fcr Sammler und Fans, die ein originales Trainingstrikot suchen <strong>Manchester United<\/strong> z <strong>Saison 1997\/98<\/strong>, und zeichnet damit eine der wichtigsten Etappen in der Geschichte der Mannschaft von Sir Alex Ferguson auf.<\/p>","protected":false},"featured_media":120794,"template":"","meta":{"_kad_blocks_custom_css":"","_kad_blocks_head_custom_js":"","_kad_blocks_body_custom_js":"","_kad_blocks_footer_custom_js":"","_kad_post_transparent":"default","_kad_post_title":"","_kad_post_layout":"default","_kad_post_sidebar_id":"","_kad_post_content_style":"default","_kad_post_vertical_padding":"default","_kad_post_feature":"","_kad_post_feature_position":"","_kad_post_header":false,"_kad_post_footer":false,"_kad_post_classname":""},"product_brand":[1285],"product_cat":[15,1423,1478],"product_tag":[],"class_list":{"0":"post-118947","1":"product","2":"type-product","3":"status-publish","4":"has-post-thumbnail","6":"product_brand-umbro","7":"product_cat-bez-kategorii","8":"product_cat-kurtkibluzytrening","9":"product_cat-manchester-united","10":"pa_rozmiar-l","12":"first","13":"instock","14":"taxable","15":"shipping-taxable","16":"purchasable","17":"product-type-simple","18":"entry","19":"content-bg","20":"loop-entry"},"taxonomy_info":{"product_brand":[{"value":1285,"label":"Umbro"}],"product_cat":[{"value":15,"label":"Bez kategorii"},{"value":1423,"label":"Kurtki\/bluzy\/trening"},{"value":1478,"label":"Manchester United"}],"pa_rozmiar":[{"value":1817,"label":"L"}]},"featured_image_src_large":["https:\/\/footballthrift.shop\/wp-content\/uploads\/2026\/03\/Photoroom_20260304_131143-1024x1024.jpg",1024,1024,true],"author_info":[],"comment_info":"","_links":{"self":[{"href":"https:\/\/footballthrift.shop\/de\/wp-json\/wp\/v2\/product\/118947","targetHints":{"allow":["GET"]}}],"collection":[{"href":"https:\/\/footballthrift.shop\/de\/wp-json\/wp\/v2\/product"}],"about":[{"href":"https:\/\/footballthrift.shop\/de\/wp-json\/wp\/v2\/types\/product"}],"wp:featuredmedia":[{"embeddable":true,"href":"https:\/\/footballthrift.shop\/de\/wp-json\/wp\/v2\/media\/120794"}],"wp:attachment":[{"href":"https:\/\/footballthrift.shop\/de\/wp-json\/wp\/v2\/media?parent=118947"}],"wp:term":[{"taxonomy":"product_brand","embeddable":true,"href":"https:\/\/footballthrift.shop\/de\/wp-json\/wp\/v2\/product_brand?post=118947"},{"taxonomy":"product_cat","embeddable":true,"href":"https:\/\/footballthrift.shop\/de\/wp-json\/wp\/v2\/product_cat?post=118947"},{"taxonomy":"product_tag","embeddable":true,"href":"https:\/\/footballthrift.shop\/de\/wp-json\/wp\/v2\/product_tag?post=118947"}],"curies":[{"name":"wp","href":"https:\/\/api.w.org\/{rel}","templated":true}]}}