{"id":118943,"date":"2026-03-08T17:59:37","date_gmt":"2026-03-08T16:59:37","guid":{"rendered":"https:\/\/footballthrift.shop\/?post_type=product&#038;p=118943"},"modified":"2026-03-09T11:23:33","modified_gmt":"2026-03-09T10:23:33","slug":"koszulka-pilkarska-leeds-united-fc-2022-23-away-m","status":"publish","type":"product","link":"https:\/\/footballthrift.shop\/de\/koszulka-pilkarska-leeds-united-fc-2022-23-away-m\/","title":{"rendered":"Koszulka pi\u0142karska Leeds United FC 2022\/23 Away [M]"},"content":{"rendered":"<p><strong>Verein:<\/strong> Leeds United FC<\/p>\n<p><strong>Saison:<\/strong> 2022\/23 Ausw\u00e4rts<\/p>\n<p><strong>Gr\u00f6\u00dfe: <\/strong>M<\/p>\n<p><strong>Zustand:<\/strong> Ausgezeichnet<\/p>\n<p><strong>Ma\u00dfe (Achselbreite\/L\u00e4nge) in cm: <\/strong>51\/74<\/p>","protected":false},"excerpt":{"rendered":"<p><strong>Original Leeds United FC Ausw\u00e4rtstrikot aus der Saison 2022\/23 von Adidas.\u00a0<\/strong><\/p>\n<p>Ausw\u00e4rtsmodell <strong>Leeds United FC<\/strong> aus der Saison <strong>2022\/23<\/strong>hergestellt von <strong>Adidas<\/strong> in der Gr\u00f6\u00dfe <strong>M<\/strong>, stammt aus einer anspruchsvollen Kampagne in <strong>Erste Liga<\/strong>, in der der Verein von der Elland Road um den Verbleib in der h\u00f6chsten englischen Spielklasse k\u00e4mpfte. Es war eine Saison mit vielen personellen Ver\u00e4nderungen und Trainerwechseln, und die Mannschaft war fest entschlossen, lange Zeit in der Liga zu bleiben.<\/p>\n<p>Das T-Shirt wurde auf einer leuchtend gelben Basis produziert, die durch ein marineblaues Motiv erg\u00e4nzt wird, das an Streifen und Kleckse erinnert und dem Design einen dynamischen Charakter verleiht. Auf der Vorderseite ist ein Sponsorenaufdruck zu sehen. <strong>SBOTOP<\/strong>, w\u00e4hrend das Wappen <strong>Leeds United FC<\/strong> und Logo <strong>Adidas<\/strong> klassisch auf der Brust angeordnet. Drei Streifen charakteristisch f\u00fcr die Designs <strong>Adidas<\/strong> sind Teil der Identit\u00e4t des Herstellers und vervollst\u00e4ndigen die Gesamtkomposition.<\/p>\n<p>Saison <strong>2022\/23<\/strong> war f\u00fcr <strong>Leeds United FC<\/strong> schwierigen Phase des Wettbewerbs in <strong>Erste Liga<\/strong>. Zu den Farben der Mannschaft geh\u00f6rten damals. <strong>Rodrigo<\/strong>, einer der effektivsten Offensivspieler, <strong>Patrick Bamford<\/strong>, dem langj\u00e4hrigen St\u00fcrmer des Vereins, und <strong>Jack Harrison<\/strong>, verantwortlich f\u00fcr die Kreativit\u00e4t an den Fl\u00fcgeln. Dem Team geh\u00f6rten auch junge Vertreter aus den Vereinigten Staaten an, wie <strong>Tyler Adams<\/strong> i <strong>Brenden Aaronson<\/strong>, die viel Dynamik und Intensit\u00e4t in das Spiel brachten.<\/p>\n<p>Das T-Shirt ist aus leichtem und atmungsaktivem Material gefertigt und der Schnitt in Gr\u00f6\u00dfe <strong>M<\/strong> entspricht den Standards <strong>Adidas<\/strong>, und bietet die klassische Passform, die f\u00fcr die Designs der Marke charakteristisch ist.<\/p>\n<p>Dies ist ein Angebot f\u00fcr Sammler und Fans, die auf der Suche sind nach <strong>das originale Ausw\u00e4rtstrikot von Leeds United FC aus der Saison 2022\/23<\/strong>, der die Rivalit\u00e4t zwischen den Klubs in der Region deutlich macht. <strong>Erste Liga<\/strong>.<\/p>","protected":false},"featured_media":120753,"template":"","meta":{"_kad_blocks_custom_css":"","_kad_blocks_head_custom_js":"","_kad_blocks_body_custom_js":"","_kad_blocks_footer_custom_js":"","_kad_post_transparent":"default","_kad_post_title":"","_kad_post_layout":"default","_kad_post_sidebar_id":"","_kad_post_content_style":"default","_kad_post_vertical_padding":"default","_kad_post_feature":"","_kad_post_feature_position":"","_kad_post_header":false,"_kad_post_footer":false,"_kad_post_classname":""},"product_brand":[1283],"product_cat":[15,2032],"product_tag":[],"class_list":{"0":"post-118943","1":"product","2":"type-product","3":"status-publish","4":"has-post-thumbnail","6":"product_brand-adidas","7":"product_cat-bez-kategorii","8":"product_cat-leeds-united-fc","9":"pa_homeawaythird-away","10":"pa_rozmiar-m","12":"first","13":"instock","14":"taxable","15":"shipping-taxable","16":"purchasable","17":"product-type-simple","18":"entry","19":"content-bg","20":"loop-entry"},"taxonomy_info":{"product_brand":[{"value":1283,"label":"Adidas"}],"product_cat":[{"value":15,"label":"Bez kategorii"},{"value":2032,"label":"Leeds United FC"}],"pa_homeawaythird":[{"value":1598,"label":"Away"}],"pa_rozmiar":[{"value":1816,"label":"M"}]},"featured_image_src_large":["https:\/\/footballthrift.shop\/wp-content\/uploads\/2026\/03\/Photoroom_20260304_131210-1024x1024.jpg",1024,1024,true],"author_info":[],"comment_info":"","_links":{"self":[{"href":"https:\/\/footballthrift.shop\/de\/wp-json\/wp\/v2\/product\/118943","targetHints":{"allow":["GET"]}}],"collection":[{"href":"https:\/\/footballthrift.shop\/de\/wp-json\/wp\/v2\/product"}],"about":[{"href":"https:\/\/footballthrift.shop\/de\/wp-json\/wp\/v2\/types\/product"}],"wp:featuredmedia":[{"embeddable":true,"href":"https:\/\/footballthrift.shop\/de\/wp-json\/wp\/v2\/media\/120753"}],"wp:attachment":[{"href":"https:\/\/footballthrift.shop\/de\/wp-json\/wp\/v2\/media?parent=118943"}],"wp:term":[{"taxonomy":"product_brand","embeddable":true,"href":"https:\/\/footballthrift.shop\/de\/wp-json\/wp\/v2\/product_brand?post=118943"},{"taxonomy":"product_cat","embeddable":true,"href":"https:\/\/footballthrift.shop\/de\/wp-json\/wp\/v2\/product_cat?post=118943"},{"taxonomy":"product_tag","embeddable":true,"href":"https:\/\/footballthrift.shop\/de\/wp-json\/wp\/v2\/product_tag?post=118943"}],"curies":[{"name":"wp","href":"https:\/\/api.w.org\/{rel}","templated":true}]}}