{"id":118942,"date":"2026-03-08T17:59:37","date_gmt":"2026-03-08T16:59:37","guid":{"rendered":"https:\/\/footballthrift.shop\/?post_type=product&#038;p=118942"},"modified":"2026-03-09T11:23:33","modified_gmt":"2026-03-09T10:23:33","slug":"fusballtrikot-kolumbien-2014-15-auswarts-m","status":"publish","type":"product","link":"https:\/\/footballthrift.shop\/de\/koszulka-pilkarska-kolumbia-2014-15-away-m\/","title":{"rendered":"Koszulka pi\u0142karska Kolumbia 2014\/15 Away [M]"},"content":{"rendered":"<p><strong>Verein:<\/strong> Kolumbien<\/p>\n<p><strong>Saison:<\/strong> 2014\/15 Ausw\u00e4rts<\/p>\n<p><strong>Gr\u00f6\u00dfe: <\/strong>M<\/p>\n<p><strong>Zustand:<\/strong> Ausgezeichnet<\/p>\n<p><strong>Ma\u00dfe (Achselbreite\/L\u00e4nge) in cm: <\/strong>51\/74<\/p>","protected":false},"excerpt":{"rendered":"<p><strong>Original Ausw\u00e4rtstrikot der kolumbianischen Nationalmannschaft aus der Saison 2014\/15 von Adidas.\u00a0<\/strong><\/p>\n<p>Ausw\u00e4rtsmodell <strong>die kolumbianische Nationalmannschaft<\/strong> aus der Saison <strong>2014\/15<\/strong>hergestellt von <strong>Adidas<\/strong> in der Gr\u00f6\u00dfe <strong>M<\/strong>, stammt aus der Zeit eines der erfolgreichsten Turniere in der Geschichte dieser Mannschaft. Das Trikot wurde verwendet w\u00e4hrend <strong>Fu\u00dfballweltmeisterschaft 2014 in Brasilien<\/strong>, wobei <strong>Kolumbien<\/strong> beeindruckte mit seiner offensiven Spielweise und erzielte das beste Ergebnis in der Geschichte seiner WM-Teilnahmen.<\/p>\n<p>Das T-Shirt wurde auf rotem Grund hergestellt, um eine alternative Farbgebung zu erm\u00f6glichen. <strong>die kolumbianische Nationalmannschaft<\/strong>. Ein subtiles Pr\u00e4gemuster ist auf Brusth\u00f6he sichtbar und verleiht dem Design Tiefe und einen unverwechselbaren Stil. <strong>Adidas<\/strong> der damaligen Zeit. Die \u00c4rmel werden durch marineblaue Paneele und die f\u00fcr die Designs charakteristischen drei wei\u00dfen Streifen erg\u00e4nzt <strong>Adidas<\/strong>, die einen Kontrast zur roten Basis bilden. Wappen <strong>Federaci\u00f3n Colombiana de F\u00fatbol<\/strong> und Logo <strong>Adidas<\/strong> klassisch auf der Brust angeordnet.<\/p>\n<p>W\u00e4hrend <strong>Weltmeisterschaften 2014<\/strong> <strong>Nationalmannschaft Kolumbien<\/strong> erreichte das Viertelfinale des Turniers und zeigte dabei eine der beeindruckendsten Spielweisen der gesamten Weltmeisterschaft. Der gr\u00f6\u00dfte Star der Mannschaft war <strong>James Rodr\u00edguez<\/strong>, der sechs Tore erzielte und mit seinem Treffer gegen den FC Bayern zum besten Torsch\u00fctzen des Turniers wurde. <strong>Uruguay<\/strong> gilt als eines der sch\u00f6nsten Tore in der Geschichte der Weltmeisterschaft. In der Mannschaftsaufstellung standen unter anderem auch. <strong>Juan Cuadrado<\/strong>, verantwortlich f\u00fcr die Dynamik des Spiels auf den Fl\u00fcgeln, <strong>David Ospina<\/strong>, der Haupttorh\u00fcter der Mannschaft, und <strong>Mario Yepes<\/strong>, ein erfahrener Kapit\u00e4n und Abwehrchef.<\/p>\n<p>Das T-Shirt ist aus leichtem und atmungsaktivem Material gefertigt und der Schnitt in Gr\u00f6\u00dfe <strong>M<\/strong> entspricht den Standards <strong>Adidas<\/strong>, und bietet die klassische Passform, die f\u00fcr die Designs der Marke aus der Mitte des zweiten Jahrzehnts des 21. Jahrhunderts charakteristisch ist.<\/p>\n<p>Dies ist ein Angebot f\u00fcr Sammler und Fans, die auf der Suche sind nach <strong>das originale Ausw\u00e4rtstrikot der kolumbianischen Fu\u00dfballnationalmannschaft aus der Saison 2014\/15<\/strong>, der die historische Leistung des Teams auf der Messe deutlich macht <strong>Weltmeisterschaften 2014<\/strong>.<\/p>","protected":false},"featured_media":120745,"template":"","meta":{"_kad_blocks_custom_css":"","_kad_blocks_head_custom_js":"","_kad_blocks_body_custom_js":"","_kad_blocks_footer_custom_js":"","_kad_post_transparent":"default","_kad_post_title":"","_kad_post_layout":"default","_kad_post_sidebar_id":"","_kad_post_content_style":"default","_kad_post_vertical_padding":"default","_kad_post_feature":"","_kad_post_feature_position":"","_kad_post_header":false,"_kad_post_footer":false,"_kad_post_classname":""},"product_brand":[1283],"product_cat":[15,1457],"product_tag":[],"class_list":{"0":"post-118942","1":"product","2":"type-product","3":"status-publish","4":"has-post-thumbnail","6":"product_brand-adidas","7":"product_cat-bez-kategorii","8":"product_cat-pozostale","9":"pa_homeawaythird-away","10":"pa_rozmiar-m","12":"first","13":"instock","14":"taxable","15":"shipping-taxable","16":"purchasable","17":"product-type-simple","18":"entry","19":"content-bg","20":"loop-entry"},"taxonomy_info":{"product_brand":[{"value":1283,"label":"Adidas"}],"product_cat":[{"value":15,"label":"Bez kategorii"},{"value":1457,"label":"Pozosta\u0142e"}],"pa_homeawaythird":[{"value":1598,"label":"Away"}],"pa_rozmiar":[{"value":1816,"label":"M"}]},"featured_image_src_large":["https:\/\/footballthrift.shop\/wp-content\/uploads\/2026\/03\/Photoroom_20260304_131417-1024x1024.jpg",1024,1024,true],"author_info":[],"comment_info":"","_links":{"self":[{"href":"https:\/\/footballthrift.shop\/de\/wp-json\/wp\/v2\/product\/118942","targetHints":{"allow":["GET"]}}],"collection":[{"href":"https:\/\/footballthrift.shop\/de\/wp-json\/wp\/v2\/product"}],"about":[{"href":"https:\/\/footballthrift.shop\/de\/wp-json\/wp\/v2\/types\/product"}],"wp:featuredmedia":[{"embeddable":true,"href":"https:\/\/footballthrift.shop\/de\/wp-json\/wp\/v2\/media\/120745"}],"wp:attachment":[{"href":"https:\/\/footballthrift.shop\/de\/wp-json\/wp\/v2\/media?parent=118942"}],"wp:term":[{"taxonomy":"product_brand","embeddable":true,"href":"https:\/\/footballthrift.shop\/de\/wp-json\/wp\/v2\/product_brand?post=118942"},{"taxonomy":"product_cat","embeddable":true,"href":"https:\/\/footballthrift.shop\/de\/wp-json\/wp\/v2\/product_cat?post=118942"},{"taxonomy":"product_tag","embeddable":true,"href":"https:\/\/footballthrift.shop\/de\/wp-json\/wp\/v2\/product_tag?post=118942"}],"curies":[{"name":"wp","href":"https:\/\/api.w.org\/{rel}","templated":true}]}}