{"id":118941,"date":"2026-03-08T17:59:37","date_gmt":"2026-03-08T16:59:37","guid":{"rendered":"https:\/\/footballthrift.shop\/?post_type=product&#038;p=118941"},"modified":"2026-03-09T11:23:33","modified_gmt":"2026-03-09T10:23:33","slug":"fusball-trikot-irland-1994-95-heim-m","status":"publish","type":"product","link":"https:\/\/footballthrift.shop\/de\/koszulka-pilkarska-irlandia-1994-95-home-m\/","title":{"rendered":"Koszulka pi\u0142karska Irlandia 1994\/95 Home [L]"},"content":{"rendered":"<p><strong>Verein:<\/strong> Irland<\/p>\n<p><strong>Saison:<\/strong> 1994\/95 Heimat<\/p>\n<p><strong>Gr\u00f6\u00dfe: <\/strong>L<\/p>\n<p><strong>Zustand:<\/strong> Sehr gut - zwei Mikrostiche.<\/p>\n<p><strong>Ma\u00dfe (Achselbreite\/L\u00e4nge) in cm: <\/strong>57\/74<\/p>","protected":false},"excerpt":{"rendered":"<p><strong>Original Heimtrikot der irischen Nationalmannschaft aus der Saison 1994\/95 von Adidas.\u00a0<\/strong><\/p>\n<p>Heimmodell <strong>die irische Nationalmannschaft<\/strong> aus der Saison <strong>1994\/95<\/strong>hergestellt von <strong>Adidas<\/strong> in der Gr\u00f6\u00dfe <strong>L<\/strong>, stammt aus einer Zeit, die zu den gr\u00f6\u00dften Erfolgen in der Geschichte dieser Mannschaft z\u00e4hlt. Diese Jahre stehen in direktem Zusammenhang mit der Leistung <strong>Irland<\/strong> auf <strong>Weltmeisterschaften 1994 in den USA<\/strong>, wo sich die Mannschaft nach einem erfolgreichen Turnier vier Jahre zuvor erneut auf der Weltb\u00fchne profilieren konnte.<\/p>\n<p>Das T-Shirt wurde auf einem gr\u00fcnen Untergrund hergestellt, der das Symbol der Nationalfarben ist. <strong>die irische Nationalmannschaft<\/strong>. Die Vorderseite weist subtile Muster auf, die auf die irische Kultur und Traditionen verweisen und dem Design einen unverwechselbaren Stil verleihen, der typisch f\u00fcr Projekte <strong>Adidas<\/strong> Der Kragen ist in den Farben der irischen Flagge gehalten, w\u00e4hrend die \u00c4rmel mit gestickten Nationalflaggen versehen sind. Auf der Vorderseite steht ein Sponsorenaufdruck im Mittelpunkt <strong>Opel<\/strong>, das die Fan-Version des Trikots angibt - <strong>Irland<\/strong> bleibt die einzige Nationalmannschaft, die seit Jahren offizielle, mit dem Sponsor bedruckte Trikots f\u00fcr Fans verkauft.<\/p>\n<p>W\u00e4hrend <strong>Weltmeisterschaften 1994<\/strong> <strong>Irische Nationalmannschaft<\/strong> eine sehr solide Leistung gezeigt und die Gruppe mit einem Sieg \u00fcber die <strong>Italien<\/strong> In einem der denkw\u00fcrdigsten Spiele der irischen Fu\u00dfballgeschichte. Die Mannschaft unter der F\u00fchrung von <strong>Jack Charlton<\/strong> erreichte die K.o.-Phase des Turniers, wo sie im 1\/8-Finale ausschied. Die Mannschaft bestand damals aus folgenden Spielern. <strong>Roy Keane<\/strong>, die in den folgenden Jahren zu einer Legende wurde <strong>Manchester United<\/strong>, <strong>John Aldridge<\/strong>, ein erfahrener St\u00fcrmer und offensiver Anf\u00fchrer, <strong>Paul McGrath<\/strong>, einer der herausragendsten Verteidiger in der Geschichte des irischen Fu\u00dfballs, und <strong>Ray Houghton<\/strong>, Protagonist vieler wichtiger Treffen der Nationalmannschaft.<\/p>\n<p>Das T-Shirt ist aus einem leichten Material gefertigt, das f\u00fcr die Designs von <strong>Adidas<\/strong> aus der Mitte der 90er Jahre, Schnitt in Gr\u00f6\u00dfe <strong>L<\/strong> entspricht dem damaligen Standard des Herstellers und bietet eine klassische Passform, wie sie f\u00fcr repr\u00e4sentative Retro-Hemden typisch ist.<\/p>\n<p>Dies ist ein Angebot f\u00fcr Sammler und Fans, die auf der Suche sind nach <strong>das Original-Heimtrikot der irischen Fu\u00dfballnationalmannschaft aus der Saison 1994\/95<\/strong>, der eine lesbare Aufzeichnung der Leistung des Teams bei der <strong>Weltmeisterschaften 1994<\/strong> und einer der denkw\u00fcrdigsten Abschnitte in der Geschichte der irischen Mannschaft.<\/p>","protected":false},"featured_media":120735,"template":"","meta":{"_kad_blocks_custom_css":"","_kad_blocks_head_custom_js":"","_kad_blocks_body_custom_js":"","_kad_blocks_footer_custom_js":"","_kad_post_transparent":"default","_kad_post_title":"","_kad_post_layout":"default","_kad_post_sidebar_id":"","_kad_post_content_style":"default","_kad_post_vertical_padding":"default","_kad_post_feature":"","_kad_post_feature_position":"","_kad_post_header":false,"_kad_post_footer":false,"_kad_post_classname":""},"product_brand":[1283],"product_cat":[15,1489],"product_tag":[],"class_list":{"0":"post-118941","1":"product","2":"type-product","3":"status-publish","4":"has-post-thumbnail","6":"product_brand-adidas","7":"product_cat-bez-kategorii","8":"product_cat-pozostale-reprezentacje-europa","9":"pa_homeawaythird-home","10":"pa_rozmiar-l","12":"first","13":"instock","14":"taxable","15":"shipping-taxable","16":"purchasable","17":"product-type-simple","18":"entry","19":"content-bg","20":"loop-entry"},"taxonomy_info":{"product_brand":[{"value":1283,"label":"Adidas"}],"product_cat":[{"value":15,"label":"Bez kategorii"},{"value":1489,"label":"Pozosta\u0142e"}],"pa_homeawaythird":[{"value":1597,"label":"Home"}],"pa_rozmiar":[{"value":1817,"label":"L"}]},"featured_image_src_large":["https:\/\/footballthrift.shop\/wp-content\/uploads\/2026\/03\/Photoroom_20260304_132009-1024x1024.jpg",1024,1024,true],"author_info":[],"comment_info":"","_links":{"self":[{"href":"https:\/\/footballthrift.shop\/de\/wp-json\/wp\/v2\/product\/118941","targetHints":{"allow":["GET"]}}],"collection":[{"href":"https:\/\/footballthrift.shop\/de\/wp-json\/wp\/v2\/product"}],"about":[{"href":"https:\/\/footballthrift.shop\/de\/wp-json\/wp\/v2\/types\/product"}],"wp:featuredmedia":[{"embeddable":true,"href":"https:\/\/footballthrift.shop\/de\/wp-json\/wp\/v2\/media\/120735"}],"wp:attachment":[{"href":"https:\/\/footballthrift.shop\/de\/wp-json\/wp\/v2\/media?parent=118941"}],"wp:term":[{"taxonomy":"product_brand","embeddable":true,"href":"https:\/\/footballthrift.shop\/de\/wp-json\/wp\/v2\/product_brand?post=118941"},{"taxonomy":"product_cat","embeddable":true,"href":"https:\/\/footballthrift.shop\/de\/wp-json\/wp\/v2\/product_cat?post=118941"},{"taxonomy":"product_tag","embeddable":true,"href":"https:\/\/footballthrift.shop\/de\/wp-json\/wp\/v2\/product_tag?post=118941"}],"curies":[{"name":"wp","href":"https:\/\/api.w.org\/{rel}","templated":true}]}}