{"id":118939,"date":"2026-03-08T17:59:38","date_gmt":"2026-03-08T16:59:38","guid":{"rendered":"https:\/\/footballthrift.shop\/?post_type=product&#038;p=118939"},"modified":"2026-03-09T11:23:33","modified_gmt":"2026-03-09T10:23:33","slug":"fusball-trikot-hannover-96-2023-24-heim-23-halstenberg-xl","status":"publish","type":"product","link":"https:\/\/footballthrift.shop\/de\/koszulka-pilkarska-hannover-96-2023-24-home-23-halstenberg-xl\/","title":{"rendered":"Koszulka pi\u0142karska Hannover 96 2023\/24 Home 23 Halstenberg [XL]"},"content":{"rendered":"<p><strong>Verein:<\/strong> Hannover 96<\/p>\n<p><strong>Saison:<\/strong> 2023\/24 Startseite<\/p>\n<p><strong>Gr\u00f6\u00dfe: <\/strong>XL<\/p>\n<p><strong>Zustand:<\/strong> Sehr gut - leichte Verschmutzung der R\u00fcckennummer.<\/p>\n<p><strong>Ma\u00dfe (Achselbreite\/L\u00e4nge) in cm: <\/strong>55\/76<\/p>","protected":false},"excerpt":{"rendered":"<p><strong>Original Hannover 96 Heimtrikot aus der Saison 2023\/24, produziert von Macron und gedruckt von Marcel Halstenberg.\u00a0<\/strong><\/p>\n<p>Heimmodell <strong>Hannover 96<\/strong> aus der Saison <strong>2023\/24<\/strong>hergestellt von <strong>Macrona<\/strong> in der Gr\u00f6\u00dfe <strong>XL<\/strong>, stammt aus der Zeit, als der Verein um den Wiederaufstieg in die h\u00f6chste deutsche Spielklasse k\u00e4mpfte. Die Mannschaft konkurrierte in <strong>2. bundesliga<\/strong>, Sie will an die besten Jahre ihrer Geschichte ankn\u00fcpfen und wieder in den Kampf um den Aufstieg in die Bundesliga eingreifen. <strong>Bundesliga<\/strong>.<\/p>\n<p>Das T-Shirt wurde auf einer roten Basis hergestellt, die die Grundlage der Identit\u00e4t ist. <strong>Hannover 96<\/strong>. Ein subtiles Muster ist auf dem gesamten Stoff sichtbar und verleiht dem Design einen modernen Touch. Der Kragen und die \u00c4rmel sind in Schwarz, Gr\u00fcn und Wei\u00df gehalten, was die Vereinsfarben widerspiegelt. Auf der Vorderseite ist ein Sponsorenaufdruck zu sehen. <strong>Gehirn-Haus 247<\/strong>, w\u00e4hrend das Wappen <strong>Hannover 96<\/strong> und Logo <strong>Macron<\/strong> klassisch auf der Brust angeordnet.<\/p>\n<p>Auf der R\u00fcckseite befindet sich ein origineller Aufdruck. <strong>Marcel Halstenberg<\/strong>, ein erfahrener Verteidiger und deutscher Vertreter, der in der Saison von <strong>2023\/24<\/strong> kehrte in seine Heimatstadt zur\u00fcck und st\u00e4rkte die Defensive <strong>Hannover 96<\/strong>. <strong>Marcel Halstenberg<\/strong> war einer der Mannschaftsf\u00fchrer und brachte seine Erfahrung aus dem Spiel in der <strong>RB Leipzig<\/strong> und Auftritte in der deutschen Nationalmannschaft. Weitere Spieler der Mannschaft waren. <strong>Nicolo Tresoldi<\/strong>, ein junger St\u00fcrmer, der als eines der gr\u00f6\u00dften Talente des Vereins gilt, <strong>Cedric Teuchert<\/strong>, die f\u00fcr die Offensive verantwortlich sind, und <strong>Ron-Robert Zieler<\/strong>, ein erfahrener Torwart und Mannschaftskapit\u00e4n.<\/p>\n<p>Das T-Shirt ist aus leichtem und atmungsaktivem Material gefertigt und der Schnitt in Gr\u00f6\u00dfe <strong>XL<\/strong> entspricht den Standards <strong>Macrona<\/strong>, und bietet die klassische Passform, die f\u00fcr die Designs der Marke charakteristisch ist.<\/p>\n<p>Dies ist ein Angebot f\u00fcr Sammler und Fans, die auf der Suche sind nach <strong>das Original Hannover 96 Heimtrikot aus der Saison 2023\/24<\/strong>, der den Kampf des Vereins um die R\u00fcckkehr in die Bundesliga deutlich macht. <strong>Bundesliga<\/strong> und R\u00fcckkehr <strong>Marcel Halstenberg<\/strong> an das Familienteam.<\/p>","protected":false},"featured_media":120717,"template":"","meta":{"_kad_blocks_custom_css":"","_kad_blocks_head_custom_js":"","_kad_blocks_body_custom_js":"","_kad_blocks_footer_custom_js":"","_kad_post_transparent":"default","_kad_post_title":"","_kad_post_layout":"default","_kad_post_sidebar_id":"","_kad_post_content_style":"default","_kad_post_vertical_padding":"default","_kad_post_feature":"","_kad_post_feature_position":"","_kad_post_header":false,"_kad_post_footer":false,"_kad_post_classname":""},"product_brand":[1296],"product_cat":[15,1490],"product_tag":[],"class_list":{"0":"post-118939","1":"product","2":"type-product","3":"status-publish","4":"has-post-thumbnail","6":"product_brand-macron","7":"product_cat-bez-kategorii","8":"product_cat-pozostale-kluby-niemieckie","9":"pa_homeawaythird-home","10":"pa_rozmiar-xl","12":"first","13":"instock","14":"taxable","15":"shipping-taxable","16":"purchasable","17":"product-type-simple","18":"entry","19":"content-bg","20":"loop-entry"},"taxonomy_info":{"product_brand":[{"value":1296,"label":"macron"}],"product_cat":[{"value":15,"label":"Bez kategorii"},{"value":1490,"label":"Pozosta\u0142e kluby niemieckie"}],"pa_homeawaythird":[{"value":1597,"label":"Home"}],"pa_rozmiar":[{"value":1818,"label":"XL"}]},"featured_image_src_large":["https:\/\/footballthrift.shop\/wp-content\/uploads\/2026\/03\/Photoroom_20260304_130331-1024x1024.jpg",1024,1024,true],"author_info":[],"comment_info":"","_links":{"self":[{"href":"https:\/\/footballthrift.shop\/de\/wp-json\/wp\/v2\/product\/118939","targetHints":{"allow":["GET"]}}],"collection":[{"href":"https:\/\/footballthrift.shop\/de\/wp-json\/wp\/v2\/product"}],"about":[{"href":"https:\/\/footballthrift.shop\/de\/wp-json\/wp\/v2\/types\/product"}],"wp:featuredmedia":[{"embeddable":true,"href":"https:\/\/footballthrift.shop\/de\/wp-json\/wp\/v2\/media\/120717"}],"wp:attachment":[{"href":"https:\/\/footballthrift.shop\/de\/wp-json\/wp\/v2\/media?parent=118939"}],"wp:term":[{"taxonomy":"product_brand","embeddable":true,"href":"https:\/\/footballthrift.shop\/de\/wp-json\/wp\/v2\/product_brand?post=118939"},{"taxonomy":"product_cat","embeddable":true,"href":"https:\/\/footballthrift.shop\/de\/wp-json\/wp\/v2\/product_cat?post=118939"},{"taxonomy":"product_tag","embeddable":true,"href":"https:\/\/footballthrift.shop\/de\/wp-json\/wp\/v2\/product_tag?post=118939"}],"curies":[{"name":"wp","href":"https:\/\/api.w.org\/{rel}","templated":true}]}}