{"id":118938,"date":"2026-03-08T17:59:39","date_gmt":"2026-03-08T16:59:39","guid":{"rendered":"https:\/\/footballthrift.shop\/?post_type=product&#038;p=118938"},"modified":"2026-03-09T11:23:33","modified_gmt":"2026-03-09T10:23:33","slug":"fc-bayern-monachium-fusballtrikot-2015-16-dritte-l","status":"publish","type":"product","link":"https:\/\/footballthrift.shop\/de\/koszulka-pilkarska-fc-bayern-monachium-2015-16-third-l\/","title":{"rendered":"Koszulka pi\u0142karska FC Bayern Monachium 2015\/16 Third [L]"},"content":{"rendered":"<p><strong>Verein:<\/strong> FC Bayern M\u00fcnchen<\/p>\n<p><strong>Saison:<\/strong> 2015\/16 Dritter<\/p>\n<p><strong>Gr\u00f6\u00dfe: <\/strong>L<\/p>\n<p><strong>Zustand:<\/strong> Ausgezeichnet<\/p>\n<p><strong>Ma\u00dfe (Achselbreite\/L\u00e4nge) in cm: <\/strong>55\/74<\/p>","protected":false},"excerpt":{"rendered":"<p><strong>Das originale dritte Bayern M\u00fcnchen Fu\u00dfballtrikot aus der Saison 2015\/16 von Adidas.\u00a0<\/strong><\/p>\n<p>Das dritte Modell <strong>Bayern M\u00fcnchen<\/strong> aus der Saison <strong>2015\/16<\/strong>hergestellt von <strong>Adidas<\/strong> in der Gr\u00f6\u00dfe <strong>L<\/strong>, stammt aus dem letzten Jahr der Arbeit <strong>Pep Guardiola<\/strong> bei dem bayerischen Verein. Damals geh\u00f6rte die Mannschaft zur absoluten Spitze des europ\u00e4ischen Fu\u00dfballs und dominierte die <strong>Bundesliga<\/strong> und im Wettbewerb um die h\u00f6chsten Ziele in <strong>Champions League<\/strong>.<\/p>\n<p>Das T-Shirt wurde auf einem marineblauen Grundton gefertigt, der dem Design eine schlichte und moderne Note verleiht. Die \u00c4rmel und die drei Streifen sind charakteristisch f\u00fcr die Designs <strong>Adidas<\/strong> Das Trikot ist in einem leuchtenden Rot gehalten, das einen Kontrast zum dunklen Hintergrund des Trikots bildet. Auf der Vorderseite steht ein Sponsorenaufdruck im Mittelpunkt <strong>T-Mobile<\/strong>, w\u00e4hrend das Wappen <strong>Bayern M\u00fcnchen<\/strong> und Logo <strong>Adidas<\/strong> klassisch auf der Brust angeordnet, um eine klare und symmetrische Komposition zu erhalten.<\/p>\n<p>Saison <strong>2015\/16<\/strong> war f\u00fcr <strong>Bayern M\u00fcnchen<\/strong> eine weitere meisterhafte Kampagne in <strong>Bundesliga<\/strong>. Die Mannschaft gewann den deutschen Meistertitel und triumphierte in der <strong>Deutscher Pokal<\/strong>, Der Erfolg der Mannschaft im Lande wurde best\u00e4tigt. Die Mannschaft bestand damals aus folgenden Spielern. <strong>Robert Lewandowski<\/strong>, einer der effektivsten St\u00fcrmer Europas, <strong>Thomas M\u00fcller<\/strong>, ein wichtiger Offensivspieler, und <strong>Arjen Robben<\/strong> i <strong>Franck Rib\u00e9ry<\/strong>, die eines der dynamischsten Fl\u00fcgelduos ihrer Zeit bildeten. Eine wichtige Rolle im Mittelfeld spielten auch die <strong>Xabi Alonso<\/strong> und <strong>Arturo Vidal<\/strong>, und in der Defensive wurde das Team unterst\u00fctzt von <strong>Manuel Neuer<\/strong> i <strong>Jerome Boateng<\/strong>.<\/p>\n<p>Das T-Shirt ist aus leichtem und atmungsaktivem Material gefertigt und der Schnitt in Gr\u00f6\u00dfe <strong>L<\/strong> entspricht den Standards <strong>Adidas<\/strong>, und bietet die klassische Passform, die f\u00fcr die Entw\u00fcrfe der Marke in der zweiten H\u00e4lfte des zweiten Jahrzehnts des 21. Jahrhunderts charakteristisch ist.<\/p>\n<p>Dies ist ein Angebot f\u00fcr Sammler und Fans, die auf der Suche sind nach <strong>Das originale dritte Trikot des FC Bayern M\u00fcnchen aus der Saison 2015\/16<\/strong>, die eine lesbare Aufzeichnung der letzten Arbeitssaison ist <strong>Pep Guardiola<\/strong> und eine weitere Meisterschaft <strong>Bundesliga<\/strong> f\u00fcr den bayerischen Riesen.<\/p>","protected":false},"featured_media":120710,"template":"","meta":{"_kad_blocks_custom_css":"","_kad_blocks_head_custom_js":"","_kad_blocks_body_custom_js":"","_kad_blocks_footer_custom_js":"","_kad_post_transparent":"default","_kad_post_title":"","_kad_post_layout":"default","_kad_post_sidebar_id":"","_kad_post_content_style":"default","_kad_post_vertical_padding":"default","_kad_post_feature":"","_kad_post_feature_position":"","_kad_post_header":false,"_kad_post_footer":false,"_kad_post_classname":""},"product_brand":[1283],"product_cat":[15,1455],"product_tag":[],"class_list":{"0":"post-118938","1":"product","2":"type-product","3":"status-publish","4":"has-post-thumbnail","6":"product_brand-adidas","7":"product_cat-bez-kategorii","8":"product_cat-kluby-niemieckie-fcbayernmonachium","9":"pa_homeawaythird-third","10":"pa_rozmiar-l","12":"first","13":"instock","14":"taxable","15":"shipping-taxable","16":"purchasable","17":"product-type-simple","18":"entry","19":"content-bg","20":"loop-entry"},"taxonomy_info":{"product_brand":[{"value":1283,"label":"Adidas"}],"product_cat":[{"value":15,"label":"Bez kategorii"},{"value":1455,"label":"FC Bayern Monachium"}],"pa_homeawaythird":[{"value":1599,"label":"Third"}],"pa_rozmiar":[{"value":1817,"label":"L"}]},"featured_image_src_large":["https:\/\/footballthrift.shop\/wp-content\/uploads\/2026\/03\/Photoroom_20260304_131909-1024x1024.jpg",1024,1024,true],"author_info":[],"comment_info":"","_links":{"self":[{"href":"https:\/\/footballthrift.shop\/de\/wp-json\/wp\/v2\/product\/118938","targetHints":{"allow":["GET"]}}],"collection":[{"href":"https:\/\/footballthrift.shop\/de\/wp-json\/wp\/v2\/product"}],"about":[{"href":"https:\/\/footballthrift.shop\/de\/wp-json\/wp\/v2\/types\/product"}],"wp:featuredmedia":[{"embeddable":true,"href":"https:\/\/footballthrift.shop\/de\/wp-json\/wp\/v2\/media\/120710"}],"wp:attachment":[{"href":"https:\/\/footballthrift.shop\/de\/wp-json\/wp\/v2\/media?parent=118938"}],"wp:term":[{"taxonomy":"product_brand","embeddable":true,"href":"https:\/\/footballthrift.shop\/de\/wp-json\/wp\/v2\/product_brand?post=118938"},{"taxonomy":"product_cat","embeddable":true,"href":"https:\/\/footballthrift.shop\/de\/wp-json\/wp\/v2\/product_cat?post=118938"},{"taxonomy":"product_tag","embeddable":true,"href":"https:\/\/footballthrift.shop\/de\/wp-json\/wp\/v2\/product_tag?post=118938"}],"curies":[{"name":"wp","href":"https:\/\/api.w.org\/{rel}","templated":true}]}}