{"id":118937,"date":"2026-03-08T17:59:40","date_gmt":"2026-03-08T16:59:40","guid":{"rendered":"https:\/\/footballthrift.shop\/?post_type=product&#038;p=118937"},"modified":"2026-03-09T11:23:32","modified_gmt":"2026-03-09T10:23:32","slug":"fc-bayern-monachium-fusball-trikot-1993-95-auswarts-s","status":"publish","type":"product","link":"https:\/\/footballthrift.shop\/de\/koszulka-pilkarska-fc-bayern-monachium-1993-95-away-s\/","title":{"rendered":"Koszulka pi\u0142karska FC Bayern Monachium 1993\/95 Away [S]"},"content":{"rendered":"<p><strong>Verein:<\/strong> FC Bayern M\u00fcnchen<\/p>\n<p><strong>Saison:<\/strong> 1993\/95 Ausw\u00e4rts<\/p>\n<p><strong>Gr\u00f6\u00dfe: <\/strong>S<\/p>\n<p><strong>Zustand:<\/strong> Schwach - Mikrofleck auf der Vorderseite, gro\u00dfer Zug auf der Vorderseite und eine betr\u00e4chtliche Anzahl kleinerer Flecken.<\/p>\n<p><strong>Ma\u00dfe (Achselbreite\/L\u00e4nge) in cm: <\/strong>51\/72<\/p>","protected":false},"excerpt":{"rendered":"<p><strong>Original Bayern M\u00fcnchen Ausw\u00e4rtstrikot von 1993\/95 von Adidas.\u00a0<\/strong><\/p>\n<p>Ausw\u00e4rtsmodell <strong>Bayern M\u00fcnchen<\/strong> im Laufe der Jahre <strong>1993\/95<\/strong>hergestellt von <strong>Adidas<\/strong>, Er kommt aus einer Zeit, in der der Verein in einem intensiven Wettbewerb um die R\u00fcckkehr an die Spitze der deutschen Bundesliga steht. <strong>Bundesliga<\/strong> und den Aufbau einer neuen Generation der Mannschaft. Es waren \u00dcbergangsjahre, in denen der bayerische Verein eine der wichtigsten Mannschaften im deutschen Fu\u00dfball blieb, w\u00e4hrend er sich auf weitere Erfolge in der zweiten H\u00e4lfte des Jahrzehnts vorbereitete.<\/p>\n<p>Das T-Shirt wurde auf einem intensiv gelben Grundton produziert, der sich von den traditionellen Farben abhebt. <strong>Bayern M\u00fcnchen<\/strong>. Der Aufdruck des Sponsors steht auf der Vorderseite im Mittelpunkt. <strong>OPEL<\/strong>, einem der ikonischsten Sponsoren in der Geschichte des Vereins. Ein markantes Designelement sind die dicken diagonalen Streifen in Gr\u00fcn und Schwarz - einer verl\u00e4uft von rechts oben auf der Vorderseite, der andere von links unten -, die zusammenlaufen und Platz f\u00fcr das Logo des Sponsors lassen. Der Kragen und die \u00c4rmel sind in einer Kombination aus Gr\u00fcn und Gelb gehalten, und das Wappen <strong>Bayern M\u00fcnchen<\/strong> und Logo <strong>Adidas<\/strong> klassisch auf der Brust angeordnet.<\/p>\n<p>Jahre <strong>1993\u20131995<\/strong> waren f\u00fcr <strong>Bayern M\u00fcnchen<\/strong> eine Phase des Wiederaufbaus und der schrittweisen Verst\u00e4rkung des Personals. Zum Team geh\u00f6rten damals. <strong>Lothar Matth\u00e4us<\/strong>, einer der herausragendsten deutschen Fu\u00dfballspieler der Geschichte, <strong>Mehmet Scholl<\/strong>, ein \u00e4u\u00dferst kreativer Mittelfeldspieler, und <strong>Oliver Kahn<\/strong>, der 1994 dem Verein beitrat und in den folgenden Jahren zu einer Torwartlegende wurde <strong>Bayern M\u00fcnchen<\/strong>. Zum Team geh\u00f6rten auch Spieler wie. <strong>Thomas Helmer<\/strong>, <strong>Christian Ziege<\/strong> oder <strong>Jean-Pierre Papin<\/strong>, und bildeten ein Team, das den Grundstein f\u00fcr die sp\u00e4teren Erfolge des bayerischen Riesen legte.<\/p>\n<p>Das T-Shirt ist aus einem leichten Material gefertigt, das f\u00fcr die Designs von <strong>Adidas<\/strong> aus der ersten H\u00e4lfte der 1990er Jahre. Der Schnitt entspricht den damaligen Standards des Herstellers und bietet eine klassische Passform, wie sie f\u00fcr Retro-Fu\u00dfballdesigns typisch ist.<\/p>\n<p>Dies ist ein Angebot f\u00fcr Sammler und Fans, die auf der Suche sind nach <strong>das original Bayern M\u00fcnchen Ausw\u00e4rtstrikot von 1993\/95<\/strong>, das eines der charakteristischsten Projekte der Europ\u00e4ischen Union dokumentiert <strong>Adidas<\/strong> und ein wichtiger Abschnitt in der Geschichte des bayerischen Vereins.<\/p>","protected":false},"featured_media":120692,"template":"","meta":{"_kad_blocks_custom_css":"","_kad_blocks_head_custom_js":"","_kad_blocks_body_custom_js":"","_kad_blocks_footer_custom_js":"","_kad_post_transparent":"default","_kad_post_title":"","_kad_post_layout":"default","_kad_post_sidebar_id":"","_kad_post_content_style":"default","_kad_post_vertical_padding":"default","_kad_post_feature":"","_kad_post_feature_position":"","_kad_post_header":false,"_kad_post_footer":false,"_kad_post_classname":""},"product_brand":[1283],"product_cat":[15,1455],"product_tag":[],"class_list":{"0":"post-118937","1":"product","2":"type-product","3":"status-publish","4":"has-post-thumbnail","6":"product_brand-adidas","7":"product_cat-bez-kategorii","8":"product_cat-kluby-niemieckie-fcbayernmonachium","9":"pa_homeawaythird-away","10":"pa_rozmiar-s","12":"first","13":"instock","14":"taxable","15":"shipping-taxable","16":"purchasable","17":"product-type-simple","18":"entry","19":"content-bg","20":"loop-entry"},"taxonomy_info":{"product_brand":[{"value":1283,"label":"Adidas"}],"product_cat":[{"value":15,"label":"Bez kategorii"},{"value":1455,"label":"FC Bayern Monachium"}],"pa_homeawaythird":[{"value":1598,"label":"Away"}],"pa_rozmiar":[{"value":1815,"label":"S"}]},"featured_image_src_large":["https:\/\/footballthrift.shop\/wp-content\/uploads\/2026\/03\/Photoroom_20260304_130502-1024x1024.jpg",1024,1024,true],"author_info":[],"comment_info":"","_links":{"self":[{"href":"https:\/\/footballthrift.shop\/de\/wp-json\/wp\/v2\/product\/118937","targetHints":{"allow":["GET"]}}],"collection":[{"href":"https:\/\/footballthrift.shop\/de\/wp-json\/wp\/v2\/product"}],"about":[{"href":"https:\/\/footballthrift.shop\/de\/wp-json\/wp\/v2\/types\/product"}],"wp:featuredmedia":[{"embeddable":true,"href":"https:\/\/footballthrift.shop\/de\/wp-json\/wp\/v2\/media\/120692"}],"wp:attachment":[{"href":"https:\/\/footballthrift.shop\/de\/wp-json\/wp\/v2\/media?parent=118937"}],"wp:term":[{"taxonomy":"product_brand","embeddable":true,"href":"https:\/\/footballthrift.shop\/de\/wp-json\/wp\/v2\/product_brand?post=118937"},{"taxonomy":"product_cat","embeddable":true,"href":"https:\/\/footballthrift.shop\/de\/wp-json\/wp\/v2\/product_cat?post=118937"},{"taxonomy":"product_tag","embeddable":true,"href":"https:\/\/footballthrift.shop\/de\/wp-json\/wp\/v2\/product_tag?post=118937"}],"curies":[{"name":"wp","href":"https:\/\/api.w.org\/{rel}","templated":true}]}}