{"id":118936,"date":"2026-03-08T17:59:40","date_gmt":"2026-03-08T16:59:40","guid":{"rendered":"https:\/\/footballthrift.shop\/?post_type=product&#038;p=118936"},"modified":"2026-03-09T11:23:32","modified_gmt":"2026-03-09T10:23:32","slug":"fc-barcelona-football-shirt-2022-23-dritte-9-lewandowski-m","status":"publish","type":"product","link":"https:\/\/footballthrift.shop\/de\/koszulka-pilkarska-fc-barcelona-2022-23-third-9-lewandowski-m\/","title":{"rendered":"Koszulka pi\u0142karska FC Barcelona 2022\/23 Third 9 Lewandowski [M]"},"content":{"rendered":"<p><strong>Verein:<\/strong> FC Barcelona<\/p>\n<p><strong>Saison:<\/strong> 2022\/23 Dritter<\/p>\n<p><strong>Gr\u00f6\u00dfe: <\/strong>M<\/p>\n<p><strong>Zustand:<\/strong> Sehr gut - Mikroflecken oberhalb des Wappens und ein leicht besch\u00e4digter Buchstabe 'L\u2019 im Namen.<\/p>\n<p><strong>Ma\u00dfe (Achselbreite\/L\u00e4nge) in cm: <\/strong>51\/72<\/p>","protected":false},"excerpt":{"rendered":"<p><strong>Originales drittes FC Barcelona Fu\u00dfballtrikot aus der Saison 2022\/23 von Nike, bedruckt mit Robert Lewandowski.\u00a0<\/strong><\/p>\n<p>Dritter Satz <strong>FC Barcelona<\/strong> aus der Saison <strong>2022\/23<\/strong>hergestellt von <strong>Nike<\/strong> in der Gr\u00f6\u00dfe <strong>M<\/strong>, ist das Ergebnis der ersten vollst\u00e4ndigen Saison des Wiederaufbaus des Teams unter der Leitung von <strong>Xavi Hern\u00e1ndez<\/strong>. Es war eine \u00e4u\u00dferst erfolgreiche Zeit f\u00fcr den katalanischen Verein, die mit dem Gewinn des Europapokals der Landesmeister gipfelte. <strong>Spanische Meisterschaft<\/strong> und zur\u00fcck <strong>FC Barcelona<\/strong> Gipfel <strong>La Liga<\/strong>.<\/p>\n<p>Das T-Shirt wurde auf einem grauen Untergrund hergestellt, der von einem gro\u00dfen, ausdrucksstarken Kreuz in Blau und Rot durchzogen ist, das auf die traditionellen Farben der Niederlande verweist. <strong>FC Barcelona<\/strong>. Dies ist die Version ohne den Aufdruck des Sponsors. <strong>Spotify<\/strong>, das das zentrale Element der Komposition ist. Wappen <strong>FC Barcelona<\/strong> und Logo <strong>Nike<\/strong> klassisch auf der Brust eingesetzt, wobei der k\u00fchne und moderne Designcharakter des dritten Sets erhalten bleibt.<\/p>\n<p>Auf der R\u00fcckseite befindet sich ein origineller Aufdruck. <strong>Robert Lewandowski<\/strong>, f\u00fcr die die Saison <strong>2022\/23<\/strong> war der erste in den Farben der <strong>FC Barcelona<\/strong>. Der polnische St\u00fcrmer wurde sofort zum offensiven Anf\u00fchrer der Mannschaft und gewann den Titel des <strong>Der Torsch\u00fctzenk\u00f6nig der La Liga<\/strong> und spielte eine Schl\u00fcsselrolle in der Meisterschaftskampagne. Weitere Spieler im Team waren. <strong>Pedri<\/strong>, verantwortlich f\u00fcr die Kreativit\u00e4t im Mittelfeld, <strong>Gavi<\/strong>, einer der talentiertesten jungen Mittelfeldspieler Europas, und <strong>Marc-Andr\u00e9 ter Stegen<\/strong>, der auf dem Weg zum Meistertitel eine der tragenden S\u00e4ulen in der Defensive war.<\/p>\n<p>Das T-Shirt ist aus leichtem und atmungsaktivem Material gefertigt und der Schnitt in Gr\u00f6\u00dfe <strong>M<\/strong> entspricht den Standards <strong>Nike<\/strong>, und bietet die klassische Passform, die f\u00fcr die Designs der Marke charakteristisch ist.<\/p>\n<p>Dies ist ein Angebot f\u00fcr Sammler und Fans, die auf der Suche sind nach <strong>das originale dritte FC Barcelona Fu\u00dfballtrikot der Saison 2022\/23<\/strong>, die eine klare Aufzeichnung der meisterhaften Kampagne darstellt <strong>La Liga<\/strong> und Deb\u00fctsaison <strong>Robert Lewandowski<\/strong> in den katalanischen Farben.<\/p>","protected":false},"featured_media":120682,"template":"","meta":{"_kad_blocks_custom_css":"","_kad_blocks_head_custom_js":"","_kad_blocks_body_custom_js":"","_kad_blocks_footer_custom_js":"","_kad_post_transparent":"default","_kad_post_title":"","_kad_post_layout":"default","_kad_post_sidebar_id":"","_kad_post_content_style":"default","_kad_post_vertical_padding":"default","_kad_post_feature":"","_kad_post_feature_position":"","_kad_post_header":false,"_kad_post_footer":false,"_kad_post_classname":""},"product_brand":[1284],"product_cat":[15,1448,1411],"product_tag":[],"class_list":{"0":"post-118936","1":"product","2":"type-product","3":"status-publish","4":"has-post-thumbnail","6":"product_brand-nike","7":"product_cat-bez-kategorii","8":"product_cat-kluby-hiszpanskie-fcbarcelona","9":"product_cat-polscy-pilkarze","10":"pa_homeawaythird-third","11":"pa_rozmiar-m","13":"first","14":"instock","15":"taxable","16":"shipping-taxable","17":"purchasable","18":"product-type-simple","19":"entry","20":"content-bg","21":"loop-entry"},"taxonomy_info":{"product_brand":[{"value":1284,"label":"Nike"}],"product_cat":[{"value":15,"label":"Bez kategorii"},{"value":1448,"label":"FC Barcelona"},{"value":1411,"label":"POLSCY PI\u0141KARZE"}],"pa_homeawaythird":[{"value":1599,"label":"Third"}],"pa_rozmiar":[{"value":1816,"label":"M"}]},"featured_image_src_large":["https:\/\/footballthrift.shop\/wp-content\/uploads\/2026\/03\/Photoroom_20260304_132105-1024x1024.jpg",1024,1024,true],"author_info":[],"comment_info":"","_links":{"self":[{"href":"https:\/\/footballthrift.shop\/de\/wp-json\/wp\/v2\/product\/118936","targetHints":{"allow":["GET"]}}],"collection":[{"href":"https:\/\/footballthrift.shop\/de\/wp-json\/wp\/v2\/product"}],"about":[{"href":"https:\/\/footballthrift.shop\/de\/wp-json\/wp\/v2\/types\/product"}],"wp:featuredmedia":[{"embeddable":true,"href":"https:\/\/footballthrift.shop\/de\/wp-json\/wp\/v2\/media\/120682"}],"wp:attachment":[{"href":"https:\/\/footballthrift.shop\/de\/wp-json\/wp\/v2\/media?parent=118936"}],"wp:term":[{"taxonomy":"product_brand","embeddable":true,"href":"https:\/\/footballthrift.shop\/de\/wp-json\/wp\/v2\/product_brand?post=118936"},{"taxonomy":"product_cat","embeddable":true,"href":"https:\/\/footballthrift.shop\/de\/wp-json\/wp\/v2\/product_cat?post=118936"},{"taxonomy":"product_tag","embeddable":true,"href":"https:\/\/footballthrift.shop\/de\/wp-json\/wp\/v2\/product_tag?post=118936"}],"curies":[{"name":"wp","href":"https:\/\/api.w.org\/{rel}","templated":true}]}}