{"id":118935,"date":"2026-03-08T17:59:34","date_gmt":"2026-03-08T16:59:34","guid":{"rendered":"https:\/\/footballthrift.shop\/?post_type=product&#038;p=118935"},"modified":"2026-03-09T11:23:34","modified_gmt":"2026-03-09T10:23:34","slug":"koszulka-pilkarska-bnwt-fc-barcelona-2023-24-away-9-lewandowski-s","status":"publish","type":"product","link":"https:\/\/footballthrift.shop\/de\/koszulka-pilkarska-bnwt-fc-barcelona-2023-24-away-9-lewandowski-s\/","title":{"rendered":"Koszulka pi\u0142karska BNWT FC Barcelona 2023\/24 Away 9 Lewandowski [S]"},"content":{"rendered":"<p><strong>Verein:<\/strong> FC Barcelona<\/p>\n<p><strong>Saison:<\/strong> 2023\/24 Ausw\u00e4rts<\/p>\n<p><strong>Gr\u00f6\u00dfe: <\/strong>S<\/p>\n<p><strong>Zustand:\u00a0<\/strong>BNWT &#8211; Koszulka nowa, z metkami. Posiada jednak kilka mikro zaci\u0105gni\u0119\u0107 na plecach.<\/p>\n<p><strong>Ma\u00dfe (Achselbreite\/L\u00e4nge) in cm: <\/strong>47\/71<\/p>","protected":false},"excerpt":{"rendered":"<p><strong>Original FC Barcelona Ausw\u00e4rtstrikot aus der Saison 2023\/24 von Nike, bedruckt mit Robert Lewandowski.\u00a0<\/strong><\/p>\n<p>Ausw\u00e4rtsmodell <strong>FC Barcelona ab der Saison 2023\/24<\/strong>hergestellt von <strong>Nike<\/strong> in Gr\u00f6\u00dfe S, stammt aus der Zeit des kontinuierlichen sportlichen Aufbaus des katalanischen Vereins unter Xavi Hern\u00e1ndez. <strong>FC Barcelona<\/strong> Nachdem sie in den vorangegangenen Spielen die spanische Meisterschaft zur\u00fcckerobert hatte, wollte sie ihre gute Form auch in der <strong>La Liga<\/strong> und sich wieder in den europ\u00e4ischen Pokalen bemerkbar machen.<\/p>\n<p>Das T-Shirt wurde hergestellt auf <strong>wei\u00dfer Sockel<\/strong>, was das ausgehende Outfit ergibt <strong>FC Barcelona<\/strong> eleganten und minimalistischen Charakter. Die \u00c4rmel sind fertig in <strong>blau und rot<\/strong>, Die Farben des Logos, die sich an den traditionellen Farben des katalanischen Vereins orientieren. Auf der Vorderseite steht der Aufdruck des Sponsors im Mittelpunkt. <strong>Spotify<\/strong>, w\u00e4hrend das Wappen <strong>FC Barcelona<\/strong> und Logo <strong>Nike<\/strong> ist klassisch auf der Brust angeordnet, wobei die symmetrische Komposition des Designs erhalten bleibt.<\/p>\n<p>Auf der R\u00fcckseite befindet sich ein origineller Aufdruck. <strong>Robert Lewandowski<\/strong>, einer der wichtigsten Akteure <strong>FC Barcelona<\/strong> w\u00e4hrend dieses Zeitraums. Der Vertreter der polnischen Nationalmannschaft fungierte als Hauptst\u00fcrmer des Teams, der f\u00fcr das Erzielen von Toren verantwortlich war und \u00fcber Erfahrung im Offensivspiel der Mannschaft verf\u00fcgte. Im Aufgebot <strong>FC Barcelona<\/strong> in der Saison <strong>2023\/24<\/strong> traten unter anderem auch auf. <strong>Pedri<\/strong>, <strong>Gavi<\/strong>, <strong>Frenkie de Jong<\/strong>, <strong>Raphinha<\/strong> oder <strong>Marc-Andr\u00e9 ter Stegen<\/strong>, die das R\u00fcckgrat einer Mannschaft bildeten, die um die h\u00f6chsten Ziele k\u00e4mpfte.<\/p>\n<p>Das T-Shirt ist aus einem leichten und luftigen Material gefertigt und der Schnitt in Gr\u00f6\u00dfe S entspricht den Standards der <strong>Nike<\/strong>, mit klassischer Passform, die f\u00fcr das Produktionsdesign charakteristisch ist <strong>Nike<\/strong>. Das Exemplar ist erhalten <strong>mit Ladenschildchen<\/strong>, was seinen Sammlerwert weiter erh\u00f6ht.<\/p>\n<p>Dies ist f\u00fcr Sammler und Fans, die ein originales Ausw\u00e4rtstrikot suchen <strong>FC Barcelona<\/strong> z <strong>Saison 2023\/24<\/strong>, die eine klare Aufzeichnung der Periode ist, in der die Offensive der Mannschaft von <strong>Robert Lewandowski<\/strong>.<\/p>","protected":false},"featured_media":120832,"template":"","meta":{"_kad_blocks_custom_css":"","_kad_blocks_head_custom_js":"","_kad_blocks_body_custom_js":"","_kad_blocks_footer_custom_js":"","_kad_post_transparent":"default","_kad_post_title":"","_kad_post_layout":"default","_kad_post_sidebar_id":"","_kad_post_content_style":"default","_kad_post_vertical_padding":"default","_kad_post_feature":"","_kad_post_feature_position":"","_kad_post_header":false,"_kad_post_footer":false,"_kad_post_classname":""},"product_brand":[1284],"product_cat":[15,1448,1411],"product_tag":[],"class_list":{"0":"post-118935","1":"product","2":"type-product","3":"status-publish","4":"has-post-thumbnail","6":"product_brand-nike","7":"product_cat-bez-kategorii","8":"product_cat-kluby-hiszpanskie-fcbarcelona","9":"product_cat-polscy-pilkarze","10":"pa_homeawaythird-away","11":"pa_rozmiar-s","13":"first","14":"instock","15":"taxable","16":"shipping-taxable","17":"purchasable","18":"product-type-simple","19":"entry","20":"content-bg","21":"loop-entry"},"taxonomy_info":{"product_brand":[{"value":1284,"label":"Nike"}],"product_cat":[{"value":15,"label":"Bez kategorii"},{"value":1448,"label":"FC Barcelona"},{"value":1411,"label":"POLSCY PI\u0141KARZE"}],"pa_homeawaythird":[{"value":1598,"label":"Away"}],"pa_rozmiar":[{"value":1815,"label":"S"}]},"featured_image_src_large":["https:\/\/footballthrift.shop\/wp-content\/uploads\/2026\/03\/IMG_2799-Photoroom-1-1024x1024.jpg",1024,1024,true],"author_info":[],"comment_info":"","_links":{"self":[{"href":"https:\/\/footballthrift.shop\/de\/wp-json\/wp\/v2\/product\/118935","targetHints":{"allow":["GET"]}}],"collection":[{"href":"https:\/\/footballthrift.shop\/de\/wp-json\/wp\/v2\/product"}],"about":[{"href":"https:\/\/footballthrift.shop\/de\/wp-json\/wp\/v2\/types\/product"}],"wp:featuredmedia":[{"embeddable":true,"href":"https:\/\/footballthrift.shop\/de\/wp-json\/wp\/v2\/media\/120832"}],"wp:attachment":[{"href":"https:\/\/footballthrift.shop\/de\/wp-json\/wp\/v2\/media?parent=118935"}],"wp:term":[{"taxonomy":"product_brand","embeddable":true,"href":"https:\/\/footballthrift.shop\/de\/wp-json\/wp\/v2\/product_brand?post=118935"},{"taxonomy":"product_cat","embeddable":true,"href":"https:\/\/footballthrift.shop\/de\/wp-json\/wp\/v2\/product_cat?post=118935"},{"taxonomy":"product_tag","embeddable":true,"href":"https:\/\/footballthrift.shop\/de\/wp-json\/wp\/v2\/product_tag?post=118935"}],"curies":[{"name":"wp","href":"https:\/\/api.w.org\/{rel}","templated":true}]}}