{"id":118934,"date":"2026-03-08T17:59:39","date_gmt":"2026-03-08T16:59:39","guid":{"rendered":"https:\/\/footballthrift.shop\/?post_type=product&#038;p=118934"},"modified":"2026-03-09T11:23:32","modified_gmt":"2026-03-09T10:23:32","slug":"fusballtrikot-authentisch-bnwt-fc-barcelona-2023-24-dritte-9-lewandowski-m","status":"publish","type":"product","link":"https:\/\/footballthrift.shop\/de\/koszulka-pilkarska-authentic-bnwt-fc-barcelona-2023-24-third-9-lewandowski-m\/","title":{"rendered":"Koszulka pi\u0142karska AUTHENTIC BNWT FC Barcelona 2023\/24 Third 9 Lewandowski [M]"},"content":{"rendered":"<p><strong>Verein:<\/strong> FC Barcelona<\/p>\n<p><strong>Saison:<\/strong> 2023\/24 Dritter<\/p>\n<p><strong>Gr\u00f6\u00dfe: <\/strong>M<\/p>\n<p><strong>Zustand:<\/strong> BNWT - T-shirt neu, mit Etiketten.<strong>*<\/strong><\/p>\n<p><strong>Ma\u00dfe (Achselbreite\/L\u00e4nge) in cm: <\/strong>51\/73<\/p>\n<p><strong>Zus\u00e4tzliche Informationen*:\u00a0<\/strong>Der Aufdruck auf der R\u00fcckseite ist schief (der Name ist zu weit rechts platziert) und stammt aus einer fr\u00fcheren Saison und unterscheidet sich in einigen Details leicht vom richtigen Aufdruck.<\/p>","protected":false},"excerpt":{"rendered":"<p><strong>Originales drittes FC Barcelona Fu\u00dfballtrikot aus der Saison 2023\/24 von Nike, bedruckt mit Robert Lewandowski.\u00a0<\/strong><\/p>\n<p>Dritter Satz <strong>FC Barcelona<\/strong> aus der Saison <strong>2023\/24<\/strong>hergestellt von <strong>Nike<\/strong> in der Gr\u00f6\u00dfe <strong>M<\/strong>, die auf die Fortf\u00fchrung des Sportprojekts der Europ\u00e4ischen Kommission zur\u00fcckgeht. <strong>Xavi Hern\u00e1ndez<\/strong>. Die Mannschaft verteidigte ihren Titel <strong>Meister von Spanien<\/strong> die vorangegangene Saison gewonnen und blieb eine der wichtigsten Mannschaften in der <strong>La Liga<\/strong>, die erfahrene F\u00fchrungskr\u00e4fte mit jungen Absolventen der La Masia-Akademie kombiniert.<\/p>\n<p>Das T-Shirt wurde auf einem t\u00fcrkisfarbenen Grundstoff hergestellt, der dem Design eine frische und moderne Note verleiht. Unregelm\u00e4\u00dfig lange horizontale Streifen in Blau und Rot sind \u00fcber den Stoff verteilt und spielen auf die Farben der <strong>FC Barcelona<\/strong>. Der Kragen und die \u00c4rmel sind mit blauen und roten Details versehen, die die Vereinsidentit\u00e4t unterstreichen. Auf der Vorderseite ist ein Sponsorenaufdruck zu sehen. <strong>Spotify<\/strong>, w\u00e4hrend das Wappen <strong>FC Barcelona<\/strong> und Logo <strong>Nike<\/strong> klassisch auf der Brust eingesetzt, wobei die moderne Komposition des Designs beibehalten wird.<\/p>\n<p>Auf der R\u00fcckseite befindet sich ein origineller Aufdruck. <strong>Robert Lewandowski<\/strong>, der in der Saison <strong>2023\/24<\/strong> blieb einer der Anf\u00fchrer der Offensive <strong>FC Barcelona<\/strong>. Der polnische St\u00fcrmer war eine der Schl\u00fcsselfiguren der Mannschaft, die f\u00fcr Tore und Erfahrung im Angriff verantwortlich war. Weitere Spieler in der Mannschaft waren. <strong>Pedri<\/strong>, <strong>Gavi<\/strong>, <strong>Frenkie de Jong<\/strong> und <strong>Marc-Andr\u00e9 ter Stegen<\/strong>, Sie bilden den Kern einer Mannschaft, die in spanischen und europ\u00e4ischen Wettbewerben um die h\u00f6chsten Ziele k\u00e4mpft.<\/p>\n<p>Das T-Shirt ist aus leichtem und atmungsaktivem Stoff mit <strong>Nike DRI-FIT ADV<\/strong>, die in den Spitzenmodellen des Herstellers verwendet werden, weshalb sie als Version <strong>Authentisch<\/strong>. Auf Gr\u00f6\u00dfe schneiden <strong>M<\/strong> bietet die Passform, die f\u00fcr professionelle Trikots charakteristisch ist, die f\u00fcr das Spiel auf h\u00f6chstem Niveau vorbereitet werden. Das ausgestellte Exemplar ist in neuem Zustand mit Ladenetiketten erhalten.<\/p>\n<p>Dies ist ein Angebot f\u00fcr Sammler und Fans, die auf der Suche sind nach <strong>das originale dritte FC Barcelona Fu\u00dfballtrikot der Saison 2023\/24<\/strong>, die ein klares Zeugnis der Epoche ist <strong>Xavi<\/strong> und Auff\u00fchrungen <strong>Robert Lewandowski<\/strong> in den katalanischen Farben.<\/p>","protected":false},"featured_media":120703,"template":"","meta":{"_kad_blocks_custom_css":"","_kad_blocks_head_custom_js":"","_kad_blocks_body_custom_js":"","_kad_blocks_footer_custom_js":"","_kad_post_transparent":"default","_kad_post_title":"","_kad_post_layout":"default","_kad_post_sidebar_id":"","_kad_post_content_style":"default","_kad_post_vertical_padding":"default","_kad_post_feature":"","_kad_post_feature_position":"","_kad_post_header":false,"_kad_post_footer":false,"_kad_post_classname":""},"product_brand":[1284],"product_cat":[15,1448,1411],"product_tag":[],"class_list":{"0":"post-118934","1":"product","2":"type-product","3":"status-publish","4":"has-post-thumbnail","6":"product_brand-nike","7":"product_cat-bez-kategorii","8":"product_cat-kluby-hiszpanskie-fcbarcelona","9":"product_cat-polscy-pilkarze","10":"pa_homeawaythird-third","11":"pa_rozmiar-m","13":"first","14":"instock","15":"taxable","16":"shipping-taxable","17":"purchasable","18":"product-type-simple","19":"entry","20":"content-bg","21":"loop-entry"},"taxonomy_info":{"product_brand":[{"value":1284,"label":"Nike"}],"product_cat":[{"value":15,"label":"Bez kategorii"},{"value":1448,"label":"FC Barcelona"},{"value":1411,"label":"POLSCY PI\u0141KARZE"}],"pa_homeawaythird":[{"value":1599,"label":"Third"}],"pa_rozmiar":[{"value":1816,"label":"M"}]},"featured_image_src_large":["https:\/\/footballthrift.shop\/wp-content\/uploads\/2026\/03\/Photoroom_20260304_131801-1024x1024.jpg",1024,1024,true],"author_info":[],"comment_info":"","_links":{"self":[{"href":"https:\/\/footballthrift.shop\/de\/wp-json\/wp\/v2\/product\/118934","targetHints":{"allow":["GET"]}}],"collection":[{"href":"https:\/\/footballthrift.shop\/de\/wp-json\/wp\/v2\/product"}],"about":[{"href":"https:\/\/footballthrift.shop\/de\/wp-json\/wp\/v2\/types\/product"}],"wp:featuredmedia":[{"embeddable":true,"href":"https:\/\/footballthrift.shop\/de\/wp-json\/wp\/v2\/media\/120703"}],"wp:attachment":[{"href":"https:\/\/footballthrift.shop\/de\/wp-json\/wp\/v2\/media?parent=118934"}],"wp:term":[{"taxonomy":"product_brand","embeddable":true,"href":"https:\/\/footballthrift.shop\/de\/wp-json\/wp\/v2\/product_brand?post=118934"},{"taxonomy":"product_cat","embeddable":true,"href":"https:\/\/footballthrift.shop\/de\/wp-json\/wp\/v2\/product_cat?post=118934"},{"taxonomy":"product_tag","embeddable":true,"href":"https:\/\/footballthrift.shop\/de\/wp-json\/wp\/v2\/product_tag?post=118934"}],"curies":[{"name":"wp","href":"https:\/\/api.w.org\/{rel}","templated":true}]}}