{"id":118933,"date":"2026-03-08T17:59:41","date_gmt":"2026-03-08T16:59:41","guid":{"rendered":"https:\/\/footballthrift.shop\/?post_type=product&#038;p=118933"},"modified":"2026-03-09T11:23:32","modified_gmt":"2026-03-09T10:23:32","slug":"fusballtrikot-fc-barcelona-2006-07-dritte-10-messi-s","status":"publish","type":"product","link":"https:\/\/footballthrift.shop\/de\/koszulka-pilkarska-fc-barcelona-2006-07-third-10-messi-s\/","title":{"rendered":"Koszulka pi\u0142karska FC Barcelona 2006\/07 Third 10 Messi [S]"},"content":{"rendered":"<p><strong>Verein:<\/strong> FC Barcelona<\/p>\n<p><strong>Saison:<\/strong> 2006\/07 Dritter<\/p>\n<p><strong>Gr\u00f6\u00dfe: <\/strong>S<\/p>\n<p><strong>Zustand:<\/strong> Gut - geringe Anzahl von Mikrostichen und leicht besch\u00e4digter Druck auf der R\u00fcckseite.<\/p>\n<p><strong>Ma\u00dfe (Achselbreite\/L\u00e4nge) in cm: <\/strong>48\/70<\/p>","protected":false},"excerpt":{"rendered":"<p><strong>Original drittes FC Barcelona Fu\u00dfballtrikot aus der Saison 2006\/07 von Nike mit Lionel Messi Aufdruck.&nbsp;<\/strong><\/p>\n<p>Das dritte Modell <strong>FC Barcelona<\/strong> aus der Saison <strong>2006\/07<\/strong>hergestellt von <strong>Nike<\/strong> in der Gr\u00f6\u00dfe <strong>S<\/strong>, Er stammt aus einer Zeit, in der der katalanische Klub nach dem Triumph in der Weltmeisterschaft zu den besten Spielern der Welt geh\u00f6rte. <strong>Champions League 2006<\/strong>. Das Team unter der Leitung von <strong>Frank Rijkaard<\/strong> Die Mannschaft setzte ihren offensiven, auf Technik und Kreativit\u00e4t basierenden Spielstil fort, w\u00e4hrend sich die jungen Stars der Mannschaft weiter entwickelten.<\/p>\n<p>Das T-Shirt wurde in einer leuchtenden, neongelben Farbe produziert, die es von anderen Designs abhebt. <strong>FC Barcelona<\/strong> der damaligen Zeit. Der Kragen und die \u00c4rmel sind mit marineblauen Details versehen, die einen Kontrast zum intensiven Grundton des Trikots bilden. Auf der Vorderseite steht ein Sponsorenaufdruck im Mittelpunkt. <strong>UNICEF<\/strong>, das zuerst auf T-Shirts erschien <strong>FC Barcelona<\/strong> in der Saison <strong>2006\/07<\/strong>. Auf dem \u00c4rmel gibt es ein Patch von Spielen <strong>La Liga<\/strong>, w\u00e4hrend das Wappen <strong>FC Barcelona<\/strong> und Logo <strong>Nike<\/strong> klassisch auf der Brust eingesetzt. Das Design ist mit dem Ausw\u00e4rtstrikot der letzten Saison identisch, unterscheidet sich aber durch einen Sponsor auf der Vorderseite und einen goldenen Aufdruck auf der R\u00fcckseite.<\/p>\n<p>Auf der R\u00fcckseite befindet sich ein origineller Aufdruck. <strong>Lionel Messi<\/strong> mit der Nummer <strong>19<\/strong>, die er in den ersten Jahren seiner Karriere in der ersten Mannschaft trug <strong>FC Barcelona<\/strong>. Saison <strong>2006\/07<\/strong> war f\u00fcr <strong>Lionel Messi<\/strong> Moment des Durchbruchs - der Argentinier wurde zunehmend zu einer offensiven Schl\u00fcsselfigur. In dieser Zeit erzielte er unter anderem das ber\u00fchmte Tor nach einem Ballwechsel durch das halbe Spielfeld gegen den FC Bayern. <strong>Getafe<\/strong> und einen Hattrick in <strong>El Cl\u00e1sico<\/strong>, die zu einem festen Bestandteil der Vereinsgeschichte geworden ist.<\/p>\n<p>Bestehend aus <strong>FC Barcelona<\/strong> Zu dieser Zeit gab es auch solche Fu\u00dfballer wie <strong>Ronaldinho<\/strong>, eines der gr\u00f6\u00dften Symbole dieser Mannschaft, <strong>Samuel Eto'o<\/strong>, ein \u00e4u\u00dferst effektiver St\u00fcrmer, <strong>Xavi Hern\u00e1ndez<\/strong> und <strong>Andr\u00e9s Iniesta<\/strong>, die ihre legend\u00e4re Partnerschaft im Mittelfeld entwickelten. Die Mannschaft k\u00e4mpfte um weitere Troph\u00e4en in <strong>La Liga<\/strong> und in den europ\u00e4ischen Wettbewerben, wobei sie ihren Status als eine der beeindruckendsten Mannschaften Europas beibeh\u00e4lt.<\/p>\n<p>Das T-Shirt ist aus leichtem und atmungsaktivem Material gefertigt und der Schnitt in Gr\u00f6\u00dfe <strong>S<\/strong> entspricht den Standards <strong>Nike<\/strong>, und bietet die klassische Passform, die f\u00fcr die Designs der Marke aus der Mitte des ersten Jahrzehnts des 21. Jahrhunderts charakteristisch ist.<\/p>\n<p>Dies ist ein Angebot f\u00fcr Sammler und Fans, die auf der Suche sind nach <strong>das originale dritte Fu\u00dfballtrikot des FC Barcelona aus der Saison 2006\/07<\/strong>, der die Anf\u00e4nge einer gro\u00dfen Karriere deutlich macht <strong>Lionel Messi<\/strong> und Epochen des Teams <strong>Frank Rijkaard<\/strong>.<\/p>","protected":false},"featured_media":120669,"template":"","meta":{"_kad_blocks_custom_css":"","_kad_blocks_head_custom_js":"","_kad_blocks_body_custom_js":"","_kad_blocks_footer_custom_js":"","_kad_post_transparent":"default","_kad_post_title":"","_kad_post_layout":"default","_kad_post_sidebar_id":"","_kad_post_content_style":"default","_kad_post_vertical_padding":"default","_kad_post_feature":"","_kad_post_feature_position":"","_kad_post_header":false,"_kad_post_footer":false,"_kad_post_classname":""},"product_brand":[1284],"product_cat":[15,1448],"product_tag":[],"class_list":{"0":"post-118933","1":"product","2":"type-product","3":"status-publish","4":"has-post-thumbnail","6":"product_brand-nike","7":"product_cat-bez-kategorii","8":"product_cat-kluby-hiszpanskie-fcbarcelona","9":"pa_homeawaythird-third","10":"pa_rozmiar-s","12":"first","13":"instock","14":"taxable","15":"shipping-taxable","16":"purchasable","17":"product-type-simple","18":"entry","19":"content-bg","20":"loop-entry"},"taxonomy_info":{"product_brand":[{"value":1284,"label":"Nike"}],"product_cat":[{"value":15,"label":"Bez kategorii"},{"value":1448,"label":"FC Barcelona"}],"pa_homeawaythird":[{"value":1599,"label":"Third"}],"pa_rozmiar":[{"value":1815,"label":"S"}]},"featured_image_src_large":["https:\/\/footballthrift.shop\/wp-content\/uploads\/2026\/03\/Photoroom_20260304_131732-1024x1024.jpg",1024,1024,true],"author_info":[],"comment_info":"","_links":{"self":[{"href":"https:\/\/footballthrift.shop\/de\/wp-json\/wp\/v2\/product\/118933","targetHints":{"allow":["GET"]}}],"collection":[{"href":"https:\/\/footballthrift.shop\/de\/wp-json\/wp\/v2\/product"}],"about":[{"href":"https:\/\/footballthrift.shop\/de\/wp-json\/wp\/v2\/types\/product"}],"wp:featuredmedia":[{"embeddable":true,"href":"https:\/\/footballthrift.shop\/de\/wp-json\/wp\/v2\/media\/120669"}],"wp:attachment":[{"href":"https:\/\/footballthrift.shop\/de\/wp-json\/wp\/v2\/media?parent=118933"}],"wp:term":[{"taxonomy":"product_brand","embeddable":true,"href":"https:\/\/footballthrift.shop\/de\/wp-json\/wp\/v2\/product_brand?post=118933"},{"taxonomy":"product_cat","embeddable":true,"href":"https:\/\/footballthrift.shop\/de\/wp-json\/wp\/v2\/product_cat?post=118933"},{"taxonomy":"product_tag","embeddable":true,"href":"https:\/\/footballthrift.shop\/de\/wp-json\/wp\/v2\/product_tag?post=118933"}],"curies":[{"name":"wp","href":"https:\/\/api.w.org\/{rel}","templated":true}]}}