{"id":118932,"date":"2026-03-08T17:59:41","date_gmt":"2026-03-08T16:59:41","guid":{"rendered":"https:\/\/footballthrift.shop\/?post_type=product&#038;p=118932"},"modified":"2026-03-09T11:23:32","modified_gmt":"2026-03-09T10:23:32","slug":"fc-barcelona-fusball-trikot-2009-10-heim-xxl","status":"publish","type":"product","link":"https:\/\/footballthrift.shop\/de\/koszulka-pilkarska-fc-barcelona-2009-10-home-xxl\/","title":{"rendered":"Koszulka pi\u0142karska FC Barcelona 2009\/10 Home [XXL]"},"content":{"rendered":"<p><strong>Verein:<\/strong> FC Barcelona<\/p>\n<p><strong>Saison:<\/strong> 2009\/10 Startseite<\/p>\n<p><strong>Gr\u00f6\u00dfe: <\/strong>XXL<\/p>\n<p><strong>Zustand:<\/strong> Ausgezeichnet<\/p>\n<p><strong>Ma\u00dfe (Achselbreite\/L\u00e4nge) in cm: <\/strong>65\/79<\/p>","protected":false},"excerpt":{"rendered":"<p><strong>Original FC Barcelona Heimtrikot aus der Saison 2009\/10 von Nike.\u00a0<\/strong><\/p>\n<p>Heimmodell <strong>FC Barcelona<\/strong> aus der Saison <strong>2009\/10<\/strong>hergestellt von <strong>Nike<\/strong> in der Gr\u00f6\u00dfe <strong>XXL<\/strong>, stammt aus einer der beeindruckendsten Perioden in der Geschichte des Vereins. Das Team unter der Leitung von <strong>Pep Guardiola<\/strong> setzte die ein Jahr zuvor begonnene Dominanz fort, als es den historischen <strong>versechsfacht<\/strong>, Er geh\u00f6rte erneut zur absoluten Weltspitze und zeigte einen der beeindruckendsten Spielstile im modernen Fu\u00dfball.<\/p>\n<p>Das T-Shirt ist im klassischen Layout mit vertikalen Streifen in Burgunderrot und Marineblau gehalten, ein Symbol der Identit\u00e4t. <strong>FC Barcelona<\/strong>. Der Aufdruck des Sponsors steht auf der Vorderseite im Mittelpunkt. <strong>UNICEF<\/strong>, die damals ein einzigartiger Teil der Identit\u00e4t des Clubs war - statt einer klassischen kommerziellen Zusammenarbeit war sie Teil einer wohlt\u00e4tigen Initiative, die von der <strong>FC Barcelona<\/strong>. Wappen <strong>FC Barcelona<\/strong> und Logo <strong>Nike<\/strong> ist klassisch auf der Brust angeordnet, wobei die symmetrische Komposition des Designs erhalten bleibt.<\/p>\n<p>Saison <strong>2009\/10<\/strong> war f\u00fcr <strong>FC Barcelona<\/strong> Best\u00e4tigung der Dominanz im spanischen Fu\u00dfball. Die Mannschaft hat gewonnen <strong>La Liga Meisterschaft<\/strong>, und stellte damit eine Rekordpunktzahl in der Geschichte der Liga auf. In der Mannschaft spielten einige der besten Fu\u00dfballer der Welt, darunter. <strong>Lionel Messi<\/strong>, der den Goldenen Ball gewann und der absolute Anf\u00fchrer der Offensive war, <strong>Xavi Hern\u00e1ndez<\/strong> und <strong>Andr\u00e9s Iniesta<\/strong>, und bildeten ein legend\u00e4res Duo im Mittelfeld, das das Spiel kontrollierte. In der Verteidigung spielten die folgenden Spieler eine Schl\u00fcsselrolle <strong>Carles Puyol<\/strong> i <strong>Gerard Piqu\u00e9<\/strong>, und im Angriff wurde das Team au\u00dferdem unterst\u00fctzt von <strong>Zlatan Ibrahimovi\u0107<\/strong>, der in dieser Saison zur Mannschaft stie\u00df. Ein Spielstil, der auf dominantem Ballbesitz und pr\u00e4zisem Passspiel beruhte, machte die <strong>FC Barcelona<\/strong> eine der am meisten bewunderten Mannschaften in der Geschichte des Fu\u00dfballs.<\/p>\n<p>Das T-Shirt ist aus leichtem und atmungsaktivem Material gefertigt und der Schnitt in Gr\u00f6\u00dfe <strong>XXL<\/strong> entspricht den Standards <strong>Nike<\/strong>, und bietet die klassische Passform, die f\u00fcr die Entw\u00fcrfe der Marke vom Ende des ersten Jahrzehnts des 21. Jahrhunderts charakteristisch ist.<\/p>\n<p>Dies ist ein Angebot f\u00fcr Sammler und Fans, die auf der Suche sind nach <strong>das original FC Barcelona Heimtrikot aus der Saison 2009\/10<\/strong>, eine klare Aufzeichnung der \u00c4ra der Dominanz der Mannschaft <strong>Pep Guardiola<\/strong> und goldene Jahre <strong>Lionel Messi<\/strong> in den Farben des katalanischen Vereins.<\/p>","protected":false},"featured_media":120659,"template":"","meta":{"_kad_blocks_custom_css":"","_kad_blocks_head_custom_js":"","_kad_blocks_body_custom_js":"","_kad_blocks_footer_custom_js":"","_kad_post_transparent":"default","_kad_post_title":"","_kad_post_layout":"default","_kad_post_sidebar_id":"","_kad_post_content_style":"default","_kad_post_vertical_padding":"default","_kad_post_feature":"","_kad_post_feature_position":"","_kad_post_header":false,"_kad_post_footer":false,"_kad_post_classname":""},"product_brand":[1284],"product_cat":[15],"product_tag":[],"class_list":{"0":"post-118932","1":"product","2":"type-product","3":"status-publish","4":"has-post-thumbnail","6":"product_brand-nike","7":"product_cat-bez-kategorii","8":"pa_homeawaythird-home","9":"pa_rozmiar-xxl","11":"first","12":"instock","13":"taxable","14":"shipping-taxable","15":"purchasable","16":"product-type-simple","17":"entry","18":"content-bg","19":"loop-entry"},"taxonomy_info":{"product_brand":[{"value":1284,"label":"Nike"}],"product_cat":[{"value":15,"label":"Bez kategorii"}],"pa_homeawaythird":[{"value":1597,"label":"Home"}],"pa_rozmiar":[{"value":1819,"label":"XXL"}]},"featured_image_src_large":["https:\/\/footballthrift.shop\/wp-content\/uploads\/2026\/03\/Photoroom_20260304_131548-1024x1024.jpg",1024,1024,true],"author_info":[],"comment_info":"","_links":{"self":[{"href":"https:\/\/footballthrift.shop\/de\/wp-json\/wp\/v2\/product\/118932","targetHints":{"allow":["GET"]}}],"collection":[{"href":"https:\/\/footballthrift.shop\/de\/wp-json\/wp\/v2\/product"}],"about":[{"href":"https:\/\/footballthrift.shop\/de\/wp-json\/wp\/v2\/types\/product"}],"wp:featuredmedia":[{"embeddable":true,"href":"https:\/\/footballthrift.shop\/de\/wp-json\/wp\/v2\/media\/120659"}],"wp:attachment":[{"href":"https:\/\/footballthrift.shop\/de\/wp-json\/wp\/v2\/media?parent=118932"}],"wp:term":[{"taxonomy":"product_brand","embeddable":true,"href":"https:\/\/footballthrift.shop\/de\/wp-json\/wp\/v2\/product_brand?post=118932"},{"taxonomy":"product_cat","embeddable":true,"href":"https:\/\/footballthrift.shop\/de\/wp-json\/wp\/v2\/product_cat?post=118932"},{"taxonomy":"product_tag","embeddable":true,"href":"https:\/\/footballthrift.shop\/de\/wp-json\/wp\/v2\/product_tag?post=118932"}],"curies":[{"name":"wp","href":"https:\/\/api.w.org\/{rel}","templated":true}]}}