{"id":118931,"date":"2026-03-08T17:59:42","date_gmt":"2026-03-08T16:59:42","guid":{"rendered":"https:\/\/footballthrift.shop\/?post_type=product&#038;p=118931"},"modified":"2026-03-09T11:23:31","modified_gmt":"2026-03-09T10:23:31","slug":"eintracht-frankfurt-fusball-trikot-2016-17-heim-l","status":"publish","type":"product","link":"https:\/\/footballthrift.shop\/de\/koszulka-pilkarska-eintracht-frankfurt-2016-17-home-l\/","title":{"rendered":"Koszulka pi\u0142karska Eintracht Frankfurt 2016\/17 Home [L]"},"content":{"rendered":"<p><strong>Verein:<\/strong> Eintracht Frankfurt<\/p>\n<p><strong>Saison:<\/strong> 2016\/17 Startseite<\/p>\n<p><strong>Gr\u00f6\u00dfe: <\/strong>L<\/p>\n<p><strong>Zustand:<\/strong> Sehr gut - ein Mikrozug.<\/p>\n<p><strong>Ma\u00dfe (Achselbreite\/L\u00e4nge) in cm: <\/strong>53\/74<\/p>","protected":false},"excerpt":{"rendered":"<p><strong>Original Eintracht Frankfurt Heimtrikot aus der Saison 2016\/17 von Nike.\u00a0<\/strong><\/p>\n<p>Heimmodell <strong>Eintracht Frankfurt<\/strong> aus der Saison <strong>2016\/17<\/strong>hergestellt von <strong>Nike<\/strong> in der Gr\u00f6\u00dfe <strong>L<\/strong>, stammt aus der Stabilisierungskampagne des Vereins in <strong>Bundesliga<\/strong> nach fr\u00fcheren Saisons, in denen sie nicht mithalten konnten. Das Team unter der Leitung von <strong>Niko Kova\u010da<\/strong> eine disziplinierte Spielweise an den Tag legten und im Mittelfeld der Tabelle landeten, aber auch die Endrunde erreichten <strong>Deutscher Pokal<\/strong>.<\/p>\n<p>Das T-Shirt wurde mit dem charakteristischen <strong>Eintracht Frankfurt<\/strong> Die Vorderseite ist mit schwarzen und wei\u00dfen vertikalen Streifen versehen, w\u00e4hrend die R\u00fcckseite einfarbig wei\u00df ist. Auf der Vorderseite steht ein Sponsorenaufdruck im Mittelpunkt. <strong>Krombacher<\/strong>, ein Wappen <strong>Eintracht Frankfurt<\/strong> und Logo <strong>Nike<\/strong> klassisch auf der Kommode angeordnet, um eine klare und symmetrische Designkomposition zu erhalten.<\/p>\n<p>Saison <strong>2016\/17<\/strong> war f\u00fcr <strong>Eintracht Frankfurt<\/strong> einer der wichtigsten Momente des zweiten Jahrzehnts des 21. Jahrhunderts. Die Mannschaft erreichte das Finale <strong>DFB-Pokal<\/strong>, in dem sie mit <strong>Borussia Dortmund<\/strong>. Die Besetzung der Band bestand damals aus. <strong>Alex Meier<\/strong>, ein langj\u00e4hriger Anf\u00fchrer der Offensive und Symbol des Vereins, <strong>Marco Fabi\u00e1n<\/strong>, ein kreativer Mittelfeldspieler, der f\u00fcr die Umsetzung von Ma\u00dfnahmen verantwortlich ist, und <strong>Jes\u00fas Vallejo<\/strong>, ein junger Verteidiger, ausgeliehen von <strong>Real Madrid<\/strong>. Eine wichtige Rolle im Team spielten auch <strong>David Abraham<\/strong>, Kapit\u00e4n und Verteidigungspfeiler.<\/p>\n<p>Das T-Shirt ist aus leichtem und atmungsaktivem Material gefertigt und der Schnitt in Gr\u00f6\u00dfe <strong>L<\/strong> entspricht den Standards <strong>Nike<\/strong>, bietet die klassische Passform, die f\u00fcr <strong>die Fan-Version des T-Shirts<\/strong> f\u00fcr Fans bestimmt.<\/p>\n<p>Dies ist ein Angebot f\u00fcr Sammler und Fans, die auf der Suche sind nach <strong>das Original Eintracht Frankfurt Heimtrikot aus der Saison 2016\/17<\/strong>, ein eindeutiger Beleg f\u00fcr eine Kampagne, die mit dem Einzug in die Endrunde endete <strong>Deutscher Pokal<\/strong>.<\/p>","protected":false},"featured_media":120650,"template":"","meta":{"_kad_blocks_custom_css":"","_kad_blocks_head_custom_js":"","_kad_blocks_body_custom_js":"","_kad_blocks_footer_custom_js":"","_kad_post_transparent":"default","_kad_post_title":"","_kad_post_layout":"default","_kad_post_sidebar_id":"","_kad_post_content_style":"default","_kad_post_vertical_padding":"default","_kad_post_feature":"","_kad_post_feature_position":"","_kad_post_header":false,"_kad_post_footer":false,"_kad_post_classname":""},"product_brand":[1284],"product_cat":[15,1490],"product_tag":[],"class_list":{"0":"post-118931","1":"product","2":"type-product","3":"status-publish","4":"has-post-thumbnail","6":"product_brand-nike","7":"product_cat-bez-kategorii","8":"product_cat-pozostale-kluby-niemieckie","9":"pa_homeawaythird-home","10":"pa_rozmiar-l","12":"first","13":"instock","14":"taxable","15":"shipping-taxable","16":"purchasable","17":"product-type-simple","18":"entry","19":"content-bg","20":"loop-entry"},"taxonomy_info":{"product_brand":[{"value":1284,"label":"Nike"}],"product_cat":[{"value":15,"label":"Bez kategorii"},{"value":1490,"label":"Pozosta\u0142e kluby niemieckie"}],"pa_homeawaythird":[{"value":1597,"label":"Home"}],"pa_rozmiar":[{"value":1817,"label":"L"}]},"featured_image_src_large":["https:\/\/footballthrift.shop\/wp-content\/uploads\/2026\/03\/Photoroom_20260304_131252-1024x1024.jpg",1024,1024,true],"author_info":[],"comment_info":"","_links":{"self":[{"href":"https:\/\/footballthrift.shop\/de\/wp-json\/wp\/v2\/product\/118931","targetHints":{"allow":["GET"]}}],"collection":[{"href":"https:\/\/footballthrift.shop\/de\/wp-json\/wp\/v2\/product"}],"about":[{"href":"https:\/\/footballthrift.shop\/de\/wp-json\/wp\/v2\/types\/product"}],"wp:featuredmedia":[{"embeddable":true,"href":"https:\/\/footballthrift.shop\/de\/wp-json\/wp\/v2\/media\/120650"}],"wp:attachment":[{"href":"https:\/\/footballthrift.shop\/de\/wp-json\/wp\/v2\/media?parent=118931"}],"wp:term":[{"taxonomy":"product_brand","embeddable":true,"href":"https:\/\/footballthrift.shop\/de\/wp-json\/wp\/v2\/product_brand?post=118931"},{"taxonomy":"product_cat","embeddable":true,"href":"https:\/\/footballthrift.shop\/de\/wp-json\/wp\/v2\/product_cat?post=118931"},{"taxonomy":"product_tag","embeddable":true,"href":"https:\/\/footballthrift.shop\/de\/wp-json\/wp\/v2\/product_tag?post=118931"}],"curies":[{"name":"wp","href":"https:\/\/api.w.org\/{rel}","templated":true}]}}