{"id":118930,"date":"2026-03-08T17:59:42","date_gmt":"2026-03-08T16:59:42","guid":{"rendered":"https:\/\/footballthrift.shop\/?post_type=product&#038;p=118930"},"modified":"2026-03-09T11:23:31","modified_gmt":"2026-03-09T10:23:31","slug":"koszulka-pilkarska-borussia-dortmund-2019-20-home-xxl","status":"publish","type":"product","link":"https:\/\/footballthrift.shop\/de\/koszulka-pilkarska-borussia-dortmund-2019-20-home-xxl\/","title":{"rendered":"Koszulka pi\u0142karska Borussia Dortmund 2019\/20 Home [XXL]"},"content":{"rendered":"<p><strong>Verein:<\/strong> Borussia Dortmund<\/p>\n<p><strong>Saison:<\/strong> 2019\/20 Heim<\/p>\n<p><strong>Gr\u00f6\u00dfe: <\/strong>XXL<\/p>\n<p><strong>Zustand:<\/strong> Ausgezeichnet<\/p>\n<p><strong>Ma\u00dfe (Achselbreite\/L\u00e4nge) in cm: <\/strong>58\/76<\/p>","protected":false},"excerpt":{"rendered":"<p><strong>Original Borussia Dortmund Heimtrikot aus der Saison 2019\/20 von Puma.\u00a0<\/strong><\/p>\n<p>Heimmodell <strong>Borussia Dortmund<\/strong> aus der Saison <strong>2019\/20<\/strong>hergestellt von <strong>Puma<\/strong> in der Gr\u00f6\u00dfe <strong>XXL<\/strong>, stammt aus einer Zeit, in der der Verein um die h\u00f6chsten Ziele in der Bundesliga k\u00e4mpfte. <strong>Bundesliga<\/strong> und in Europapokalen. Das Team unter der Leitung von <strong>Luciena Favre<\/strong> war einer seiner gef\u00e4hrlichsten Rivalen <strong>Bayern M\u00fcnchen<\/strong>, und beendete die Saison mit einer offensiven und dynamischen Spielweise auf dem zweiten Platz der Liga.<\/p>\n<p>Das T-Shirt wurde auf der klassischen gelben Basis hergestellt, einem Markenzeichen der <strong>Borussia Dortmund<\/strong> und die Atmosph\u00e4re des Stadions <strong>Signal Iduna Park<\/strong>. Die \u00c4rmel sind mit schwarzen Details versehen und die Schultern weisen markante Gummistreifen in einem schwarz-gelben Muster auf, die dem Design einen dynamischen Look verleihen. Auf der Vorderseite ist ein Sponsorenaufdruck zu sehen. <strong>Evonik<\/strong>, w\u00e4hrend das Wappen <strong>Borussia Dortmund<\/strong> und Logo <strong>Pumas<\/strong> klassisch auf der Brust angeordnet, um eine klare Designkomposition zu erhalten.<\/p>\n<p>Saison <strong>2019\/20<\/strong> war f\u00fcr <strong>Borussia Dortmund<\/strong> Der Erfolg der Mannschaft war gepr\u00e4gt von einer Zeit, in der sie um die deutsche Meisterschaft k\u00e4mpfte und sich mit den besten Mannschaften Europas messen konnte. Zu den Farben der Mannschaft geh\u00f6rten damals. <strong>Erling Haaland<\/strong>, der auf Anhieb zu einem der gr\u00f6\u00dften Stars der Mannschaft wurde, <strong>Jadon Sancho<\/strong>, einer der effektivsten Fl\u00fcgelspieler der Liga, <strong>Marco Reus<\/strong>, Kapit\u00e4n und Teamleiter, und <strong>Mats Hummels<\/strong>, die f\u00fcr die defensive Stabilit\u00e4t verantwortlich sind.<\/p>\n<p>Das T-Shirt ist aus leichtem und atmungsaktivem Material gefertigt und der Schnitt in Gr\u00f6\u00dfe <strong>XXL<\/strong> entspricht den Standards <strong>Pumas<\/strong>, und bietet die klassische Passform, die f\u00fcr die Shop-Versionen der Hemden der Marke charakteristisch ist.<\/p>\n<p>Dies ist ein Angebot f\u00fcr Sammler und Fans, die auf der Suche sind nach <strong>das Original Borussia Dortmund Heimtrikot der Saison 2019\/20<\/strong>, die eine klare Aufzeichnung der Meisterschaftssaison ist <strong>Bundesliga<\/strong> und offensive \u00c4ra des Teams von <strong>Signal Iduna Park<\/strong>.<\/p>","protected":false},"featured_media":120642,"template":"","meta":{"_kad_blocks_custom_css":"","_kad_blocks_head_custom_js":"","_kad_blocks_body_custom_js":"","_kad_blocks_footer_custom_js":"","_kad_post_transparent":"default","_kad_post_title":"","_kad_post_layout":"default","_kad_post_sidebar_id":"","_kad_post_content_style":"default","_kad_post_vertical_padding":"default","_kad_post_feature":"","_kad_post_feature_position":"","_kad_post_header":false,"_kad_post_footer":false,"_kad_post_classname":""},"product_brand":[1287],"product_cat":[15,1438],"product_tag":[],"class_list":{"0":"post-118930","1":"product","2":"type-product","3":"status-publish","4":"has-post-thumbnail","6":"product_brand-puma","7":"product_cat-bez-kategorii","8":"product_cat-kluby-niemieckie-borussiadortmund","9":"pa_homeawaythird-home","10":"pa_rozmiar-xxl","12":"first","13":"instock","14":"taxable","15":"shipping-taxable","16":"purchasable","17":"product-type-simple","18":"entry","19":"content-bg","20":"loop-entry"},"taxonomy_info":{"product_brand":[{"value":1287,"label":"Puma"}],"product_cat":[{"value":15,"label":"Bez kategorii"},{"value":1438,"label":"Borussia Dortmund"}],"pa_homeawaythird":[{"value":1597,"label":"Home"}],"pa_rozmiar":[{"value":1819,"label":"XXL"}]},"featured_image_src_large":["https:\/\/footballthrift.shop\/wp-content\/uploads\/2026\/03\/Photoroom_20260304_130527-1024x1024.jpg",1024,1024,true],"author_info":[],"comment_info":"","_links":{"self":[{"href":"https:\/\/footballthrift.shop\/de\/wp-json\/wp\/v2\/product\/118930","targetHints":{"allow":["GET"]}}],"collection":[{"href":"https:\/\/footballthrift.shop\/de\/wp-json\/wp\/v2\/product"}],"about":[{"href":"https:\/\/footballthrift.shop\/de\/wp-json\/wp\/v2\/types\/product"}],"wp:featuredmedia":[{"embeddable":true,"href":"https:\/\/footballthrift.shop\/de\/wp-json\/wp\/v2\/media\/120642"}],"wp:attachment":[{"href":"https:\/\/footballthrift.shop\/de\/wp-json\/wp\/v2\/media?parent=118930"}],"wp:term":[{"taxonomy":"product_brand","embeddable":true,"href":"https:\/\/footballthrift.shop\/de\/wp-json\/wp\/v2\/product_brand?post=118930"},{"taxonomy":"product_cat","embeddable":true,"href":"https:\/\/footballthrift.shop\/de\/wp-json\/wp\/v2\/product_cat?post=118930"},{"taxonomy":"product_tag","embeddable":true,"href":"https:\/\/footballthrift.shop\/de\/wp-json\/wp\/v2\/product_tag?post=118930"}],"curies":[{"name":"wp","href":"https:\/\/api.w.org\/{rel}","templated":true}]}}