{"id":118550,"date":"2026-03-01T17:58:33","date_gmt":"2026-03-01T16:58:33","guid":{"rendered":"https:\/\/footballthrift.shop\/?post_type=product&#038;p=118550"},"modified":"2026-03-09T11:23:37","modified_gmt":"2026-03-09T10:23:37","slug":"spiel-ausgabe-ssc-napoli-fusballtrikot-2019-20-nach-hause-99-milik-l","status":"publish","type":"product","link":"https:\/\/footballthrift.shop\/de\/koszulka-pilkarska-match-issue-ssc-napoli-2019-20-home-99-milik-l\/","title":{"rendered":"Koszulka pi\u0142karska MATCH ISSUE SSC Napoli 2019\/20 Home 99 Milik [L]"},"content":{"rendered":"<p><strong>Verein:<\/strong> SSC Napoli<\/p>\n<p><strong>Saison:<\/strong> 2019\/20 Heim<\/p>\n<p><strong>Gr\u00f6\u00dfe: <\/strong>L<\/p>\n<p><strong>Zustand:<\/strong> Ausgezeichnet<\/p>\n<p><strong>Ma\u00dfe (Achselbreite\/L\u00e4nge) in cm: <\/strong>51\/73<\/p>","protected":false},"excerpt":{"rendered":"<p>Original Heim-Fu\u00dfballtrikot <strong>SSC Napoli<\/strong> aus der Saison <strong>2019\/20<\/strong> Produktion <strong>Kappy<\/strong> gedruckt <strong>Arkadiusz Milik<\/strong> Version <strong>MATCH ISSUE.\u00a0<\/strong><\/p>\n<p><strong>SSC Napoli Heimmodell<\/strong> aus der Saison <strong>2019\/20<\/strong>hergestellt von <strong>Kappa<\/strong> in Gr\u00f6\u00dfe L, ist ein Set, das f\u00fcr den europ\u00e4ischen Wettbewerb konzipiert wurde, an dem das Team im <strong>Champions League<\/strong>. Es war eine Saison voller Trainerwechsel und sportlicher Herausforderungen, aber die Neapolitaner konnten sich auf der internationalen B\u00fchne gut behaupten und erreichten das Achtelfinale der Champions League.<\/p>\n<p>Das T-Shirt wurde auf einer klassischen blauen Basis hergestellt, wobei die Vorderseite mit einem subtilen geometrischen Muster verziert ist, das sich von der Hauptfarbe abhebt. Die \u00c4rmel und Seitenteile sind in Schwarz gehalten, was dem Design einen starken Kontrast und ein modernes Gef\u00fchl verleiht. In der Mitte der Brust befindet sich ein Sponsorenaufdruck. <strong>Lete<\/strong>, mit Emblemen auf den \u00c4rmeln <strong>Champions League<\/strong>, das die europ\u00e4ische Bezeichnung dieser Version hervorhebt. Unverwechselbare Logos <strong>Kappy<\/strong> im Einklang mit der Markenidentit\u00e4t eingesetzt werden.<\/p>\n<p>Auf der R\u00fcckseite befindet sich ein origineller Aufdruck. <strong>Arkadiusz Milik<\/strong>, der in der Saison <strong>2019\/20<\/strong> war einer der wichtigsten St\u00fcrmer der Mannschaft. Der polnische Vertreter beeindruckte durch seine Effizienz und sein gutes Spiel im Strafraum, und seine Tore waren sowohl in der Liga als auch im Pokal wichtig. <strong>Arkadiusz Milik<\/strong> war seinerzeit eine der wichtigsten Pers\u00f6nlichkeiten in der Offensive <strong>SSC Napoli<\/strong>, Sie stellen eine echte Bedrohung f\u00fcr die Verteidigung der Rivalen dar.<\/p>\n<p>Bei dem Exemplar handelt es sich um eine Streichholzversion, die mit der h\u00f6chsten Technologie, die von der <strong>Kappa<\/strong>, mit Parametern, die mit der Ausr\u00fcstung der Spieler der ersten Mannschaft \u00fcbereinstimmen. Gr\u00f6\u00dfe L entspricht dem getragen <strong>Arkadiusz Milik<\/strong>, Da die Verwendung im Spiel jedoch nicht best\u00e4tigt wurde, wird das Trikot als <strong>MATCH-AUSGABE<\/strong>.<\/p>\n<p>Das Trikot ist aus leichtem, anschmiegsamem und dehnbarem Material mit Match-Eigenschaften gefertigt, und der Schnitt entspricht professionellen Standards <strong>Kappy<\/strong>, Dadurch wird sichergestellt, dass die Passform der Sets der Spieler identisch ist.<\/p>\n<p>Dies ist f\u00fcr Sammler und Fans, die ein originales Fu\u00dfballtrikot suchen <strong>SSC Napoli<\/strong> aus der Saison <strong>2019\/20<\/strong>, die eine klare Aufzeichnung der europ\u00e4ischen Kampagne und der Leistungen des Vereins ist <strong>Arkadiusz Milik<\/strong> w <strong>Champions League<\/strong>.<\/p>","protected":false},"featured_media":118636,"template":"","meta":{"_kad_blocks_custom_css":"","_kad_blocks_head_custom_js":"","_kad_blocks_body_custom_js":"","_kad_blocks_footer_custom_js":"","_kad_post_transparent":"default","_kad_post_title":"","_kad_post_layout":"default","_kad_post_sidebar_id":"","_kad_post_content_style":"default","_kad_post_vertical_padding":"default","_kad_post_feature":"","_kad_post_feature_position":"","_kad_post_header":false,"_kad_post_footer":false,"_kad_post_classname":""},"product_brand":[1290],"product_cat":[15,1409,1411,1474],"product_tag":[],"class_list":{"0":"post-118550","1":"product","2":"type-product","3":"status-publish","4":"has-post-thumbnail","6":"product_brand-kappa","7":"product_cat-bez-kategorii","8":"product_cat-match-worn-issue","9":"product_cat-polscy-pilkarze","10":"product_cat-kluby-wloskie-sscnapoli","11":"pa_homeawaythird-home","12":"pa_rozmiar-l","14":"first","15":"instock","16":"taxable","17":"shipping-taxable","18":"purchasable","19":"product-type-simple","20":"entry","21":"content-bg","22":"loop-entry"},"taxonomy_info":{"product_brand":[{"value":1290,"label":"Kappa"}],"product_cat":[{"value":15,"label":"Bez kategorii"},{"value":1409,"label":"MATCH WORN &amp; ISSUE"},{"value":1411,"label":"POLSCY PI\u0141KARZE"},{"value":1474,"label":"SSC Napoli"}],"pa_homeawaythird":[{"value":1597,"label":"Home"}],"pa_rozmiar":[{"value":1817,"label":"L"}]},"featured_image_src_large":["https:\/\/footballthrift.shop\/wp-content\/uploads\/2026\/02\/Photoroom_20260225_124716-1024x1024.jpg",1024,1024,true],"author_info":[],"comment_info":"","_links":{"self":[{"href":"https:\/\/footballthrift.shop\/de\/wp-json\/wp\/v2\/product\/118550","targetHints":{"allow":["GET"]}}],"collection":[{"href":"https:\/\/footballthrift.shop\/de\/wp-json\/wp\/v2\/product"}],"about":[{"href":"https:\/\/footballthrift.shop\/de\/wp-json\/wp\/v2\/types\/product"}],"wp:featuredmedia":[{"embeddable":true,"href":"https:\/\/footballthrift.shop\/de\/wp-json\/wp\/v2\/media\/118636"}],"wp:attachment":[{"href":"https:\/\/footballthrift.shop\/de\/wp-json\/wp\/v2\/media?parent=118550"}],"wp:term":[{"taxonomy":"product_brand","embeddable":true,"href":"https:\/\/footballthrift.shop\/de\/wp-json\/wp\/v2\/product_brand?post=118550"},{"taxonomy":"product_cat","embeddable":true,"href":"https:\/\/footballthrift.shop\/de\/wp-json\/wp\/v2\/product_cat?post=118550"},{"taxonomy":"product_tag","embeddable":true,"href":"https:\/\/footballthrift.shop\/de\/wp-json\/wp\/v2\/product_tag?post=118550"}],"curies":[{"name":"wp","href":"https:\/\/api.w.org\/{rel}","templated":true}]}}