{"id":118549,"date":"2026-03-01T17:58:33","date_gmt":"2026-03-01T16:58:33","guid":{"rendered":"https:\/\/footballthrift.shop\/?post_type=product&#038;p=118549"},"modified":"2026-03-09T11:23:36","modified_gmt":"2026-03-09T10:23:36","slug":"ssc-napoli-fusball-trikot-2018-19-heim-s","status":"publish","type":"product","link":"https:\/\/footballthrift.shop\/de\/koszulka-pilkarska-ssc-napoli-2018-19-home-s\/","title":{"rendered":"Koszulka pi\u0142karska SSC Napoli 2018\/19 Home [S]"},"content":{"rendered":"<p><strong>Verein:<\/strong> SSC Napoli<\/p>\n<p><strong>Saison:<\/strong> 2018\/19 Heim<\/p>\n<p><strong>Gr\u00f6\u00dfe: <\/strong>S<\/p>\n<p><strong>Zustand:<\/strong> Befriedigend - geknackte Patenschaftsabdr\u00fccke und ein Mikrostich.<\/p>\n<p><strong>Ma\u00dfe (Achselbreite\/L\u00e4nge) in cm: <\/strong>47\/67<\/p>","protected":false},"excerpt":{"rendered":"<p>Original Heim-Fu\u00dfballtrikot <strong>SSC Napoli<\/strong> aus der Saison <strong>2018\/19<\/strong> Produktion <strong>Kappy<\/strong>.<\/p>\n<p>Heimmodell <strong>SSC Napoli<\/strong> aus der Saison <strong>2018\/19<\/strong>hergestellt von <strong>Kappa<\/strong> in Gr\u00f6\u00dfe S, ist ein Entwurf aus der Zeit des Kampfes um die Spitzenpl\u00e4tze in der Serie A und im internationalen Wettbewerb. Das von Carlo Ancelott gef\u00fchrte Team beendete den Ligawettbewerb auf einem Spitzenplatz und behielt seinen Status als eine der st\u00e4rksten Mannschaften Italiens und als regelm\u00e4\u00dfiger Teilnehmer an europ\u00e4ischen Wettbewerben bei.<\/p>\n<p>Das T-Shirt wurde auf einer klassischen blauen Basis hergestellt, die die Grundlage der Identit\u00e4t bildet. <strong>SSC Napoli<\/strong>, Ein dezentes geometrisches Muster auf der Oberfl\u00e4che sorgt f\u00fcr einen modernen Twist. Das Modell verf\u00fcgt \u00fcber einen Button-down-Polokragen, der dem Design einen Hauch von Eleganz verleiht. Auf der Vorderseite steht ein Sponsorenaufdruck im Mittelpunkt. <strong>Lete<\/strong>, Logo unten <strong>Garofalo<\/strong>, w\u00e4hrend der Markenname auf dem unteren R\u00fccken erscheint <strong>Kimbo<\/strong>. Die Seiten des T-Shirts sind mit wiederholten Logos versehen <strong>Kappy<\/strong>, und schuf das charakteristische visuelle Layout der Marke.<\/p>\n<p>Saison <strong>2018\/19<\/strong> war f\u00fcr <strong>SSC Napoli<\/strong> eine Periode stabiler Form und die Beibehaltung eines Platzes an der Spitze der italienischen Liga. Die Farben der Mannschaft waren damals. <strong>Dries Mertens<\/strong>, ein wichtiger Offensivspieler, <strong>Lorenzo Insigne<\/strong>, Kapit\u00e4n und Ehemaliger des Clubs, und <strong>Kalidou Koulibaly<\/strong>, eine tragende S\u00e4ule der Defensivabteilung. Die Mannschaft kombiniert Erfahrung mit Dynamik und bleibt sowohl im Inland als auch in Europa wettbewerbsf\u00e4hig.<\/p>\n<p>Das T-Shirt ist aus leichtem, enganliegendem und dehnbarem Material gefertigt und der Schnitt in Gr\u00f6\u00dfe S entspricht den Standards der <strong>Kappy<\/strong>, und unterstreicht damit den ma\u00dfgeschneiderten Charakter des Projekts.<\/p>\n<p>F\u00fcr Sammler und Fans, die ein originales Heimtrikot suchen <strong>SSC Napoli<\/strong> aus der Saison <strong>2018\/19<\/strong>, Ein klarer Beleg f\u00fcr eine Periode stabilen Wettbewerbs um die meisten Tore im italienischen Fu\u00dfball.<\/p>","protected":false},"featured_media":118626,"template":"","meta":{"_kad_blocks_custom_css":"","_kad_blocks_head_custom_js":"","_kad_blocks_body_custom_js":"","_kad_blocks_footer_custom_js":"","_kad_post_transparent":"default","_kad_post_title":"","_kad_post_layout":"default","_kad_post_sidebar_id":"","_kad_post_content_style":"default","_kad_post_vertical_padding":"default","_kad_post_feature":"","_kad_post_feature_position":"","_kad_post_header":false,"_kad_post_footer":false,"_kad_post_classname":""},"product_brand":[1290],"product_cat":[15,1474],"product_tag":[],"class_list":{"0":"post-118549","1":"product","2":"type-product","3":"status-publish","4":"has-post-thumbnail","6":"product_brand-kappa","7":"product_cat-bez-kategorii","8":"product_cat-kluby-wloskie-sscnapoli","9":"pa_homeawaythird-home","10":"pa_rozmiar-s","12":"first","13":"instock","14":"taxable","15":"shipping-taxable","16":"purchasable","17":"product-type-simple","18":"entry","19":"content-bg","20":"loop-entry"},"taxonomy_info":{"product_brand":[{"value":1290,"label":"Kappa"}],"product_cat":[{"value":15,"label":"Bez kategorii"},{"value":1474,"label":"SSC Napoli"}],"pa_homeawaythird":[{"value":1597,"label":"Home"}],"pa_rozmiar":[{"value":1815,"label":"S"}]},"featured_image_src_large":["https:\/\/footballthrift.shop\/wp-content\/uploads\/2026\/02\/Photoroom_20260225_124626-1024x1024.jpg",1024,1024,true],"author_info":[],"comment_info":"","_links":{"self":[{"href":"https:\/\/footballthrift.shop\/de\/wp-json\/wp\/v2\/product\/118549","targetHints":{"allow":["GET"]}}],"collection":[{"href":"https:\/\/footballthrift.shop\/de\/wp-json\/wp\/v2\/product"}],"about":[{"href":"https:\/\/footballthrift.shop\/de\/wp-json\/wp\/v2\/types\/product"}],"wp:featuredmedia":[{"embeddable":true,"href":"https:\/\/footballthrift.shop\/de\/wp-json\/wp\/v2\/media\/118626"}],"wp:attachment":[{"href":"https:\/\/footballthrift.shop\/de\/wp-json\/wp\/v2\/media?parent=118549"}],"wp:term":[{"taxonomy":"product_brand","embeddable":true,"href":"https:\/\/footballthrift.shop\/de\/wp-json\/wp\/v2\/product_brand?post=118549"},{"taxonomy":"product_cat","embeddable":true,"href":"https:\/\/footballthrift.shop\/de\/wp-json\/wp\/v2\/product_cat?post=118549"},{"taxonomy":"product_tag","embeddable":true,"href":"https:\/\/footballthrift.shop\/de\/wp-json\/wp\/v2\/product_tag?post=118549"}],"curies":[{"name":"wp","href":"https:\/\/api.w.org\/{rel}","templated":true}]}}