{"id":118544,"date":"2026-03-01T17:58:36","date_gmt":"2026-03-01T16:58:36","guid":{"rendered":"https:\/\/footballthrift.shop\/?post_type=product&#038;p=118544"},"modified":"2026-03-09T11:23:35","modified_gmt":"2026-03-09T10:23:35","slug":"fusballtrikot-newcastle-united-fc-2023-24-auswarts-m","status":"publish","type":"product","link":"https:\/\/footballthrift.shop\/de\/koszulka-pilkarska-newcastle-united-fc-2023-24-away-m\/","title":{"rendered":"Koszulka pi\u0142karska Newcastle United FC 2023\/24 Away [M]"},"content":{"rendered":"<p><strong>Verein:<\/strong> Newcastle United FC<\/p>\n<p><strong>Saison:<\/strong> 2023\/24 Ausw\u00e4rts<\/p>\n<p><strong>Gr\u00f6\u00dfe: <\/strong>M<\/p>\n<p><strong>Zustand:<\/strong> Sehr gut - ein paar kleine Risse auf der R\u00fcckseite.<\/p>\n<p><strong>Ma\u00dfe (Achselbreite\/L\u00e4nge) in cm: <\/strong>50\/72<\/p>","protected":false},"excerpt":{"rendered":"<p>Original Ausw\u00e4rtstrikot <strong>Newcastle United FC<\/strong> aus der Saison <strong>2023\/24<\/strong> Produktion <strong>Castore<\/strong>.<\/p>\n<p>Ausgehender Satz <strong>Newcastle United FC<\/strong> aus der Saison <strong>2023\/24<\/strong>hergestellt von <strong>Castore<\/strong> in der Gr\u00f6\u00dfe M, war ein Modell, das den Verein in der anspruchsvollen Zeit der Kombination von Ligawettbewerb und Europapokalteilnahmen begleitete. Die Kampagne war eine Anerkennung der sportlichen Entwicklung der Mannschaft und ihrer Pr\u00e4senz unter den Spitzenteams der Premier League und den Teilnehmern an der <strong>Champions League<\/strong>.<\/p>\n<p>Das T-Shirt ist in einem intensiven Gr\u00fcn gehalten, dessen Oberfl\u00e4che mit einem geometrischen Muster versehen ist, das dem Design eine moderne und dynamische Note verleiht. Der Kragen und die \u00c4rmel sind in kontrastierendem Schwarz und Wei\u00df gehalten, um die starke Farbbasis auszugleichen, das Wappen <strong>Newcastle United FC<\/strong> ist klassisch auf der linken Seite der Brust platziert, und das Logo <strong>Castore<\/strong> auf der gegen\u00fcberliegenden Seite. Auf dem rechten \u00c4rmel befindet sich das Emblem des Wettbewerbs <strong>Champions League<\/strong>, und unterstreicht damit die europ\u00e4ische Dimension der Saison.<\/p>\n<p>Saison <strong>2023\/24<\/strong> war f\u00fcr <strong>Newcastle United FC<\/strong> eine Zeit, in der man an mehreren Fronten spielte, sowohl in der Liga als auch im europ\u00e4ischen Wettbewerb. Der Kern der Mannschaft bestand aus F\u00fchrungsspielern und Leistungstr\u00e4gern wie <strong>Bruno Guimar\u00e3es<\/strong>, <strong>Kieran Trippier<\/strong> und <strong>Alexander Isak<\/strong>, die eine wichtige Rolle bei der Aufrechterhaltung des hohen sportlichen Niveaus der Mannschaft gespielt haben.<\/p>\n<p>Das T-Shirt ist aus leichtem und atmungsaktivem Material gefertigt, und der Schnitt in Gr\u00f6\u00dfe M garantiert eine Passform, die den Standards der <strong>Castore<\/strong>.<\/p>\n<p>Dies ist f\u00fcr Sammler und Fans, die ein originales Ausw\u00e4rtstrikot suchen <strong>Newcastle United FC<\/strong> aus der Saison <strong>2023\/24<\/strong>, und bietet einen klaren \u00dcberblick \u00fcber die Phase, in der der Verein in der Liga und im europ\u00e4ischen Wettbewerb stark vertreten war.<\/p>","protected":false},"featured_media":118577,"template":"","meta":{"_kad_blocks_custom_css":"","_kad_blocks_head_custom_js":"","_kad_blocks_body_custom_js":"","_kad_blocks_footer_custom_js":"","_kad_post_transparent":"default","_kad_post_title":"","_kad_post_layout":"default","_kad_post_sidebar_id":"","_kad_post_content_style":"default","_kad_post_vertical_padding":"default","_kad_post_feature":"","_kad_post_feature_position":"","_kad_post_header":false,"_kad_post_footer":false,"_kad_post_classname":""},"product_brand":[1384],"product_cat":[15,2031],"product_tag":[],"class_list":{"0":"post-118544","1":"product","2":"type-product","3":"status-publish","4":"has-post-thumbnail","6":"product_brand-castore","7":"product_cat-bez-kategorii","8":"product_cat-newcastle-united-fc","9":"pa_homeawaythird-away","10":"pa_rozmiar-m","12":"first","13":"instock","14":"taxable","15":"shipping-taxable","16":"purchasable","17":"product-type-simple","18":"entry","19":"content-bg","20":"loop-entry"},"taxonomy_info":{"product_brand":[{"value":1384,"label":"Castore"}],"product_cat":[{"value":15,"label":"Bez kategorii"},{"value":2031,"label":"Newcastle United FC"}],"pa_homeawaythird":[{"value":1598,"label":"Away"}],"pa_rozmiar":[{"value":1816,"label":"M"}]},"featured_image_src_large":["https:\/\/footballthrift.shop\/wp-content\/uploads\/2026\/02\/Photoroom_20260225_130307-1024x1024.jpg",1024,1024,true],"author_info":[],"comment_info":"","_links":{"self":[{"href":"https:\/\/footballthrift.shop\/de\/wp-json\/wp\/v2\/product\/118544","targetHints":{"allow":["GET"]}}],"collection":[{"href":"https:\/\/footballthrift.shop\/de\/wp-json\/wp\/v2\/product"}],"about":[{"href":"https:\/\/footballthrift.shop\/de\/wp-json\/wp\/v2\/types\/product"}],"wp:featuredmedia":[{"embeddable":true,"href":"https:\/\/footballthrift.shop\/de\/wp-json\/wp\/v2\/media\/118577"}],"wp:attachment":[{"href":"https:\/\/footballthrift.shop\/de\/wp-json\/wp\/v2\/media?parent=118544"}],"wp:term":[{"taxonomy":"product_brand","embeddable":true,"href":"https:\/\/footballthrift.shop\/de\/wp-json\/wp\/v2\/product_brand?post=118544"},{"taxonomy":"product_cat","embeddable":true,"href":"https:\/\/footballthrift.shop\/de\/wp-json\/wp\/v2\/product_cat?post=118544"},{"taxonomy":"product_tag","embeddable":true,"href":"https:\/\/footballthrift.shop\/de\/wp-json\/wp\/v2\/product_tag?post=118544"}],"curies":[{"name":"wp","href":"https:\/\/api.w.org\/{rel}","templated":true}]}}