{"id":118543,"date":"2026-03-01T17:58:36","date_gmt":"2026-03-01T16:58:36","guid":{"rendered":"https:\/\/footballthrift.shop\/?post_type=product&#038;p=118543"},"modified":"2026-03-09T11:23:35","modified_gmt":"2026-03-09T10:23:35","slug":"fusballtrikot-authentisch-bnwt-manchester-city-2023-24-home-xl","status":"publish","type":"product","link":"https:\/\/footballthrift.shop\/de\/koszulka-pilkarska-authentic-bnwt-manchester-city-2023-24-home-xl\/","title":{"rendered":"Koszulka pi\u0142karska AUTHENTIC BNWT Manchester City 2023\/24 Home [XL]"},"content":{"rendered":"<p><strong>Verein:<\/strong> Manchester City<\/p>\n<p><strong>Saison:<\/strong> 2023\/24 Startseite<\/p>\n<p><strong>Gr\u00f6\u00dfe: <\/strong>XL<\/p>\n<p><strong>Zustand:<\/strong> BNWT - T-shirt neu, mit Etiketten.<\/p>\n<p><strong>Ma\u00dfe (Achselbreite\/L\u00e4nge) in cm: <\/strong>56\/78<\/p>","protected":false},"excerpt":{"rendered":"<p data-start=\"0\" data-end=\"119\">Original Heim-Fu\u00dfballtrikot <strong data-start=\"37\" data-end=\"57\">Manchester City<\/strong> aus der Saison <strong data-start=\"67\" data-end=\"78\">2023\/24<\/strong> Produktion <strong data-start=\"89\" data-end=\"97\">Pumas<\/strong> authentische Version.<\/p>\n<p data-start=\"121\" data-end=\"509\">Heimmodell <strong data-start=\"134\" data-end=\"154\">Manchester City<\/strong> aus der Saison <strong data-start=\"164\" data-end=\"175\">2023\/24<\/strong>hergestellt von <strong data-start=\"197\" data-end=\"205\">Puma<\/strong> im XL-Format, ist das Design, das die Mannschaft begleitet, die die wichtigsten Troph\u00e4en in England und Europa verteidigt. Das von Pep Guardiola gef\u00fchrte Team geht als amtierender Landesmeister und Champions-League-Sieger in den Wettbewerb, setzt eine Periode der Dominanz fort und k\u00e4mpft an allen Fronten um weitere Titel.<\/p>\n<p data-start=\"511\" data-end=\"1013\">Das T-Shirt wurde auf einer klassischen blauen Basis hergestellt, die die Grundlage der Identit\u00e4t bildet. <strong data-start=\"609\" data-end=\"629\">Manchester City<\/strong>. Das Gesamtdesign wird durch ein Motiv aus subtilen vertikalen Streifen in einem dunkleren Blauton erg\u00e4nzt, das auf die Stadionfassade und architektonische Details der Heimat der Citizens anspielt. Auf der Vorderseite sind das Vereinswappen und das Logo in den traditionellen Zonen abgebildet. <strong data-start=\"898\" data-end=\"906\">Pumas<\/strong>, Dabei wird die klare und moderne Komposition beibehalten, die f\u00fcr die zeitgen\u00f6ssischen Designs der Marke charakteristisch ist.<\/p>\n<p data-start=\"1015\" data-end=\"1397\">Das Exemplar wurde mit der Streichholztechnologie hergestellt <strong data-start=\"1058\" data-end=\"1072\">Ultraweave<\/strong>, Deshalb wird sie als authentische Version bezeichnet. Diese Variante unterscheidet sich von den Repliken durch ihr viel leichteres Material, ihre Besonderheit und ihre gepressten Embleme, was zu einer technischeren Verarbeitung f\u00fchrt. Au\u00dferdem wird das Trikot mit dem Originaletikett aus dem Gesch\u00e4ft geliefert, was seinen Sammlercharakter unterstreicht.<\/p>\n<p data-start=\"1399\" data-end=\"1762\">W\u00e4hrend der Saison <strong data-start=\"1409\" data-end=\"1420\">2023\/24<\/strong> Farben <strong data-start=\"1427\" data-end=\"1447\">Manchester City<\/strong> vertreten u.a. durch. <strong data-start=\"1469\" data-end=\"1487\">Erling Haaland<\/strong>, die die wichtigste Offensivkraft der Mannschaft ist, <strong data-start=\"1527\" data-end=\"1546\">Kevin De Bruyne<\/strong>, der f\u00fcr den Spielaufbau im Mittelfeld verantwortlich ist, und <strong data-start=\"1598\" data-end=\"1607\">Rodri<\/strong>, die f\u00fcr das taktische Gleichgewicht der Mannschaft entscheidend sind. Die Mannschaft kombinierte Erfahrung mit Jugend und bewahrte ein hohes Ma\u00df an Sportsgeist und Ehrgeiz, um weitere Troph\u00e4en zu k\u00e4mpfen.<\/p>\n<p data-start=\"1764\" data-end=\"1975\">Das T-Shirt ist aus einem extrem leichten und atmungsaktiven Stoff in einer Version des <strong data-start=\"1845\" data-end=\"1859\">Ultraweave<\/strong>, und der Zuschnitt in Gr\u00f6\u00dfe XL entspricht den Normen f\u00fcr die \u00dcbereinstimmung <strong data-start=\"1913\" data-end=\"1921\">Pumas<\/strong>, und bietet eine Passform, die der \u00fcberlegenen Technologie des deutschen Herstellers entspricht.<\/p>\n<p data-start=\"1977\" data-end=\"2201\" data-is-last-node=\"\" data-is-only-node=\"\">F\u00fcr Sammler und Fans, die ein originales Heimtrikot suchen <strong data-start=\"2077\" data-end=\"2097\">Manchester City<\/strong> aus der Saison <strong data-start=\"2107\" data-end=\"2118\">2023\/24<\/strong>, eine klare Bilanz einer Periode anhaltender Dominanz und des Kampfes um die h\u00f6chsten Ziele.<\/p>","protected":false},"featured_media":118569,"template":"","meta":{"_kad_blocks_custom_css":"","_kad_blocks_head_custom_js":"","_kad_blocks_body_custom_js":"","_kad_blocks_footer_custom_js":"","_kad_post_transparent":"default","_kad_post_title":"","_kad_post_layout":"default","_kad_post_sidebar_id":"","_kad_post_content_style":"default","_kad_post_vertical_padding":"default","_kad_post_feature":"","_kad_post_feature_position":"","_kad_post_header":false,"_kad_post_footer":false,"_kad_post_classname":""},"product_brand":[1287],"product_cat":[15,1470],"product_tag":[],"class_list":{"0":"post-118543","1":"product","2":"type-product","3":"status-publish","4":"has-post-thumbnail","6":"product_brand-puma","7":"product_cat-bez-kategorii","8":"product_cat-manchester-city","9":"pa_homeawaythird-home","10":"pa_rozmiar-xl","12":"first","13":"instock","14":"taxable","15":"shipping-taxable","16":"purchasable","17":"product-type-simple","18":"entry","19":"content-bg","20":"loop-entry"},"taxonomy_info":{"product_brand":[{"value":1287,"label":"Puma"}],"product_cat":[{"value":15,"label":"Bez kategorii"},{"value":1470,"label":"Manchester City"}],"pa_homeawaythird":[{"value":1597,"label":"Home"}],"pa_rozmiar":[{"value":1818,"label":"XL"}]},"featured_image_src_large":["https:\/\/footballthrift.shop\/wp-content\/uploads\/2026\/02\/Photoroom_20260225_124513-1024x1024.jpg",1024,1024,true],"author_info":[],"comment_info":"","_links":{"self":[{"href":"https:\/\/footballthrift.shop\/de\/wp-json\/wp\/v2\/product\/118543","targetHints":{"allow":["GET"]}}],"collection":[{"href":"https:\/\/footballthrift.shop\/de\/wp-json\/wp\/v2\/product"}],"about":[{"href":"https:\/\/footballthrift.shop\/de\/wp-json\/wp\/v2\/types\/product"}],"wp:featuredmedia":[{"embeddable":true,"href":"https:\/\/footballthrift.shop\/de\/wp-json\/wp\/v2\/media\/118569"}],"wp:attachment":[{"href":"https:\/\/footballthrift.shop\/de\/wp-json\/wp\/v2\/media?parent=118543"}],"wp:term":[{"taxonomy":"product_brand","embeddable":true,"href":"https:\/\/footballthrift.shop\/de\/wp-json\/wp\/v2\/product_brand?post=118543"},{"taxonomy":"product_cat","embeddable":true,"href":"https:\/\/footballthrift.shop\/de\/wp-json\/wp\/v2\/product_cat?post=118543"},{"taxonomy":"product_tag","embeddable":true,"href":"https:\/\/footballthrift.shop\/de\/wp-json\/wp\/v2\/product_tag?post=118543"}],"curies":[{"name":"wp","href":"https:\/\/api.w.org\/{rel}","templated":true}]}}