{"id":118540,"date":"2026-03-01T17:58:23","date_gmt":"2026-03-01T16:58:23","guid":{"rendered":"https:\/\/footballthrift.shop\/?post_type=product&#038;p=118540"},"modified":"2026-03-09T11:23:39","modified_gmt":"2026-03-09T10:23:39","slug":"fusballtrikot-juventus-fc-2017-18-dritte-10-dybala-l","status":"publish","type":"product","link":"https:\/\/footballthrift.shop\/de\/koszulka-pilkarska-juventus-fc-2017-18-third-10-dybala-l\/","title":{"rendered":"Koszulka pi\u0142karska Juventus FC 2017\/18 Third 10 Dybala [L]"},"content":{"rendered":"<p><strong>Verein:<\/strong> Juventus FC<\/p>\n<p><strong>Saison:<\/strong> 2017\/18 Dritter<\/p>\n<p><strong>Gr\u00f6\u00dfe: <\/strong>L<\/p>\n<p><strong>Zustand:<\/strong> Sehr gut - zwei Mikrostiche.<\/p>\n<p><strong>Ma\u00dfe (Achselbreite\/L\u00e4nge) in cm: <\/strong>55\/75<\/p>","protected":false},"excerpt":{"rendered":"<p>Original drittes Fu\u00dfballtrikot <strong>Juventus FC<\/strong> aus der Saison <strong>2017\/18<\/strong> Produktion <strong>Adidas<\/strong> gedruckt <strong>Paulo Dybala<\/strong>.<\/p>\n<p>Dritter Satz <strong>Juventus FC<\/strong> aus der Saison <strong>2017\/18<\/strong>hergestellt von <strong>Adidas<\/strong> in Gr\u00f6\u00dfe L, ist das Trikot aus einer Saison, die mit der italienischen Meisterschaft und dem italienischen Pokal endete. Die Turiner best\u00e4tigten ihre Dominanz im heimischen Stadion, holten einen weiteren Scudetto und behaupteten ihre Position als eine der st\u00e4rksten Mannschaften Europas.<\/p>\n<p>Das Hemd ist in einem dunklen Gr\u00fcn gehalten, mit schwarzen Abschl\u00fcssen an den \u00c4rmeln und am Kragen. Das markanteste Element des Designs ist der wei\u00dfe horizontale Streifen auf der Brust, der das Wappen der <strong>Juventus FC<\/strong>, Logo <strong>Adidas<\/strong> und ein Schild f\u00fcr den Sieg <strong>Scudetto<\/strong>, und schafft so eine unverwechselbare und moderne Komposition. An den \u00c4rmeln befinden sich Embleme <strong>Champions League<\/strong>, und unterstreicht damit die europ\u00e4ische Dimension der Saison.<\/p>\n<p>Auf der R\u00fcckseite befindet sich ein origineller Aufdruck. <strong>Paulo Dybala<\/strong>, der in der Saison <strong>2017\/18<\/strong> war eine der Schl\u00fcsselfiguren in der Offensive. Der Argentinier beeindruckte mit seiner Technik, Kreativit\u00e4t und Effektivit\u00e4t und spielte eine wichtige Rolle in der Meisterschaftskampagne. In den Farben von <strong>Juventus FC<\/strong> dann auch durchgef\u00fchrt <strong>Gianluigi Buffon<\/strong>, eine Torwartlegende, <strong>Giorgio Chiellini<\/strong>, einen Verteidigungspfeiler und <strong>Gonzalo Higua\u00edn<\/strong>, die f\u00fcr das Toreschie\u00dfen verantwortlich sind. Das Team kombinierte Erfahrung mit individueller Qualit\u00e4t, dominierte die Serie A und nahm an europ\u00e4ischen Wettbewerben teil.<\/p>\n<p>Das T-Shirt ist aus einem leichten und luftigen Material gefertigt und der Schnitt in Gr\u00f6\u00dfe L entspricht den Standards der <strong>Adidas<\/strong>, und bietet eine klassische Passform, die dem Design der Marke entspricht.<\/p>\n<p>Dies ist f\u00fcr Sammler und Fans, die das originale dritte Fu\u00dfballtrikot suchen <strong>Juventus FC<\/strong> aus der Saison <strong>2017\/18<\/strong>, eine klare Aufzeichnung einer Meisterschaftskampagne und eine der besten Perioden seiner Karriere <strong>Paulo Dybala<\/strong> in Turin.<\/p>","protected":false},"featured_media":118834,"template":"","meta":{"_kad_blocks_custom_css":"","_kad_blocks_head_custom_js":"","_kad_blocks_body_custom_js":"","_kad_blocks_footer_custom_js":"","_kad_post_transparent":"default","_kad_post_title":"","_kad_post_layout":"default","_kad_post_sidebar_id":"","_kad_post_content_style":"default","_kad_post_vertical_padding":"default","_kad_post_feature":"","_kad_post_feature_position":"","_kad_post_header":false,"_kad_post_footer":false,"_kad_post_classname":""},"product_brand":[1283],"product_cat":[15,1462],"product_tag":[],"class_list":{"0":"post-118540","1":"product","2":"type-product","3":"status-publish","4":"has-post-thumbnail","6":"product_brand-adidas","7":"product_cat-bez-kategorii","8":"product_cat-kluby-wloskie-juventusfc","9":"pa_homeawaythird-third","10":"pa_rozmiar-l","12":"first","13":"instock","14":"taxable","15":"shipping-taxable","16":"purchasable","17":"product-type-simple","18":"entry","19":"content-bg","20":"loop-entry"},"taxonomy_info":{"product_brand":[{"value":1283,"label":"Adidas"}],"product_cat":[{"value":15,"label":"Bez kategorii"},{"value":1462,"label":"Juventus FC"}],"pa_homeawaythird":[{"value":1599,"label":"Third"}],"pa_rozmiar":[{"value":1817,"label":"L"}]},"featured_image_src_large":["https:\/\/footballthrift.shop\/wp-content\/uploads\/2026\/02\/Photoroom_20260225_131147-1024x1024.jpg",1024,1024,true],"author_info":[],"comment_info":"","_links":{"self":[{"href":"https:\/\/footballthrift.shop\/de\/wp-json\/wp\/v2\/product\/118540","targetHints":{"allow":["GET"]}}],"collection":[{"href":"https:\/\/footballthrift.shop\/de\/wp-json\/wp\/v2\/product"}],"about":[{"href":"https:\/\/footballthrift.shop\/de\/wp-json\/wp\/v2\/types\/product"}],"wp:featuredmedia":[{"embeddable":true,"href":"https:\/\/footballthrift.shop\/de\/wp-json\/wp\/v2\/media\/118834"}],"wp:attachment":[{"href":"https:\/\/footballthrift.shop\/de\/wp-json\/wp\/v2\/media?parent=118540"}],"wp:term":[{"taxonomy":"product_brand","embeddable":true,"href":"https:\/\/footballthrift.shop\/de\/wp-json\/wp\/v2\/product_brand?post=118540"},{"taxonomy":"product_cat","embeddable":true,"href":"https:\/\/footballthrift.shop\/de\/wp-json\/wp\/v2\/product_cat?post=118540"},{"taxonomy":"product_tag","embeddable":true,"href":"https:\/\/footballthrift.shop\/de\/wp-json\/wp\/v2\/product_tag?post=118540"}],"curies":[{"name":"wp","href":"https:\/\/api.w.org\/{rel}","templated":true}]}}