{"id":118537,"date":"2026-03-01T17:58:25","date_gmt":"2026-03-01T16:58:25","guid":{"rendered":"https:\/\/footballthrift.shop\/?post_type=product&#038;p=118537"},"modified":"2026-03-09T11:23:38","modified_gmt":"2026-03-09T10:23:38","slug":"fusballtrikot-fc-midtjylland-2022-23-auswarts-20-byskov-m","status":"publish","type":"product","link":"https:\/\/footballthrift.shop\/de\/koszulka-pilkarska-fc-midtjylland-2022-23-away-20-byskov-m\/","title":{"rendered":"Koszulka pi\u0142karska FC Midtjylland 2022\/23 Away 20 Byskov [M]"},"content":{"rendered":"<p><strong>Verein:<\/strong> FC Midtjylland<\/p>\n<p><strong>Saison:<\/strong> 2022\/23 Ausw\u00e4rts<\/p>\n<p><strong>Gr\u00f6\u00dfe: <\/strong>M<\/p>\n<p><strong>Zustand:<\/strong> Ausgezeichnet<\/p>\n<p><strong>Ma\u00dfe (Achselbreite\/L\u00e4nge) in cm: <\/strong>50\/73<\/p>","protected":false},"excerpt":{"rendered":"<p>Original Ausw\u00e4rtstrikot <strong>FC Midtjylland<\/strong> aus der Saison <strong>2022\/23<\/strong> Produktion <strong>Nike<\/strong> gedruckt <strong>Valdemar Byskov.\u00a0<\/strong><\/p>\n<p>Ausw\u00e4rtsmodell <strong>FC Midtjylland<\/strong> aus der Saison <strong>2022\/23<\/strong>hergestellt von <strong>Nike<\/strong> in Gr\u00f6\u00dfe M, ist ein Satz, der h\u00f6chstwahrscheinlich aus der Reserve- oder Jugendmannschaft des Vereins stammt. Dieses Exemplar beh\u00e4lt die vollst\u00e4ndige Vereinskennung und passt in das Trainingssystem, aus dem die <strong>FC Midtjylland<\/strong> ist in der d\u00e4nischen Fu\u00dfballszene bekannt.<\/p>\n<p>Das Trikot ist ganz in Wei\u00df gehalten und hat keine Sponsorenaufdrucke auf der Vorderseite, was den Trainings- und Jugendcharakter unterstreicht. Wappen <strong>FC Midtjylland<\/strong> und Logo <strong>Nike<\/strong> ist klassisch auf der Brust angeordnet, wobei eine minimalistische und klare Komposition beibehalten wird. Das Design ist in einem einfachen, einheitlichen Stil gehalten, typisch f\u00fcr Away-Sets mit einer klaren \u00c4sthetik.<\/p>\n<p>Auf der R\u00fcckseite befindet sich ein origineller Aufdruck. <strong>Valdemara Byskova<\/strong>, ein d\u00e4nischer Mittelfeldspieler, der als eines der interessantesten Talente der j\u00fcngeren Generation in der <strong>FC Midtjylland<\/strong>. Der Spieler wurde in der Akademie des Vereins ausgebildet, die f\u00fcr ihren modernen Ansatz in Sachen Analyse und Jugendtraining bekannt ist. <strong>FC Midtjylland<\/strong> hat in den letzten Jahren eine wichtige Rolle bei der Entwicklung des d\u00e4nischen Fu\u00dfballs gespielt, indem es innovative Managementmethoden einf\u00fchrte und regelm\u00e4\u00dfig Spieler f\u00fcr die Nationalmannschaft und ausl\u00e4ndische Ligen abstellte.<\/p>\n<p>Das T-Shirt ist aus einem leichten und luftigen Material gefertigt und der Schnitt in Gr\u00f6\u00dfe M entspricht den Standards der <strong>Nike<\/strong>, und bietet die klassische Passform, die f\u00fcr die Designs der Marke charakteristisch ist.<\/p>\n<p>Dies ist f\u00fcr Sammler und Fans, die ein originales Ausw\u00e4rtstrikot suchen <strong>FC Midtjylland<\/strong> aus der Saison <strong>2022\/23<\/strong>, Der Bericht gibt einen klaren \u00dcberblick \u00fcber die Entwicklung der Jugendarbeit eines der innovativsten Vereine im d\u00e4nischen Fu\u00dfball.<\/p>","protected":false},"featured_media":118804,"template":"","meta":{"_kad_blocks_custom_css":"","_kad_blocks_head_custom_js":"","_kad_blocks_body_custom_js":"","_kad_blocks_footer_custom_js":"","_kad_post_transparent":"default","_kad_post_title":"","_kad_post_layout":"default","_kad_post_sidebar_id":"","_kad_post_content_style":"default","_kad_post_vertical_padding":"default","_kad_post_feature":"","_kad_post_feature_position":"","_kad_post_header":false,"_kad_post_footer":false,"_kad_post_classname":""},"product_brand":[1284],"product_cat":[15,1488],"product_tag":[],"class_list":{"0":"post-118537","1":"product","2":"type-product","3":"status-publish","4":"has-post-thumbnail","6":"product_brand-nike","7":"product_cat-bez-kategorii","8":"product_cat-kluby-skandynawskie","9":"pa_homeawaythird-away","10":"pa_rozmiar-m","12":"first","13":"instock","14":"taxable","15":"shipping-taxable","16":"purchasable","17":"product-type-simple","18":"entry","19":"content-bg","20":"loop-entry"},"taxonomy_info":{"product_brand":[{"value":1284,"label":"Nike"}],"product_cat":[{"value":15,"label":"Bez kategorii"},{"value":1488,"label":"Skandynawia"}],"pa_homeawaythird":[{"value":1598,"label":"Away"}],"pa_rozmiar":[{"value":1816,"label":"M"}]},"featured_image_src_large":["https:\/\/footballthrift.shop\/wp-content\/uploads\/2026\/02\/Photoroom_20260225_131022-1024x1024.jpg",1024,1024,true],"author_info":[],"comment_info":"","_links":{"self":[{"href":"https:\/\/footballthrift.shop\/de\/wp-json\/wp\/v2\/product\/118537","targetHints":{"allow":["GET"]}}],"collection":[{"href":"https:\/\/footballthrift.shop\/de\/wp-json\/wp\/v2\/product"}],"about":[{"href":"https:\/\/footballthrift.shop\/de\/wp-json\/wp\/v2\/types\/product"}],"wp:featuredmedia":[{"embeddable":true,"href":"https:\/\/footballthrift.shop\/de\/wp-json\/wp\/v2\/media\/118804"}],"wp:attachment":[{"href":"https:\/\/footballthrift.shop\/de\/wp-json\/wp\/v2\/media?parent=118537"}],"wp:term":[{"taxonomy":"product_brand","embeddable":true,"href":"https:\/\/footballthrift.shop\/de\/wp-json\/wp\/v2\/product_brand?post=118537"},{"taxonomy":"product_cat","embeddable":true,"href":"https:\/\/footballthrift.shop\/de\/wp-json\/wp\/v2\/product_cat?post=118537"},{"taxonomy":"product_tag","embeddable":true,"href":"https:\/\/footballthrift.shop\/de\/wp-json\/wp\/v2\/product_tag?post=118537"}],"curies":[{"name":"wp","href":"https:\/\/api.w.org\/{rel}","templated":true}]}}