{"id":118534,"date":"2026-03-01T17:58:26","date_gmt":"2026-03-01T16:58:26","guid":{"rendered":"https:\/\/footballthrift.shop\/?post_type=product&#038;p=118534"},"modified":"2026-03-09T11:23:38","modified_gmt":"2026-03-09T10:23:38","slug":"fc-barcelona-fusball-trikot-2022-23-auswarts-s","status":"publish","type":"product","link":"https:\/\/footballthrift.shop\/de\/koszulka-pilkarska-fc-barcelona-2022-23-away-s\/","title":{"rendered":"Koszulka pi\u0142karska FC Barcelona 2022\/23 Away [S]"},"content":{"rendered":"<p><strong>Verein:<\/strong> FC Barcelona<\/p>\n<p><strong>Saison:<\/strong> 2022\/23 Ausw\u00e4rts<\/p>\n<p><strong>Gr\u00f6\u00dfe: <\/strong>S<\/p>\n<p><strong>Zustand:<\/strong> Ausgezeichnet<\/p>\n<p><strong>Ma\u00dfe (Achselbreite\/L\u00e4nge) in cm: <\/strong>50\/71<\/p>","protected":false},"excerpt":{"rendered":"<p>Original Ausw\u00e4rtstrikot <strong>FC Barcelona<\/strong> aus der Saison <strong>2022\/23<\/strong> Produktion <strong>Nike<\/strong>.<\/p>\n<p>Ausw\u00e4rtsmodell <strong>FC Barcelona<\/strong> aus der Saison <strong>2022\/23<\/strong>hergestellt von <strong>Nike<\/strong> in Gr\u00f6\u00dfe S, stammt aus der Meisterschaftssaison, in der der Verein nach mehreren Jahren wieder an die Spitze der La Liga zur\u00fcckkehrte. Es war die erste vollst\u00e4ndige Saison eines neuen sportlichen Projekts unter Xavi, das historische Bez\u00fcge mit einem modernen Ansatz zur Mannschaftsbildung verbindet.<\/p>\n<p>Das Trikot wurde in Anlehnung an die Ausw\u00e4rtstrikots auf goldenem Grund hergestellt. <strong>FC Barcelona<\/strong> aus dem fr\u00fchen 21. Jahrhundert. Alle grafischen Elemente - Vereinswappen, Logo <strong>Nike<\/strong> und andere Insignien - wurde in Dunkelblau gehalten, was dem Design einen eleganten und einheitlichen Charakter verleiht. Die \u00c4rmel wurden als direkte Anspielung auf die olympischen Goldmedaillen anl\u00e4sslich des 30. Jahrestages der Spiele von Barcelona 1992 entworfen, und die Manschetten weisen die Farben der f\u00fcnf olympischen Kreise auf. Ein subtiles Muster, das von der geometrischen Anordnung der Stra\u00dfen der Stadt inspiriert ist, ist \u00fcberall sichtbar und unterstreicht den lokalen Kontext des Designs.<\/p>\n<p>Saison <strong>2022\/23<\/strong> hat sich in die Geschichte eingeschrieben <strong>FC Barcelona<\/strong> als Jahr des Gewinns der spanischen Meisterschaft und des Wiederaufbaus der Position in der nationalen Konkurrenz. Die Farben der Mannschaft waren. <strong>Robert Lewandowski<\/strong>, f\u00fcr den es die erste Saison im Verein war und der sich zu einem wichtigen Offensivspieler und Torsch\u00fctzenk\u00f6nig der Liga entwickelte, <strong>Pedri<\/strong>, der f\u00fcr die Kreativit\u00e4t im Mittelfeld verantwortlich ist, und <strong>Marc-Andr\u00e9 ter Stegen<\/strong>, eine defensive St\u00fctze der Meistermannschaft.<\/p>\n<p>Bei dem ausgestellten St\u00fcck handelt es sich um die Standardversion des Ladens aus leichtem und luftigem Material, und der Schnitt in Gr\u00f6\u00dfe S entspricht den klassischen Standards <strong>Nike<\/strong>, und sorgt f\u00fcr einen bequemen Sitz.<\/p>\n<p>Dies ist f\u00fcr Sammler und Fans, die ein originales Ausw\u00e4rtstrikot suchen <strong>FC Barcelona<\/strong> aus der Saison <strong>2022\/23<\/strong>, mit einer klaren Aufzeichnung der Meisterschaftskampagne und der Deb\u00fctsaison <strong>Robert Lewandowski<\/strong> in den katalanischen Farben.<\/p>","protected":false},"featured_media":118773,"template":"","meta":{"_kad_blocks_custom_css":"","_kad_blocks_head_custom_js":"","_kad_blocks_body_custom_js":"","_kad_blocks_footer_custom_js":"","_kad_post_transparent":"default","_kad_post_title":"","_kad_post_layout":"default","_kad_post_sidebar_id":"","_kad_post_content_style":"default","_kad_post_vertical_padding":"default","_kad_post_feature":"","_kad_post_feature_position":"","_kad_post_header":false,"_kad_post_footer":false,"_kad_post_classname":""},"product_brand":[1284],"product_cat":[15,1448],"product_tag":[],"class_list":{"0":"post-118534","1":"product","2":"type-product","3":"status-publish","4":"has-post-thumbnail","6":"product_brand-nike","7":"product_cat-bez-kategorii","8":"product_cat-kluby-hiszpanskie-fcbarcelona","9":"pa_homeawaythird-away","10":"pa_rozmiar-s","12":"first","13":"instock","14":"taxable","15":"shipping-taxable","16":"purchasable","17":"product-type-simple","18":"entry","19":"content-bg","20":"loop-entry"},"taxonomy_info":{"product_brand":[{"value":1284,"label":"Nike"}],"product_cat":[{"value":15,"label":"Bez kategorii"},{"value":1448,"label":"FC Barcelona"}],"pa_homeawaythird":[{"value":1598,"label":"Away"}],"pa_rozmiar":[{"value":1815,"label":"S"}]},"featured_image_src_large":["https:\/\/footballthrift.shop\/wp-content\/uploads\/2026\/02\/Photoroom_20260225_130828-1024x1024.jpg",1024,1024,true],"author_info":[],"comment_info":"","_links":{"self":[{"href":"https:\/\/footballthrift.shop\/de\/wp-json\/wp\/v2\/product\/118534","targetHints":{"allow":["GET"]}}],"collection":[{"href":"https:\/\/footballthrift.shop\/de\/wp-json\/wp\/v2\/product"}],"about":[{"href":"https:\/\/footballthrift.shop\/de\/wp-json\/wp\/v2\/types\/product"}],"wp:featuredmedia":[{"embeddable":true,"href":"https:\/\/footballthrift.shop\/de\/wp-json\/wp\/v2\/media\/118773"}],"wp:attachment":[{"href":"https:\/\/footballthrift.shop\/de\/wp-json\/wp\/v2\/media?parent=118534"}],"wp:term":[{"taxonomy":"product_brand","embeddable":true,"href":"https:\/\/footballthrift.shop\/de\/wp-json\/wp\/v2\/product_brand?post=118534"},{"taxonomy":"product_cat","embeddable":true,"href":"https:\/\/footballthrift.shop\/de\/wp-json\/wp\/v2\/product_cat?post=118534"},{"taxonomy":"product_tag","embeddable":true,"href":"https:\/\/footballthrift.shop\/de\/wp-json\/wp\/v2\/product_tag?post=118534"}],"curies":[{"name":"wp","href":"https:\/\/api.w.org\/{rel}","templated":true}]}}