{"id":118526,"date":"2026-03-01T17:58:30","date_gmt":"2026-03-01T16:58:30","guid":{"rendered":"https:\/\/footballthrift.shop\/?post_type=product&#038;p=118526"},"modified":"2026-03-09T11:23:38","modified_gmt":"2026-03-09T10:23:38","slug":"koszulka-pilkarska-bsc-young-boys-2012-13-home-l","status":"publish","type":"product","link":"https:\/\/footballthrift.shop\/de\/koszulka-pilkarska-bsc-young-boys-2012-13-home-l\/","title":{"rendered":"Koszulka pi\u0142karska BSC Young Boys 2012\/13 Home [L]"},"content":{"rendered":"<p><strong>Verein:<\/strong> BSC Young Boys<\/p>\n<p><strong>Saison:<\/strong> 2012\/13 Startseite<\/p>\n<p><strong>Gr\u00f6\u00dfe: <\/strong>L<\/p>\n<p><strong>Zustand:<\/strong> Sehr gut - leichter Riss im Sponsorendruck auf einem der \u00c4rmel.<\/p>\n<p><strong>Ma\u00dfe (Achselbreite\/L\u00e4nge) in cm: <\/strong>53\/71<\/p>","protected":false},"excerpt":{"rendered":"<p>Original Heim-Fu\u00dfballtrikot <strong>BSC Young Boys<\/strong> aus der Saison <strong>2012\/13<\/strong> Produktion <strong>Als<\/strong>.<\/p>\n<p>Heimmodell <strong>BSC Young Boys<\/strong> aus der Saison <strong>2012\/13<\/strong>hergestellt von <strong>Als<\/strong> in der Gr\u00f6sse L, ist ein Set aus einer Zeit, in der man regelm\u00e4ssig um die vorderen Pl\u00e4tze in der Schweizer Super League k\u00e4mpfte und an Europapokalen teilnahm. Der Berner Verein ist seit Jahren eine der S\u00e4ulen des nationalen Wettbewerbs, und die Kampagne <strong>2012\/13<\/strong> war ein weiterer Schritt zur Konsolidierung ihrer Position an der nationalen Spitze und zum Ausbau ihrer Erfahrung auf der internationalen B\u00fchne.<\/p>\n<p>Das T-Shirt wurde auf einem intensiv gelben Untergrund hergestellt, dem Markenzeichen der <strong>BSC Young Boys<\/strong>. Der Kragen, die Schultern und die \u00c4rmel sind in Schwarz gehalten, wodurch ein starker Kontrast entsteht und die Vereinsfarben betont werden. Auf der Vorderseite ist ein Sponsorenaufdruck zu sehen. <strong>Stiftung f\u00fcr Talente<\/strong>, deutlich sichtbar auf der gelben Oberfl\u00e4che. Die \u00c4rmel sind mit den Emblemen des Wettbewerbs versehen <strong>Europa-Ligen<\/strong>, zur Best\u00e4tigung der europ\u00e4ischen Bezeichnung dieser Version, und das Logo <strong>Als<\/strong> und das Vereinswappen sind klassisch auf der Brust platziert.<\/p>\n<p><strong>BSC Young Boys<\/strong> ist einer der erfolgreichsten Vereine in der Geschichte des Schweizer Fussballs und hat eine wichtige Rolle bei dessen Entwicklung und Popularisierung gespielt. Im Laufe der Jahre trug die Mannschaft unter anderem die folgenden Farben. <strong>St\u00e9phane Chapuisat<\/strong>, eine Legende des Schweizer Fussballs, <strong>H\u00e5kan Yakin<\/strong>, ein kreativer Mittelfeldspieler f\u00fcr die Schweizer Nationalmannschaft, oder <strong>Seydou Doumbia<\/strong>, ein effektiver St\u00fcrmer, der schon in jungen Jahren die Aufmerksamkeit europ\u00e4ischer Vereine auf sich zog. Der Berner Verein hat regelm\u00e4\u00dfig Spieler f\u00fcr die Nationalmannschaft abgestellt und ist nach wie vor ein wichtiges Ausbildungszentrum im Land.<\/p>\n<p>Das T-Shirt ist aus einem leichten und luftigen Material gefertigt und der Schnitt in Gr\u00f6\u00dfe L entspricht den Standards der <strong>Als<\/strong>, und bietet eine klassische Passform, die dem Design der Marke entspricht.<\/p>\n<p>F\u00fcr Sammler und Fans, die ein originales Heimtrikot suchen <strong>BSC Young Boys<\/strong> aus der Saison <strong>2012\/13<\/strong>, was die europ\u00e4ischen Ambitionen und die starke Stellung des Klubs im Schweizer Fussball deutlich unterstreicht.<\/p>","protected":false},"featured_media":118691,"template":"","meta":{"_kad_blocks_custom_css":"","_kad_blocks_head_custom_js":"","_kad_blocks_body_custom_js":"","_kad_blocks_footer_custom_js":"","_kad_post_transparent":"default","_kad_post_title":"","_kad_post_layout":"default","_kad_post_sidebar_id":"","_kad_post_content_style":"default","_kad_post_vertical_padding":"default","_kad_post_feature":"","_kad_post_feature_position":"","_kad_post_header":false,"_kad_post_footer":false,"_kad_post_classname":""},"product_brand":[1298],"product_cat":[1441,15],"product_tag":[],"class_list":{"0":"post-118526","1":"product","2":"type-product","3":"status-publish","4":"has-post-thumbnail","6":"product_brand-jako","7":"product_cat-austria-i-szwajcaria","8":"product_cat-bez-kategorii","9":"pa_homeawaythird-home","10":"pa_rozmiar-l","12":"first","13":"instock","14":"taxable","15":"shipping-taxable","16":"purchasable","17":"product-type-simple","18":"entry","19":"content-bg","20":"loop-entry"},"taxonomy_info":{"product_brand":[{"value":1298,"label":"Jako"}],"product_cat":[{"value":1441,"label":"Austria i Szwajcaria"},{"value":15,"label":"Bez kategorii"}],"pa_homeawaythird":[{"value":1597,"label":"Home"}],"pa_rozmiar":[{"value":1817,"label":"L"}]},"featured_image_src_large":["https:\/\/footballthrift.shop\/wp-content\/uploads\/2026\/02\/Photoroom_20260225_125557-1024x1024.jpg",1024,1024,true],"author_info":[],"comment_info":"","_links":{"self":[{"href":"https:\/\/footballthrift.shop\/de\/wp-json\/wp\/v2\/product\/118526","targetHints":{"allow":["GET"]}}],"collection":[{"href":"https:\/\/footballthrift.shop\/de\/wp-json\/wp\/v2\/product"}],"about":[{"href":"https:\/\/footballthrift.shop\/de\/wp-json\/wp\/v2\/types\/product"}],"wp:featuredmedia":[{"embeddable":true,"href":"https:\/\/footballthrift.shop\/de\/wp-json\/wp\/v2\/media\/118691"}],"wp:attachment":[{"href":"https:\/\/footballthrift.shop\/de\/wp-json\/wp\/v2\/media?parent=118526"}],"wp:term":[{"taxonomy":"product_brand","embeddable":true,"href":"https:\/\/footballthrift.shop\/de\/wp-json\/wp\/v2\/product_brand?post=118526"},{"taxonomy":"product_cat","embeddable":true,"href":"https:\/\/footballthrift.shop\/de\/wp-json\/wp\/v2\/product_cat?post=118526"},{"taxonomy":"product_tag","embeddable":true,"href":"https:\/\/footballthrift.shop\/de\/wp-json\/wp\/v2\/product_tag?post=118526"}],"curies":[{"name":"wp","href":"https:\/\/api.w.org\/{rel}","templated":true}]}}