{"id":118525,"date":"2026-03-01T17:58:30","date_gmt":"2026-03-01T16:58:30","guid":{"rendered":"https:\/\/footballthrift.shop\/?post_type=product&#038;p=118525"},"modified":"2026-03-09T11:23:37","modified_gmt":"2026-03-09T10:23:37","slug":"fusballtrikot-arsenal-fc-2020-21-auswarts-m","status":"publish","type":"product","link":"https:\/\/footballthrift.shop\/de\/koszulka-pilkarska-arsenal-fc-2020-21-away-m\/","title":{"rendered":"Koszulka pi\u0142karska Arsenal FC 2020\/21 Away [M]"},"content":{"rendered":"<p><strong>Verein:<\/strong> Arsenal FC<\/p>\n<p><strong>Saison:<\/strong> 2020\/21 Ausw\u00e4rts<\/p>\n<p><strong>Gr\u00f6\u00dfe: <\/strong>M<\/p>\n<p><strong>Zustand:<\/strong> Ausgezeichnet<\/p>\n<p><strong>Ma\u00dfe (Achselbreite\/L\u00e4nge) in cm: <\/strong>49\/71<\/p>","protected":false},"excerpt":{"rendered":"<p>Original Ausw\u00e4rtstrikot <strong>Arsenal FC<\/strong> aus der Saison <strong>2020\/21<\/strong> Produktion <strong>Adidas<\/strong>.<\/p>\n<p>Ausw\u00e4rtsmodell <strong>Arsenal FC<\/strong> aus der Saison <strong>2020\/21<\/strong>hergestellt von <strong>Adidas<\/strong> in Gr\u00f6\u00dfe M, ist ein Projekt aus der Zeit, in der Mikel Arteta daran arbeitete, die Position des Londoner Klubs neu zu gestalten. Die Mannschaft trat in der Premier League und der Europa League an, erreichte das Halbfinale der europ\u00e4ischen Wettbewerbe und setzte den Prozess des Wiederaufbaus der Mannschaft nach fr\u00fcheren personellen Ver\u00e4nderungen fort.<\/p>\n<p>Das T-Shirt wurde auf einem cremefarbenen Untergrund produziert, der mit roten Mustern bedeckt ist, die einen Marmoreffekt erzeugen und dem Design eine einzigartige und k\u00fcnstlerische Note verleihen. Auf der Vorderseite steht ein Sponsorenaufdruck im Mittelpunkt <strong>Fliegen Sie Emirates<\/strong>, und hebt sich deutlich von dem hellen Hintergrund ab. Es gibt schwarze Streifen auf den \u00c4rmeln, charakteristisch f\u00fcr die Designs <strong>Adidas<\/strong>, ein Wappen <strong>Arsenal FC<\/strong> und das Logo des Herstellers sind klassisch auf der Brust angeordnet, so dass eine klare Komposition entsteht.<\/p>\n<p>Saison <strong>2020\/21<\/strong> war f\u00fcr <strong>Arsenal FC<\/strong> Die Form der Mannschaft war in der Liga zeitweise unbest\u00e4ndig, aber sie k\u00e4mpfte auch ehrgeizig in den Europapokalen. Die Farben der Mannschaft waren zu dieser Zeit folgende. <strong>Pierre-Emerick Aubameyang<\/strong>, Kapit\u00e4n und zentrale Offensivfigur, <strong>Bukayo Saka<\/strong>, einer der vielversprechendsten jungen Spieler in England, und <strong>Thomas Partey<\/strong>, die dem Mittelfeld Kraft und Dynamik verleihen. Die Mannschaft kombinierte Erfahrung mit Jugend und bildete so ein Fundament f\u00fcr die n\u00e4chsten Spielzeiten.<\/p>\n<p>Das T-Shirt ist aus einem leichten und luftigen Material gefertigt und der Schnitt in Gr\u00f6\u00dfe M entspricht den Standards der <strong>Adidas<\/strong>, und bietet eine klassische Passform, die dem Design der Marke entspricht.<\/p>\n<p>Dies ist f\u00fcr Sammler und Fans, die ein originales Ausw\u00e4rtstrikot suchen <strong>Arsenal FC<\/strong> aus der Saison <strong>2020\/21<\/strong>, das die Zeit des Wiederaufbaus und den Kampf um die R\u00fcckkehr an die Spitze Europas anschaulich dokumentiert.<\/p>","protected":false},"featured_media":118683,"template":"","meta":{"_kad_blocks_custom_css":"","_kad_blocks_head_custom_js":"","_kad_blocks_body_custom_js":"","_kad_blocks_footer_custom_js":"","_kad_post_transparent":"default","_kad_post_title":"","_kad_post_layout":"default","_kad_post_sidebar_id":"","_kad_post_content_style":"default","_kad_post_vertical_padding":"default","_kad_post_feature":"","_kad_post_feature_position":"","_kad_post_header":false,"_kad_post_footer":false,"_kad_post_classname":""},"product_brand":[1283],"product_cat":[1435,15],"product_tag":[],"class_list":{"0":"post-118525","1":"product","2":"type-product","3":"status-publish","4":"has-post-thumbnail","6":"product_brand-adidas","7":"product_cat-arsenal","8":"product_cat-bez-kategorii","9":"pa_homeawaythird-away","10":"pa_rozmiar-m","12":"first","13":"instock","14":"taxable","15":"shipping-taxable","16":"purchasable","17":"product-type-simple","18":"entry","19":"content-bg","20":"loop-entry"},"taxonomy_info":{"product_brand":[{"value":1283,"label":"Adidas"}],"product_cat":[{"value":1435,"label":"Arsenal FC"},{"value":15,"label":"Bez kategorii"}],"pa_homeawaythird":[{"value":1598,"label":"Away"}],"pa_rozmiar":[{"value":1816,"label":"M"}]},"featured_image_src_large":["https:\/\/footballthrift.shop\/wp-content\/uploads\/2026\/02\/Photoroom_20260225_124731-1024x1024.jpg",1024,1024,true],"author_info":[],"comment_info":"","_links":{"self":[{"href":"https:\/\/footballthrift.shop\/de\/wp-json\/wp\/v2\/product\/118525","targetHints":{"allow":["GET"]}}],"collection":[{"href":"https:\/\/footballthrift.shop\/de\/wp-json\/wp\/v2\/product"}],"about":[{"href":"https:\/\/footballthrift.shop\/de\/wp-json\/wp\/v2\/types\/product"}],"wp:featuredmedia":[{"embeddable":true,"href":"https:\/\/footballthrift.shop\/de\/wp-json\/wp\/v2\/media\/118683"}],"wp:attachment":[{"href":"https:\/\/footballthrift.shop\/de\/wp-json\/wp\/v2\/media?parent=118525"}],"wp:term":[{"taxonomy":"product_brand","embeddable":true,"href":"https:\/\/footballthrift.shop\/de\/wp-json\/wp\/v2\/product_brand?post=118525"},{"taxonomy":"product_cat","embeddable":true,"href":"https:\/\/footballthrift.shop\/de\/wp-json\/wp\/v2\/product_cat?post=118525"},{"taxonomy":"product_tag","embeddable":true,"href":"https:\/\/footballthrift.shop\/de\/wp-json\/wp\/v2\/product_tag?post=118525"}],"curies":[{"name":"wp","href":"https:\/\/api.w.org\/{rel}","templated":true}]}}