{"id":118524,"date":"2026-03-01T17:58:31","date_gmt":"2026-03-01T16:58:31","guid":{"rendered":"https:\/\/footballthrift.shop\/?post_type=product&#038;p=118524"},"modified":"2026-03-09T11:23:37","modified_gmt":"2026-03-09T10:23:37","slug":"fusballtrikot-authentisch-arsenal-fc-2017-18-nach-hause-9-lacazette-m","status":"publish","type":"product","link":"https:\/\/footballthrift.shop\/de\/koszulka-pilkarska-authentic-arsenal-fc-2017-18-home-9-lacazette-m\/","title":{"rendered":"Koszulka pi\u0142karska AUTHENTIC Arsenal FC 2017\/18 Home 9 Lacazette [M]"},"content":{"rendered":"<p><strong>Verein:<\/strong> Arsenal FC<\/p>\n<p><strong>Saison:<\/strong> 2017\/18 Startseite<\/p>\n<p><strong>Gr\u00f6\u00dfe: <\/strong>M<\/p>\n<p><strong>Zustand:<\/strong> Gut - abbl\u00e4tternder Aufkleber und leichte Verschmutzung auf der Vorderseite und nummerierter und leicht gerissener Druck auf der R\u00fcckseite.<\/p>\n<p><strong>Ma\u00dfe (Achselbreite\/L\u00e4nge) in cm: <\/strong>43\/67<\/p>","protected":false},"excerpt":{"rendered":"<p>Original Heim-Fu\u00dfballtrikot <strong>Arsenal FC<\/strong> aus der Saison <strong>2017\/18<\/strong> Produktion <strong>Pumas<\/strong> gedruckt <strong>Alexandre Lacazette<\/strong> Authentische Fassung.<\/p>\n<p>Heimmodell <strong>Arsenal FC<\/strong> aus der Saison <strong>2017\/18<\/strong>hergestellt von <strong>Puma<\/strong> in Gr\u00f6\u00dfe M, ist das Trikot aus der letzten Saison von Ars\u00e8ne Wenger beim Londoner Verein. In den Spielen triumphierte die Mannschaft im Community Shield und erreichte das Halbfinale der Europa League, w\u00e4hrend sie in der Premier League um die Pl\u00e4tze k\u00e4mpfte, die f\u00fcr die Teilnahme an den Europapokalen vorausgesetzt wurden.<\/p>\n<p>Das T-Shirt ist auf einem roten Grundgewebe gefertigt, das Vorder- und R\u00fcckseite bedeckt, mit klassischen wei\u00dfen \u00c4rmeln, die durch Eins\u00e4tze aus grauen Punkten aufgewertet werden. Das Modell verf\u00fcgt \u00fcber einen Button-Down-Kragen, der dem Gesamtbild einen eleganten Touch verleiht. Auf der Vorderseite befindet sich ein Sponsorenaufdruck. <strong>Fliegen Sie Emirates<\/strong>, und auf dem \u00c4rmel ist der offizielle Aufn\u00e4her des Spiels <strong>Erste Liga<\/strong>. Logo <strong>Pumas<\/strong> und Wappen <strong>Arsenal FC<\/strong> ist traditionell auf der Brust angeordnet, um eine klare und symmetrische Komposition zu erhalten.<\/p>\n<p>Auf der R\u00fcckseite befindet sich ein origineller Aufdruck. <strong>Alexandre Lacazette<\/strong>, der in der Saison <strong>2017\/18<\/strong> gab sein Deb\u00fct in den Farben von <strong>Arsenal FC<\/strong> nach seinem Wechsel von Olympique Lyon. Der franz\u00f6sische St\u00fcrmer etablierte sich schnell als wichtiges Bindeglied in der Offensive und sorgte in den entscheidenden Momenten der Saison f\u00fcr Dynamik, Druck und Tore. Weitere Spieler in der Auswahl waren. <strong>Mesut \u00d6zil<\/strong>, verantwortlich f\u00fcr die Entwicklung des Spiels, <strong>Pierre-Emerick Aubameyang<\/strong>, die im Winter hinzukamen, und <strong>Aaron Ramsey<\/strong>, und spielt eine wichtige Rolle im Mittelfeld.<\/p>\n<p>Das Exemplar wurde mit der Streichholztechnologie hergestellt <strong>Puma PowerCell<\/strong>, was zu dieser Zeit der h\u00f6chste Standard des Herstellers war. Das Trikot zeichnet sich durch eine gute Passform, einen hohen Stretchanteil und Gummielemente auf der Innenseite des Stoffes aus, die f\u00fcr einen guten Sitz sorgen. Das Trikot ist auf eine athletische Statur zugeschnitten. Diese Versionen wurden von den Spielern auf dem Spielfeld getragen, aber das ausgestellte Trikot wurde in einem Gesch\u00e4ft hergestellt und ist als <strong>Authentisch<\/strong>, Dies wird durch das kleinere Aufn\u00e4her- und Druckformat des Shops verdeutlicht.<\/p>\n<p>Das Trikot ist aus leichtem und dehnbarem Material mit Match-Eigenschaften gefertigt, und der Schnitt in Gr\u00f6\u00dfe M entspricht den Normen der <strong>Pumas<\/strong>, eine professionelle Passform im Einklang mit dem <strong>Puma PowerCell<\/strong>.<\/p>\n<p>F\u00fcr Sammler und Fans, die ein originales Heimtrikot suchen <strong>Arsenal FC<\/strong> aus der Saison <strong>2017\/18<\/strong>, Das letzte Kapitel der Wenger-\u00c4ra und das Deb\u00fct des <strong>Alexandre Lacazette<\/strong> In der Premier League.<\/p>","protected":false},"featured_media":118672,"template":"","meta":{"_kad_blocks_custom_css":"","_kad_blocks_head_custom_js":"","_kad_blocks_body_custom_js":"","_kad_blocks_footer_custom_js":"","_kad_post_transparent":"default","_kad_post_title":"","_kad_post_layout":"default","_kad_post_sidebar_id":"","_kad_post_content_style":"default","_kad_post_vertical_padding":"default","_kad_post_feature":"","_kad_post_feature_position":"","_kad_post_header":false,"_kad_post_footer":false,"_kad_post_classname":""},"product_brand":[1287],"product_cat":[1435,15],"product_tag":[],"class_list":{"0":"post-118524","1":"product","2":"type-product","3":"status-publish","4":"has-post-thumbnail","6":"product_brand-puma","7":"product_cat-arsenal","8":"product_cat-bez-kategorii","9":"pa_homeawaythird-home","10":"pa_rozmiar-m","12":"first","13":"instock","14":"taxable","15":"shipping-taxable","16":"purchasable","17":"product-type-simple","18":"entry","19":"content-bg","20":"loop-entry"},"taxonomy_info":{"product_brand":[{"value":1287,"label":"Puma"}],"product_cat":[{"value":1435,"label":"Arsenal FC"},{"value":15,"label":"Bez kategorii"}],"pa_homeawaythird":[{"value":1597,"label":"Home"}],"pa_rozmiar":[{"value":1816,"label":"M"}]},"featured_image_src_large":["https:\/\/footballthrift.shop\/wp-content\/uploads\/2026\/02\/Photoroom_20260225_131213-1024x1024.jpg",1024,1024,true],"author_info":[],"comment_info":"","_links":{"self":[{"href":"https:\/\/footballthrift.shop\/de\/wp-json\/wp\/v2\/product\/118524","targetHints":{"allow":["GET"]}}],"collection":[{"href":"https:\/\/footballthrift.shop\/de\/wp-json\/wp\/v2\/product"}],"about":[{"href":"https:\/\/footballthrift.shop\/de\/wp-json\/wp\/v2\/types\/product"}],"wp:featuredmedia":[{"embeddable":true,"href":"https:\/\/footballthrift.shop\/de\/wp-json\/wp\/v2\/media\/118672"}],"wp:attachment":[{"href":"https:\/\/footballthrift.shop\/de\/wp-json\/wp\/v2\/media?parent=118524"}],"wp:term":[{"taxonomy":"product_brand","embeddable":true,"href":"https:\/\/footballthrift.shop\/de\/wp-json\/wp\/v2\/product_brand?post=118524"},{"taxonomy":"product_cat","embeddable":true,"href":"https:\/\/footballthrift.shop\/de\/wp-json\/wp\/v2\/product_cat?post=118524"},{"taxonomy":"product_tag","embeddable":true,"href":"https:\/\/footballthrift.shop\/de\/wp-json\/wp\/v2\/product_tag?post=118524"}],"curies":[{"name":"wp","href":"https:\/\/api.w.org\/{rel}","templated":true}]}}