{"id":118260,"date":"2026-02-22T17:58:58","date_gmt":"2026-02-22T16:58:58","guid":{"rendered":"https:\/\/footballthrift.shop\/?post_type=product&#038;p=118260"},"modified":"2026-03-09T11:23:42","modified_gmt":"2026-03-09T10:23:42","slug":"fusballtrikot-xerez-cd-2010-11-auswarts-l","status":"publish","type":"product","link":"https:\/\/footballthrift.shop\/de\/koszulka-pilkarska-xerez-cd-2010-11-away-l\/","title":{"rendered":"Koszulka pi\u0142karska Xerez CD 2010\/11 Away [L]"},"content":{"rendered":"<p><strong>Verein:<\/strong> Xerez CD<\/p>\n<p><strong>Saison:<\/strong> 2010\/11 Ausw\u00e4rts<\/p>\n<p><strong>Gr\u00f6\u00dfe: <\/strong>L<\/p>\n<p><strong>Zustand:<\/strong> Sehr gut - leichte Verschmutzung an der Spitze eines der \u00c4rmel.<\/p>\n<p><strong>Ma\u00dfe (Achselbreite\/L\u00e4nge) in cm: <\/strong>55\/78<\/p>","protected":false},"excerpt":{"rendered":"<p data-start=\"0\" data-end=\"86\"><strong data-start=\"0\" data-end=\"86\">Original Xerez CD Ausw\u00e4rtstrikot aus der Saison 2010\/11 von Legea.\u00a0<\/strong><\/p>\n<p data-start=\"88\" data-end=\"456\">Ausw\u00e4rtsmodell <strong data-start=\"104\" data-end=\"145\"><span class=\"hover:entity-accent entity-underline inline cursor-pointer align-baseline\"><span class=\"whitespace-normal\">Xerez CD<\/span><\/span><\/strong> z <strong data-start=\"148\" data-end=\"166\">Saison 2010\/11<\/strong>hergestellt von <strong data-start=\"188\" data-end=\"197\">Legea<\/strong> in der Gr\u00f6\u00dfe <strong data-start=\"210\" data-end=\"215\">L<\/strong>, Der Aufstieg in die erste Liga f\u00e4llt in die Zeit unmittelbar nach dem historischen Aufstieg des Vereins in die La Liga. Nach dem Abstieg aus der ersten Liga eine Saison zuvor <strong data-start=\"348\" data-end=\"360\">Xerez CD<\/strong> teilgenommen an <strong data-start=\"375\" data-end=\"395\">Segunda Divisi\u00f3n<\/strong>, und versucht, seine sportliche und finanzielle Situation zu stabilisieren.<\/p>\n<p data-start=\"458\" data-end=\"889\">Das T-Shirt wurde hergestellt auf <strong data-start=\"492\" data-end=\"508\">wei\u00dfer Sockel<\/strong>die erg\u00e4nzt werden durch <strong data-start=\"528\" data-end=\"582\">zwei blaue Streifen an den Seiten des oberen Vorderteils<\/strong>, Das Design hat einen dynamischen und zugleich eleganten Charakter und geht nahtlos in den Kragen \u00fcber. Das Modell ist in den folgenden Versionen erh\u00e4ltlich <strong data-start=\"711\" data-end=\"731\">mit langen \u00c4rmeln<\/strong>. Das Exemplar ist in der Variante <strong data-start=\"761\" data-end=\"785\">ohne Sponsorenaufdruck<\/strong>, und auf dem \u00c4rmel befindet sich <strong data-start=\"821\" data-end=\"837\">Liga-Patch<\/strong>, und beleuchtet den Kontext des Wettbewerbs der Segunda Divisi\u00f3n.<\/p>\n<p data-start=\"891\" data-end=\"1175\"><strong data-start=\"891\" data-end=\"903\">Xerez CD<\/strong> ist ein Verein aus Andalusien, der in der Saison 2008\/09 mit dem Gewinn der Segunda Divisi\u00f3n und dem erstmaligen Aufstieg in die La Liga den gr\u00f6\u00dften Erfolg seiner Geschichte erzielte. Obwohl das Abenteuer in die erste Liga nur eine Saison dauerte, bleibt es der wichtigste Moment in der Geschichte des Vereins.<\/p>\n<p data-start=\"1177\" data-end=\"1491\">Farben <strong data-start=\"1183\" data-end=\"1195\">Xerez CD<\/strong> im Laufe der Jahre vertreten, darunter. <strong data-start=\"1236\" data-end=\"1244\">Momo<\/strong>, <strong data-start=\"1246\" data-end=\"1258\">Anto\u00f1ito<\/strong>, <strong data-start=\"1260\" data-end=\"1276\">Carlos Calvo<\/strong> oder <strong data-start=\"1281\" data-end=\"1299\">V\u00edctor S\u00e1nchez<\/strong>, Spieler, die mit der Zeit der gr\u00f6\u00dften Erfolge und dem Kampf um den Verbleib in der Elite verbunden sind. Der Verein ist seit Jahren ein wichtiger Punkt auf der Fu\u00dfballkarte der Region und verbindet lokale Identit\u00e4t mit sportlichem Ehrgeiz.<\/p>\n<p data-start=\"1493\" data-end=\"1683\">Das T-Shirt ist hergestellt aus <strong data-start=\"1521\" data-end=\"1555\">leichtes und robustes Material<\/strong>, und der klassische Schnitt in der Gr\u00f6\u00dfe <strong data-start=\"1586\" data-end=\"1591\">L<\/strong> entspricht den Standards <strong data-start=\"1613\" data-end=\"1622\">Legea<\/strong> zu Beginn des zweiten Jahrzehnts des 21. Jahrhunderts in Projekten verwendet.<\/p>\n<p data-start=\"1685\" data-end=\"1907\" data-is-last-node=\"\" data-is-only-node=\"\">Dies ist f\u00fcr Sammler und Fans, die ein originales Ausw\u00e4rtstrikot suchen <strong data-start=\"1788\" data-end=\"1800\">Xerez CD<\/strong> z <strong data-start=\"1803\" data-end=\"1821\">Saison 2010\/11<\/strong>, und dokumentiert die Zeit des Wiederaufbaus nach dem historischen Aufstieg des Vereins in die La Liga.<\/p>","protected":false},"featured_media":118441,"template":"","meta":{"_kad_blocks_custom_css":"","_kad_blocks_head_custom_js":"","_kad_blocks_body_custom_js":"","_kad_blocks_footer_custom_js":"","_kad_post_transparent":"default","_kad_post_title":"","_kad_post_layout":"default","_kad_post_sidebar_id":"","_kad_post_content_style":"default","_kad_post_vertical_padding":"default","_kad_post_feature":"","_kad_post_feature_position":"","_kad_post_header":false,"_kad_post_footer":false,"_kad_post_classname":""},"product_brand":[1308],"product_cat":[15,1472],"product_tag":[],"class_list":{"0":"post-118260","1":"product","2":"type-product","3":"status-publish","4":"has-post-thumbnail","6":"product_brand-legea","7":"product_cat-bez-kategorii","8":"product_cat-pozostale-kluby-hiszpanskie","9":"pa_homeawaythird-away","10":"pa_rozmiar-l","12":"first","13":"instock","14":"taxable","15":"shipping-taxable","16":"purchasable","17":"product-type-simple","18":"entry","19":"content-bg","20":"loop-entry"},"taxonomy_info":{"product_brand":[{"value":1308,"label":"Legea"}],"product_cat":[{"value":15,"label":"Bez kategorii"},{"value":1472,"label":"Pozosta\u0142e kluby hiszpa\u0144skie"}],"pa_homeawaythird":[{"value":1598,"label":"Away"}],"pa_rozmiar":[{"value":1817,"label":"L"}]},"featured_image_src_large":["https:\/\/footballthrift.shop\/wp-content\/uploads\/2026\/02\/Photoroom_20260219_133959-1024x1024.jpg",1024,1024,true],"author_info":[],"comment_info":"","_links":{"self":[{"href":"https:\/\/footballthrift.shop\/de\/wp-json\/wp\/v2\/product\/118260","targetHints":{"allow":["GET"]}}],"collection":[{"href":"https:\/\/footballthrift.shop\/de\/wp-json\/wp\/v2\/product"}],"about":[{"href":"https:\/\/footballthrift.shop\/de\/wp-json\/wp\/v2\/types\/product"}],"wp:featuredmedia":[{"embeddable":true,"href":"https:\/\/footballthrift.shop\/de\/wp-json\/wp\/v2\/media\/118441"}],"wp:attachment":[{"href":"https:\/\/footballthrift.shop\/de\/wp-json\/wp\/v2\/media?parent=118260"}],"wp:term":[{"taxonomy":"product_brand","embeddable":true,"href":"https:\/\/footballthrift.shop\/de\/wp-json\/wp\/v2\/product_brand?post=118260"},{"taxonomy":"product_cat","embeddable":true,"href":"https:\/\/footballthrift.shop\/de\/wp-json\/wp\/v2\/product_cat?post=118260"},{"taxonomy":"product_tag","embeddable":true,"href":"https:\/\/footballthrift.shop\/de\/wp-json\/wp\/v2\/product_tag?post=118260"}],"curies":[{"name":"wp","href":"https:\/\/api.w.org\/{rel}","templated":true}]}}