{"id":118259,"date":"2026-02-22T17:58:59","date_gmt":"2026-02-22T16:58:59","guid":{"rendered":"https:\/\/footballthrift.shop\/?post_type=product&#038;p=118259"},"modified":"2026-03-09T11:23:42","modified_gmt":"2026-03-09T10:23:42","slug":"fusballtrikot-authentisch-italien-2014-16-auswarts-xxl","status":"publish","type":"product","link":"https:\/\/footballthrift.shop\/de\/koszulka-pilkarska-authentic-wlochy-2014-16-away-xxl\/","title":{"rendered":"Koszulka pi\u0142karska AUTHENTIC W\u0142ochy 2014\/16 Away [XXL]"},"content":{"rendered":"<p><strong>Verein:<\/strong> Italien<\/p>\n<p><strong>Saison:<\/strong> 2014\/16 Ausw\u00e4rts<\/p>\n<p><strong>Gr\u00f6\u00dfe: <\/strong>XXL<\/p>\n<p><strong>Zustand:<\/strong> Ausgezeichnet<\/p>\n<p><strong>Ma\u00dfe (Achselbreite\/L\u00e4nge) in cm: <\/strong>52\/80<\/p>","protected":false},"excerpt":{"rendered":"<p data-start=\"0\" data-end=\"93\"><strong data-start=\"0\" data-end=\"93\">Das originale Ausw\u00e4rtstrikot der italienischen Nationalmannschaft 2014\/16 von Puma.\u00a0<\/strong><\/p>\n<p data-start=\"95\" data-end=\"458\">Ausw\u00e4rtsmodell <strong>r<\/strong><strong data-start=\"111\" data-end=\"152\"><span class=\"hover:entity-accent entity-underline inline cursor-pointer align-baseline\"><span class=\"whitespace-normal\">die italienische Fu\u00dfballnationalmannschaft<\/span><\/span><\/strong> im Laufe der Jahre <strong data-start=\"159\" data-end=\"170\">2014\/16<\/strong>hergestellt von <strong data-start=\"192\" data-end=\"200\">Puma<\/strong> in der Gr\u00f6\u00dfe <strong data-start=\"213\" data-end=\"220\">XXL<\/strong> (von einem 3XL-Etikett), stammt aus einer \u00dcbergangszeit f\u00fcr die Azzurri, einschlie\u00dflich einer <strong data-start=\"296\" data-end=\"323\">Weltmeisterschaften 2014<\/strong> und Pr\u00e4liminarien f\u00fcr <strong data-start=\"343\" data-end=\"356\">Euro 2016<\/strong>. Es war eine Zeit des Generationswechsels und der Suche nach einer neuen Identit\u00e4t f\u00fcr die Band nach fr\u00fcheren Erfolgen.<\/p>\n<p data-start=\"460\" data-end=\"1149\">Das T-Shirt wurde hergestellt auf <strong data-start=\"494\" data-end=\"510\">wei\u00dfer Sockel<\/strong>, dekoriert mit <strong data-start=\"523\" data-end=\"565\">d\u00fcnne blaue vertikale Streifen<\/strong>, was ihm einen eleganten und klassischen Charakter verleiht. Das Modell ist in den folgenden Versionen erh\u00e4ltlich <strong data-start=\"639\" data-end=\"659\">mit langen \u00c4rmeln<\/strong>. Dies ist die h\u00f6chste \u00dcbereinstimmung Version in der Technologie gemacht <strong data-start=\"717\" data-end=\"730\">PowerCell<\/strong>, bezeichnet als <strong data-start=\"747\" data-end=\"760\">Authentisch<\/strong>. Im Vergleich zu Repliken sticht es hervor <strong data-start=\"798\" data-end=\"844\">deutlich h\u00f6here Materialdehnung<\/strong>, <strong data-start=\"846\" data-end=\"893\">gepresste Embleme statt gestickter<\/strong> und das Vorhandensein von <strong data-start=\"910\" data-end=\"956\">Gummirippen auf der Oberfl\u00e4che des Trikots<\/strong>, Es ist f\u00fcr Sportler und Menschen mit einem athletischen K\u00f6rperbau geschnitten. Dieser Schnitt ist f\u00fcr Athleten und Menschen mit athletischem K\u00f6rperbau konzipiert. Deshalb haben wir das Modell trotz der Bezeichnung 3XL auf dem Etikett als eine <strong data-start=\"1141\" data-end=\"1148\">XXL<\/strong>.<\/p>\n<p data-start=\"1151\" data-end=\"1746\">W\u00e4hrend <strong data-start=\"1159\" data-end=\"1176\">Weltmeisterschaft 2014<\/strong> in Brasilien <strong data-start=\"1188\" data-end=\"1211\">Italienische Nationalmannschaft<\/strong> Sie trat in einer anspruchsvollen Gruppe gegen England, Uruguay und Costa Rica an. Das Turnier endete bereits in der Gruppenphase, aber im Kader standen erfahrene F\u00fchrungsspieler wie <strong data-start=\"1384\" data-end=\"1404\">Gianluigi Buffon<\/strong>, <strong data-start=\"1406\" data-end=\"1422\">Andrea Pirlo<\/strong>, <strong data-start=\"1424\" data-end=\"1444\">Daniele De Rossi<\/strong> oder <strong data-start=\"1449\" data-end=\"1470\">Giorgio Chiellini<\/strong>, sowie Spieler der j\u00fcngeren Generation wie <strong data-start=\"1514\" data-end=\"1532\">Marco Verratti<\/strong> i <strong data-start=\"1535\" data-end=\"1552\">Ciro Immobile<\/strong>. In den folgenden Monaten, w\u00e4hrend der Vorbereitungen f\u00fcr die <strong data-start=\"1600\" data-end=\"1613\">Euro 2016<\/strong>, Unter Antonio Conte wurde die Mannschaft schrittweise umstrukturiert, wobei der Schwerpunkt auf der Organisation des Spiels und der taktischen Disziplin lag.<\/p>\n<p data-start=\"1748\" data-end=\"1978\">Das T-Shirt ist hergestellt aus <strong data-start=\"1776\" data-end=\"1827\">leichtes, technisches und flexibles Material<\/strong>, und der ma\u00dfgeschneiderte Schnitt entspricht den Anforderungen <strong data-start=\"1877\" data-end=\"1885\">Pumas<\/strong> Version <strong data-start=\"1895\" data-end=\"1918\">PowerCell Authentisch<\/strong>, bei professionellen Repr\u00e4sentationsprojekten verwendet werden.<\/p>\n<p data-start=\"1980\" data-end=\"2212\" data-is-last-node=\"\" data-is-only-node=\"\">Dies ist f\u00fcr Sammler und Fans, die ein originales Ausw\u00e4rtstrikot suchen <strong data-start=\"2083\" data-end=\"2106\">Vertretung Italiens<\/strong> im Laufe der Jahre <strong data-start=\"2113\" data-end=\"2124\">2014\/16<\/strong>, die die Zeit der brasilianischen Weltmeisterschaft und den Weg zur Europameisterschaft anschaulich dokumentiert.<\/p>","protected":false},"featured_media":118433,"template":"","meta":{"_kad_blocks_custom_css":"","_kad_blocks_head_custom_js":"","_kad_blocks_body_custom_js":"","_kad_blocks_footer_custom_js":"","_kad_post_transparent":"default","_kad_post_title":"","_kad_post_layout":"default","_kad_post_sidebar_id":"","_kad_post_content_style":"default","_kad_post_vertical_padding":"default","_kad_post_feature":"","_kad_post_feature_position":"","_kad_post_header":false,"_kad_post_footer":false,"_kad_post_classname":""},"product_brand":[1287],"product_cat":[15,1487],"product_tag":[],"class_list":{"0":"post-118259","1":"product","2":"type-product","3":"status-publish","4":"has-post-thumbnail","6":"product_brand-puma","7":"product_cat-bez-kategorii","8":"product_cat-reprezentacja-wloch","9":"pa_homeawaythird-away","10":"pa_rozmiar-xxl","12":"first","13":"instock","14":"taxable","15":"shipping-taxable","16":"purchasable","17":"product-type-simple","18":"entry","19":"content-bg","20":"loop-entry"},"taxonomy_info":{"product_brand":[{"value":1287,"label":"Puma"}],"product_cat":[{"value":15,"label":"Bez kategorii"},{"value":1487,"label":"W\u0142ochy"}],"pa_homeawaythird":[{"value":1598,"label":"Away"}],"pa_rozmiar":[{"value":1819,"label":"XXL"}]},"featured_image_src_large":["https:\/\/footballthrift.shop\/wp-content\/uploads\/2026\/02\/Photoroom_20260219_133610-1024x1024.jpg",1024,1024,true],"author_info":[],"comment_info":"","_links":{"self":[{"href":"https:\/\/footballthrift.shop\/de\/wp-json\/wp\/v2\/product\/118259","targetHints":{"allow":["GET"]}}],"collection":[{"href":"https:\/\/footballthrift.shop\/de\/wp-json\/wp\/v2\/product"}],"about":[{"href":"https:\/\/footballthrift.shop\/de\/wp-json\/wp\/v2\/types\/product"}],"wp:featuredmedia":[{"embeddable":true,"href":"https:\/\/footballthrift.shop\/de\/wp-json\/wp\/v2\/media\/118433"}],"wp:attachment":[{"href":"https:\/\/footballthrift.shop\/de\/wp-json\/wp\/v2\/media?parent=118259"}],"wp:term":[{"taxonomy":"product_brand","embeddable":true,"href":"https:\/\/footballthrift.shop\/de\/wp-json\/wp\/v2\/product_brand?post=118259"},{"taxonomy":"product_cat","embeddable":true,"href":"https:\/\/footballthrift.shop\/de\/wp-json\/wp\/v2\/product_cat?post=118259"},{"taxonomy":"product_tag","embeddable":true,"href":"https:\/\/footballthrift.shop\/de\/wp-json\/wp\/v2\/product_tag?post=118259"}],"curies":[{"name":"wp","href":"https:\/\/api.w.org\/{rel}","templated":true}]}}