{"id":118257,"date":"2026-02-22T17:59:00","date_gmt":"2026-02-22T16:59:00","guid":{"rendered":"https:\/\/footballthrift.shop\/?post_type=product&#038;p=118257"},"modified":"2026-03-09T11:23:41","modified_gmt":"2026-03-09T10:23:41","slug":"torwart-trikot-authentisch-vfl-wolfsburg-2010-11-s","status":"publish","type":"product","link":"https:\/\/footballthrift.shop\/de\/koszulka-bramkarska-authentic-vfl-wolfsburg-2010-11-s\/","title":{"rendered":"Koszulka bramkarska AUTHENTIC VFL Wolfsburg 2010\/11 [S]"},"content":{"rendered":"<p><strong>Verein:<\/strong> VFL Wolfsburg<\/p>\n<p><strong>Saison:<\/strong> 2010\/11<\/p>\n<p><strong>Gr\u00f6\u00dfe: <\/strong>S<\/p>\n<p><strong>Zustand:<\/strong> Ausgezeichnet<\/p>\n<p><strong>Ma\u00dfe (Achselbreite\/L\u00e4nge) in cm: <\/strong>52\/71<\/p>","protected":false},"excerpt":{"rendered":"<div class=\"flex flex-col text-sm pb-25\">\n<article class=\"text-token-text-primary w-full focus:outline-none [--shadow-height:45px] has-data-writing-block:pointer-events-none has-data-writing-block:-mt-(--shadow-height) has-data-writing-block:pt-(--shadow-height) [&amp;:has([data-writing-block])&gt;*]:pointer-events-auto scroll-mt-[calc(var(--header-height)+min(200px,max(70px,20svh)))]\" dir=\"auto\" tabindex=\"-1\" data-turn-id=\"request-69846e9f-d3cc-8389-9cfe-2684a6b1e83a-14\" data-testid=\"conversation-turn-200\" data-scroll-anchor=\"true\" data-turn=\"assistant\">\n<div class=\"text-base my-auto mx-auto pb-10 [--thread-content-margin:--spacing(4)] @w-sm\/main:[--thread-content-margin:--spacing(6)] @w-lg\/main:[--thread-content-margin:--spacing(16)] px-(--thread-content-margin)\">\n<div class=\"[--thread-content-max-width:40rem] @w-lg\/main:[--thread-content-max-width:48rem] mx-auto max-w-(--thread-content-max-width) flex-1 group\/turn-messages focus-visible:outline-hidden relative flex w-full min-w-0 flex-col agent-turn\" tabindex=\"-1\">\n<div class=\"flex max-w-full flex-col grow\">\n<div class=\"min-h-8 text-message relative flex w-full flex-col items-end gap-2 text-start break-words whitespace-normal [.text-message+&amp;]:mt-1\" dir=\"auto\" data-message-author-role=\"assistant\" data-message-id=\"e7b410c3-f36c-4b86-8adf-87b42dd246c8\" data-message-model-slug=\"gpt-5-2\">\n<div class=\"flex w-full flex-col gap-1 empty:hidden first:pt-[1px]\">\n<div class=\"markdown prose dark:prose-invert w-full wrap-break-word light markdown-new-styling\">\n<p data-start=\"0\" data-end=\"84\"><strong data-start=\"0\" data-end=\"84\">Oryginalna koszulka bramkarska VfL Wolfsburg z sezonu 2010\/11 produkcji Adidasa.\u00a0<\/strong><\/p>\n<p data-start=\"86\" data-end=\"458\">Bramkarski model <strong data-start=\"103\" data-end=\"144\"><span class=\"hover:entity-accent entity-underline inline cursor-pointer align-baseline\"><span class=\"whitespace-normal\">VfL Wolfsburg<\/span><\/span><\/strong> z <strong data-start=\"147\" data-end=\"165\">sezonu 2010\/11<\/strong>, wyprodukowany przez <strong data-start=\"187\" data-end=\"198\">Adidasa<\/strong> w rozmiarze <strong data-start=\"211\" data-end=\"216\">S<\/strong>, pochodzi z okresu kilku lat po historycznym mistrzostwie Niemiec zdobytym w 2009 roku. Klub wci\u0105\u017c funkcjonowa\u0142 jako ambitny uczestnik Bundesligi, staraj\u0105c si\u0119 nawi\u0105za\u0107 do niedawnych sukces\u00f3w i ustabilizowa\u0107 swoj\u0105 pozycj\u0119 w ligowej czo\u0142\u00f3wce.<\/p>\n<p data-start=\"460\" data-end=\"993\">Koszulka zosta\u0142a wyprodukowana w <strong data-start=\"493\" data-end=\"518\">czerwonej kolorystyce<\/strong>, w wersji <strong data-start=\"529\" data-end=\"549\">z d\u0142ugim r\u0119kawem<\/strong>, co podkre\u015bla jej klasyczny bramkarski charakter. Na r\u0119kawkach znajduj\u0105 si\u0119 <strong data-start=\"626\" data-end=\"652\">bia\u0142e paski producenta<\/strong>, charakterystyczne dla projekt\u00f3w <strong data-start=\"686\" data-end=\"697\">Adidasa<\/strong>, natomiast na froncie centralnie umieszczono nadruk sponsora <strong data-start=\"759\" data-end=\"773\">Volkswagen<\/strong>, nierozerwalnie zwi\u0105zanego z to\u017csamo\u015bci\u0105 <strong data-start=\"815\" data-end=\"832\">VfL Wolfsburg<\/strong>. Model wykonano w meczowej technologii <strong data-start=\"872\" data-end=\"885\">Formotion<\/strong>, zapewniaj\u0105cej lepsze dopasowanie do sylwetki i wi\u0119ksz\u0105 swobod\u0119 ruch\u00f3w w por\u00f3wnaniu do podstawowych wersji.<\/p>\n<p data-start=\"995\" data-end=\"1340\">W <strong data-start=\"997\" data-end=\"1016\">sezonie 2010\/11<\/strong> barwy <strong data-start=\"1023\" data-end=\"1040\">VfL Wolfsburg<\/strong> reprezentowali m.in. <strong data-start=\"1062\" data-end=\"1076\">Edin D\u017eeko<\/strong> (na pocz\u0105tku rozgrywek), <strong data-start=\"1102\" data-end=\"1113\">Grafite<\/strong>, <strong data-start=\"1115\" data-end=\"1124\">Diego<\/strong>, <strong data-start=\"1126\" data-end=\"1144\">Marcel Sch\u00e4fer<\/strong> oraz <strong data-start=\"1150\" data-end=\"1168\">Diego Benaglio<\/strong>, kt\u00f3ry pe\u0142ni\u0142 rol\u0119 podstawowego bramkarza zespo\u0142u. Dru\u017cyna przechodzi\u0142a proces zmian kadrowych, staraj\u0105c si\u0119 odnale\u017a\u0107 stabilno\u015b\u0107 sportow\u0105 po okresie najwi\u0119kszych sukces\u00f3w.<\/p>\n<p data-start=\"1342\" data-end=\"1589\">Koszulka zosta\u0142a wykonana z <strong data-start=\"1370\" data-end=\"1407\">lekkiego i elastycznego materia\u0142u<\/strong>, a dopasowany kr\u00f3j w rozmiarze <strong data-start=\"1439\" data-end=\"1444\">S<\/strong> odpowiada standardom <strong data-start=\"1466\" data-end=\"1477\">Adidasa<\/strong> dla wersji <strong data-start=\"1489\" data-end=\"1502\">Formotion<\/strong>, stosowanych w profesjonalnych projektach meczowych pocz\u0105tku drugiej dekady XXI wieku.<\/p>\n<p data-start=\"1591\" data-end=\"1825\" data-is-last-node=\"\" data-is-only-node=\"\">To propozycja dla kolekcjoner\u00f3w oraz kibic\u00f3w poszukuj\u0105cych oryginalnej koszulki bramkarskiej <strong data-start=\"1684\" data-end=\"1701\">VfL Wolfsburg<\/strong> z <strong data-start=\"1704\" data-end=\"1722\">sezonu 2010\/11<\/strong>, stanowi\u0105cej czytelny zapis okresu po mistrzowskim triumfie i dalszej rywalizacji klubu w Bundeslidze.<\/p>\n<\/div>\n<\/div>\n<\/div>\n<\/div>\n<\/div>\n<\/div>\n<\/article>\n<\/div>\n","protected":false},"featured_media":118414,"template":"","meta":{"_kad_blocks_custom_css":"","_kad_blocks_head_custom_js":"","_kad_blocks_body_custom_js":"","_kad_blocks_footer_custom_js":"","_kad_post_transparent":"default","_kad_post_title":"","_kad_post_layout":"default","_kad_post_sidebar_id":"","_kad_post_content_style":"default","_kad_post_vertical_padding":"default","_kad_post_feature":"","_kad_post_feature_position":"","_kad_post_header":false,"_kad_post_footer":false,"_kad_post_classname":""},"product_brand":[1283],"product_cat":[15,1482],"product_tag":[],"class_list":{"0":"post-118257","1":"product","2":"type-product","3":"status-publish","4":"has-post-thumbnail","6":"product_brand-adidas","7":"product_cat-bez-kategorii","8":"product_cat-kluby-niemieckie-vflwolfsburg","9":"pa_rozmiar-s","11":"first","12":"instock","13":"taxable","14":"shipping-taxable","15":"purchasable","16":"product-type-simple","17":"entry","18":"content-bg","19":"loop-entry"},"taxonomy_info":{"product_brand":[{"value":1283,"label":"Adidas"}],"product_cat":[{"value":15,"label":"Bez kategorii"},{"value":1482,"label":"VFL Wolfsburg"}],"pa_rozmiar":[{"value":1815,"label":"S"}]},"featured_image_src_large":["https:\/\/footballthrift.shop\/wp-content\/uploads\/2026\/02\/Photoroom_20260219_134125-1024x1024.jpg",1024,1024,true],"author_info":[],"comment_info":"","_links":{"self":[{"href":"https:\/\/footballthrift.shop\/de\/wp-json\/wp\/v2\/product\/118257","targetHints":{"allow":["GET"]}}],"collection":[{"href":"https:\/\/footballthrift.shop\/de\/wp-json\/wp\/v2\/product"}],"about":[{"href":"https:\/\/footballthrift.shop\/de\/wp-json\/wp\/v2\/types\/product"}],"wp:featuredmedia":[{"embeddable":true,"href":"https:\/\/footballthrift.shop\/de\/wp-json\/wp\/v2\/media\/118414"}],"wp:attachment":[{"href":"https:\/\/footballthrift.shop\/de\/wp-json\/wp\/v2\/media?parent=118257"}],"wp:term":[{"taxonomy":"product_brand","embeddable":true,"href":"https:\/\/footballthrift.shop\/de\/wp-json\/wp\/v2\/product_brand?post=118257"},{"taxonomy":"product_cat","embeddable":true,"href":"https:\/\/footballthrift.shop\/de\/wp-json\/wp\/v2\/product_cat?post=118257"},{"taxonomy":"product_tag","embeddable":true,"href":"https:\/\/footballthrift.shop\/de\/wp-json\/wp\/v2\/product_tag?post=118257"}],"curies":[{"name":"wp","href":"https:\/\/api.w.org\/{rel}","templated":true}]}}