{"id":118256,"date":"2026-02-22T17:59:00","date_gmt":"2026-02-22T16:59:00","guid":{"rendered":"https:\/\/footballthrift.shop\/?post_type=product&#038;p=118256"},"modified":"2026-03-09T11:23:41","modified_gmt":"2026-03-09T10:23:41","slug":"fusball-trikot-schalke-04-2015-16-dritte-25-huntelaar-s","status":"publish","type":"product","link":"https:\/\/footballthrift.shop\/de\/koszulka-pilkarska-schalke-04-2015-16-third-25-huntelaar-s\/","title":{"rendered":"Koszulka pi\u0142karska Schalke 04 2015\/16 Third 25 Huntelaar [S]"},"content":{"rendered":"<p><strong>Verein:<\/strong> Schalke 04<\/p>\n<p><strong>Saison:<\/strong> 2015\/16 Dritter<\/p>\n<p><strong>Gr\u00f6\u00dfe: <\/strong>S<\/p>\n<p><strong>Zustand:<\/strong> Sehr gut - eine kleine Verschmutzung am Kragen.<\/p>\n<p><strong>Ma\u00dfe (Achselbreite\/L\u00e4nge) in cm: <\/strong>50\/70<\/p>","protected":false},"excerpt":{"rendered":"<div class=\"flex flex-col text-sm pb-25\">\n<article class=\"text-token-text-primary w-full focus:outline-none [--shadow-height:45px] has-data-writing-block:pointer-events-none has-data-writing-block:-mt-(--shadow-height) has-data-writing-block:pt-(--shadow-height) [&amp;:has([data-writing-block])&gt;*]:pointer-events-auto scroll-mt-[calc(var(--header-height)+min(200px,max(70px,20svh)))]\" dir=\"auto\" tabindex=\"-1\" data-turn-id=\"request-69846e9f-d3cc-8389-9cfe-2684a6b1e83a-13\" data-testid=\"conversation-turn-198\" data-scroll-anchor=\"true\" data-turn=\"assistant\">\n<div class=\"text-base my-auto mx-auto pb-10 [--thread-content-margin:--spacing(4)] @w-sm\/main:[--thread-content-margin:--spacing(6)] @w-lg\/main:[--thread-content-margin:--spacing(16)] px-(--thread-content-margin)\">\n<div class=\"[--thread-content-max-width:40rem] @w-lg\/main:[--thread-content-max-width:48rem] mx-auto max-w-(--thread-content-max-width) flex-1 group\/turn-messages focus-visible:outline-hidden relative flex w-full min-w-0 flex-col agent-turn\" tabindex=\"-1\">\n<div class=\"flex max-w-full flex-col grow\">\n<div class=\"min-h-8 text-message relative flex w-full flex-col items-end gap-2 text-start break-words whitespace-normal [.text-message+&amp;]:mt-1\" dir=\"auto\" data-message-author-role=\"assistant\" data-message-id=\"b6e24156-7027-43c7-a324-2fcad5c413b1\" data-message-model-slug=\"gpt-5-2\">\n<div class=\"flex w-full flex-col gap-1 empty:hidden first:pt-[1px]\">\n<div class=\"markdown prose dark:prose-invert w-full wrap-break-word light markdown-new-styling\">\n<p data-start=\"0\" data-end=\"123\"><strong data-start=\"0\" data-end=\"123\">Oryginalna trzecia koszulka pi\u0142karska Schalke 04 z sezonu 2015\/16 produkcji Adidasa z nadrukiem Klaasa-Jana Huntelaara.\u00a0<\/strong><\/p>\n<p data-start=\"125\" data-end=\"466\">Trzeci komplet <strong data-start=\"140\" data-end=\"181\"><span class=\"hover:entity-accent entity-underline inline cursor-pointer align-baseline\"><span class=\"whitespace-normal\">FC Schalke 04<\/span><\/span><\/strong> z <strong data-start=\"184\" data-end=\"202\">sezonu 2015\/16<\/strong>, wyprodukowany przez <strong data-start=\"224\" data-end=\"235\">Adidasa<\/strong> w rozmiarze <strong data-start=\"248\" data-end=\"253\">S<\/strong>, pochodzi z okresu ligowej stabilizacji klubu oraz walki o miejsca premiowane gr\u0105 w europejskich pucharach. By\u0142 to sezon przej\u015bciowy, w kt\u00f3rym Schalke szuka\u0142o regularno\u015bci i odbudowy swojej pozycji w Bundeslidze.<\/p>\n<p data-start=\"468\" data-end=\"999\">Koszulka zosta\u0142a wyprodukowana na <strong data-start=\"502\" data-end=\"519\">czarnej bazie<\/strong>, kt\u00f3ra w dolnej cz\u0119\u015bci frontu przechodzi w <strong data-start=\"563\" data-end=\"583\">zielony gradient<\/strong>, zbudowany z <strong data-start=\"597\" data-end=\"637\">cienkich, poziomych zielonych pask\u00f3w<\/strong>, stopniowo zanikaj\u0105cych ku g\u00f3rze. Ten efekt nadaje projektowi nowoczesny i dynamiczny charakter. Na froncie centralnie umieszczono nadruk sponsora <strong data-start=\"785\" data-end=\"796\">Gazprom<\/strong>, natomiast na r\u0119kawku znajduje si\u0119 <strong data-start=\"832\" data-end=\"852\">patch Bundesligi<\/strong>, potwierdzaj\u0105cy ligowy kontekst tego modelu. Ca\u0142o\u015b\u0107 utrzymana jest w estetyce typowej dla projekt\u00f3w <strong data-start=\"953\" data-end=\"964\">Adidasa<\/strong> z po\u0142owy drugiej dekady XXI wieku.<\/p>\n<p data-start=\"1001\" data-end=\"1480\">Na plecach widnieje oryginalny nadruk <strong data-start=\"1039\" data-end=\"1080\"><span class=\"hover:entity-accent entity-underline inline cursor-pointer align-baseline\"><span class=\"whitespace-normal\">Klaasa-Jan Huntelaara<\/span><\/span><\/strong>, jednego z najbardziej rozpoznawalnych napastnik\u00f3w w historii klubu. <strong data-start=\"1150\" data-end=\"1173\">Klaas-Jan Huntelaar<\/strong> by\u0142 symbolem ofensywy <strong data-start=\"1196\" data-end=\"1210\">Schalke 04<\/strong> przez wiele sezon\u00f3w, cenionym za instynkt strzelecki, skuteczno\u015b\u0107 w polu karnym oraz do\u015bwiadczenie mi\u0119dzynarodowe. W <strong data-start=\"1328\" data-end=\"1347\">sezonie 2015\/16<\/strong> pozostawa\u0142 jedn\u0105 z kluczowych postaci dru\u017cyny, pe\u0142ni\u0105c rol\u0119 lidera ataku i jednego z najbardziej do\u015bwiadczonych zawodnik\u00f3w w kadrze.<\/p>\n<p data-start=\"1482\" data-end=\"1780\">W trakcie <strong data-start=\"1492\" data-end=\"1510\">sezonu 2015\/16<\/strong> <strong data-start=\"1511\" data-end=\"1528\">FC Schalke 04<\/strong> rywalizowa\u0142o w Bundeslidze, prezentuj\u0105c momentami wysok\u0105 jako\u015b\u0107 gry, jednak nie utrzymuj\u0105c pe\u0142nej regularno\u015bci na przestrzeni ca\u0142ych rozgrywek. Dru\u017cyna opiera\u0142a si\u0119 na mieszance do\u015bwiadczenia i m\u0142odszych zawodnik\u00f3w, buduj\u0105c fundament pod kolejne lata.<\/p>\n<p data-start=\"1782\" data-end=\"1968\">Koszulka zosta\u0142a wykonana z <strong data-start=\"1810\" data-end=\"1847\">lekkiego i przewiewnego materia\u0142u<\/strong>, a kr\u00f3j w rozmiarze <strong data-start=\"1868\" data-end=\"1873\">S<\/strong> pozostaje zgodny ze standardami <strong data-start=\"1906\" data-end=\"1917\">Adidasa<\/strong>, stosowanymi w projektach z tego okresu.<\/p>\n<p data-start=\"1970\" data-end=\"2233\" data-is-last-node=\"\" data-is-only-node=\"\">To propozycja dla kolekcjoner\u00f3w oraz kibic\u00f3w poszukuj\u0105cych oryginalnej trzeciej koszulki pi\u0142karskiej <strong data-start=\"2071\" data-end=\"2085\">Schalke 04<\/strong> z <strong data-start=\"2088\" data-end=\"2106\">sezonu 2015\/16<\/strong>, stanowi\u0105cej czytelny zapis etapu, w kt\u00f3rym <strong data-start=\"2151\" data-end=\"2174\">Klaas-Jan Huntelaar<\/strong> wci\u0105\u017c pozostawa\u0142 jednym z filar\u00f3w zespo\u0142u z Gelsenkirchen.<\/p>\n<\/div>\n<\/div>\n<\/div>\n<\/div>\n<\/div>\n<\/div>\n<\/article>\n<\/div>\n","protected":false},"featured_media":118406,"template":"","meta":{"_kad_blocks_custom_css":"","_kad_blocks_head_custom_js":"","_kad_blocks_body_custom_js":"","_kad_blocks_footer_custom_js":"","_kad_post_transparent":"default","_kad_post_title":"","_kad_post_layout":"default","_kad_post_sidebar_id":"","_kad_post_content_style":"default","_kad_post_vertical_padding":"default","_kad_post_feature":"","_kad_post_feature_position":"","_kad_post_header":false,"_kad_post_footer":false,"_kad_post_classname":""},"product_brand":[1283],"product_cat":[15,1465],"product_tag":[],"class_list":{"0":"post-118256","1":"product","2":"type-product","3":"status-publish","4":"has-post-thumbnail","6":"product_brand-adidas","7":"product_cat-bez-kategorii","8":"product_cat-kluby-niemieckie-schalke04","9":"pa_homeawaythird-third","10":"pa_rozmiar-s","12":"first","13":"instock","14":"taxable","15":"shipping-taxable","16":"purchasable","17":"product-type-simple","18":"entry","19":"content-bg","20":"loop-entry"},"taxonomy_info":{"product_brand":[{"value":1283,"label":"Adidas"}],"product_cat":[{"value":15,"label":"Bez kategorii"},{"value":1465,"label":"Schalke 04"}],"pa_homeawaythird":[{"value":1599,"label":"Third"}],"pa_rozmiar":[{"value":1815,"label":"S"}]},"featured_image_src_large":["https:\/\/footballthrift.shop\/wp-content\/uploads\/2026\/02\/Photoroom_20260219_134204-1024x1024.jpg",1024,1024,true],"author_info":[],"comment_info":"","_links":{"self":[{"href":"https:\/\/footballthrift.shop\/de\/wp-json\/wp\/v2\/product\/118256","targetHints":{"allow":["GET"]}}],"collection":[{"href":"https:\/\/footballthrift.shop\/de\/wp-json\/wp\/v2\/product"}],"about":[{"href":"https:\/\/footballthrift.shop\/de\/wp-json\/wp\/v2\/types\/product"}],"wp:featuredmedia":[{"embeddable":true,"href":"https:\/\/footballthrift.shop\/de\/wp-json\/wp\/v2\/media\/118406"}],"wp:attachment":[{"href":"https:\/\/footballthrift.shop\/de\/wp-json\/wp\/v2\/media?parent=118256"}],"wp:term":[{"taxonomy":"product_brand","embeddable":true,"href":"https:\/\/footballthrift.shop\/de\/wp-json\/wp\/v2\/product_brand?post=118256"},{"taxonomy":"product_cat","embeddable":true,"href":"https:\/\/footballthrift.shop\/de\/wp-json\/wp\/v2\/product_cat?post=118256"},{"taxonomy":"product_tag","embeddable":true,"href":"https:\/\/footballthrift.shop\/de\/wp-json\/wp\/v2\/product_tag?post=118256"}],"curies":[{"name":"wp","href":"https:\/\/api.w.org\/{rel}","templated":true}]}}