{"id":118255,"date":"2026-02-22T17:59:01","date_gmt":"2026-02-22T16:59:01","guid":{"rendered":"https:\/\/footballthrift.shop\/?post_type=product&#038;p=118255"},"modified":"2026-03-09T11:23:41","modified_gmt":"2026-03-09T10:23:41","slug":"koszulka-pilkarska-sc-heerenveen-2002-03-away-xxl","status":"publish","type":"product","link":"https:\/\/footballthrift.shop\/de\/koszulka-pilkarska-sc-heerenveen-2002-03-away-xxl\/","title":{"rendered":"Koszulka pi\u0142karska SC Heerenveen 2002\/03 Away [XXL]"},"content":{"rendered":"<p><strong>Verein:<\/strong> SC Heerenveen<\/p>\n<p><strong>Saison:<\/strong> 2002\/03 Ausw\u00e4rts<\/p>\n<p><strong>Gr\u00f6\u00dfe: <\/strong>XXL<\/p>\n<p><strong>Zustand:<\/strong> Ausgezeichnet<\/p>\n<p><strong>Ma\u00dfe (Achselbreite\/L\u00e4nge) in cm: <\/strong>61\/74<\/p>","protected":false},"excerpt":{"rendered":"<p data-start=\"0\" data-end=\"91\"><strong data-start=\"0\" data-end=\"91\">Original SC Heerenveen Ausw\u00e4rtstrikot aus der Saison 2002\/03 von Umbro.\u00a0<\/strong><\/p>\n<p data-start=\"93\" data-end=\"466\">Ausw\u00e4rtsmodell <strong data-start=\"109\" data-end=\"150\"><span class=\"hover:entity-accent entity-underline inline cursor-pointer align-baseline\"><span class=\"whitespace-normal\">SC Heerenveen<\/span><\/span><\/strong> z <strong data-start=\"153\" data-end=\"171\">Saison 2002\/03<\/strong>hergestellt von <strong data-start=\"193\" data-end=\"202\">Umbro<\/strong> in der Gr\u00f6\u00dfe <strong data-start=\"215\" data-end=\"222\">XXL<\/strong>, Der Verein hat sich in der Eredivisie etabliert und konkurriert regelm\u00e4\u00dfig mit der Spitze der Liga. Es war eine Zeit, in der Heerenveen als ehrgeizige nordholl\u00e4ndische Mannschaft fungierte, die f\u00fcr ihren mutigen Spielstil und ihre Arbeit mit jungen Spielern bekannt war.<\/p>\n<p data-start=\"468\" data-end=\"900\">Das T-Shirt wurde hergestellt auf <strong data-start=\"502\" data-end=\"519\">schwarzer Sockel<\/strong>die sie brechen <strong data-start=\"538\" data-end=\"600\">wei\u00dfer, roter und blauer Saum an \u00c4rmeln und Kragen<\/strong>, Die Farben und die Symbolik der friesischen Region. Das Ganze wird vervollst\u00e4ndigt durch <strong data-start=\"672\" data-end=\"700\">blaue Seitenteile<\/strong>, Das Design ist dynamisch und bietet einen klaren Kontrast. Auf der Vorderseite befindet sich ein zentraler Sponsorenaufdruck. <strong data-start=\"804\" data-end=\"813\">Univ\u00e9<\/strong>, Merkmal der visuellen Identit\u00e4t <strong data-start=\"861\" data-end=\"878\">SC Heerenveen<\/strong> aus dem fr\u00fchen 21. Jahrhundert.<\/p>\n<p data-start=\"902\" data-end=\"1286\">Historisch <strong data-start=\"915\" data-end=\"932\">SC Heerenveen<\/strong> spielte eine wichtige Rolle bei der Entwicklung von <strong data-start=\"965\" data-end=\"988\">Niederl\u00e4ndischer Fu\u00dfball<\/strong>, Ein Verein, der regelm\u00e4\u00dfig junge Spieler auf das h\u00f6chste Niveau brachte und um die Jahrhundertwende an den Europapokalen teilnahm. Die Mannschaft wurde f\u00fcr ihren offensiven Stil und ihre effiziente Transferpolitik ber\u00fchmt und baute eine Marke als starker regionaler Verein auf, der mit gr\u00f6\u00dferen Zentren konkurrieren konnte.<\/p>\n<p data-start=\"1288\" data-end=\"1571\">Farben <strong data-start=\"1294\" data-end=\"1311\">SC Heerenveen<\/strong> im Laufe der Jahre vertreten, darunter. <strong data-start=\"1352\" data-end=\"1375\">Ruud van Nistelrooy<\/strong>, <strong data-start=\"1377\" data-end=\"1400\">Klaas-Jan Huntelaar<\/strong>, <strong data-start=\"1402\" data-end=\"1418\">Afonso Alves<\/strong>, <strong data-start=\"1420\" data-end=\"1441\">Jon Dahl Tomasson<\/strong> oder <strong data-start=\"1446\" data-end=\"1466\">Arn\u00f3r Gu\u00f0johnsen<\/strong>, Dies zeigt, dass der Verein ein Ort f\u00fcr die Entwicklung vieler herausragender St\u00fcrmer und Vertreter ihrer L\u00e4nder war.<\/p>\n<p data-start=\"1573\" data-end=\"1765\">Das T-Shirt ist hergestellt aus <strong data-start=\"1601\" data-end=\"1635\">leichtes und robustes Material<\/strong>, und einen breiten Schnitt in der Gr\u00f6\u00dfe <strong data-start=\"1664\" data-end=\"1671\">XXL<\/strong> entspricht den Standards <strong data-start=\"1693\" data-end=\"1702\">Umbro<\/strong> der fr\u00fchen 2000er Jahre, die eine klassische, lockere Passform bietet.<\/p>\n<p data-start=\"1767\" data-end=\"2020\" data-is-last-node=\"\" data-is-only-node=\"\">Dies ist f\u00fcr Sammler und Fans, die ein originales Ausw\u00e4rtstrikot suchen <strong data-start=\"1870\" data-end=\"1887\">SC Heerenveen<\/strong> z <strong data-start=\"1890\" data-end=\"1908\">Saison 2002\/03<\/strong>, Ein deutlicher Beleg f\u00fcr die starke Stellung des Vereins in der Eredivisie und seinen Beitrag zum niederl\u00e4ndischen Fu\u00dfball.<\/p>","protected":false},"featured_media":118399,"template":"","meta":{"_kad_blocks_custom_css":"","_kad_blocks_head_custom_js":"","_kad_blocks_body_custom_js":"","_kad_blocks_footer_custom_js":"","_kad_post_transparent":"default","_kad_post_title":"","_kad_post_layout":"default","_kad_post_sidebar_id":"","_kad_post_content_style":"default","_kad_post_vertical_padding":"default","_kad_post_feature":"","_kad_post_feature_position":"","_kad_post_header":false,"_kad_post_footer":false,"_kad_post_classname":""},"product_brand":[1285],"product_cat":[1466,15],"product_tag":[],"class_list":{"0":"post-118255","1":"product","2":"type-product","3":"status-publish","4":"has-post-thumbnail","6":"product_brand-umbro","7":"product_cat-belgia-holandia","8":"product_cat-bez-kategorii","9":"pa_homeawaythird-away","10":"pa_rozmiar-xxl","12":"first","13":"instock","14":"taxable","15":"shipping-taxable","16":"purchasable","17":"product-type-simple","18":"entry","19":"content-bg","20":"loop-entry"},"taxonomy_info":{"product_brand":[{"value":1285,"label":"Umbro"}],"product_cat":[{"value":1466,"label":"Belgia i Holandia"},{"value":15,"label":"Bez kategorii"}],"pa_homeawaythird":[{"value":1598,"label":"Away"}],"pa_rozmiar":[{"value":1819,"label":"XXL"}]},"featured_image_src_large":["https:\/\/footballthrift.shop\/wp-content\/uploads\/2026\/02\/Photoroom_20260219_134443-1024x1024.jpg",1024,1024,true],"author_info":[],"comment_info":"","_links":{"self":[{"href":"https:\/\/footballthrift.shop\/de\/wp-json\/wp\/v2\/product\/118255","targetHints":{"allow":["GET"]}}],"collection":[{"href":"https:\/\/footballthrift.shop\/de\/wp-json\/wp\/v2\/product"}],"about":[{"href":"https:\/\/footballthrift.shop\/de\/wp-json\/wp\/v2\/types\/product"}],"wp:featuredmedia":[{"embeddable":true,"href":"https:\/\/footballthrift.shop\/de\/wp-json\/wp\/v2\/media\/118399"}],"wp:attachment":[{"href":"https:\/\/footballthrift.shop\/de\/wp-json\/wp\/v2\/media?parent=118255"}],"wp:term":[{"taxonomy":"product_brand","embeddable":true,"href":"https:\/\/footballthrift.shop\/de\/wp-json\/wp\/v2\/product_brand?post=118255"},{"taxonomy":"product_cat","embeddable":true,"href":"https:\/\/footballthrift.shop\/de\/wp-json\/wp\/v2\/product_cat?post=118255"},{"taxonomy":"product_tag","embeddable":true,"href":"https:\/\/footballthrift.shop\/de\/wp-json\/wp\/v2\/product_tag?post=118255"}],"curies":[{"name":"wp","href":"https:\/\/api.w.org\/{rel}","templated":true}]}}