{"id":118248,"date":"2026-02-22T17:59:04","date_gmt":"2026-02-22T16:59:04","guid":{"rendered":"https:\/\/footballthrift.shop\/?post_type=product&#038;p=118248"},"modified":"2026-03-09T11:23:40","modified_gmt":"2026-03-09T10:23:40","slug":"fusball-trikot-israel-1998-00-auswarts-xxl","status":"publish","type":"product","link":"https:\/\/footballthrift.shop\/de\/koszulka-pilkarska-izrael-1998-00-away-xxl\/","title":{"rendered":"Koszulka pi\u0142karska Izrael 1998\/00 Away [XXL]"},"content":{"rendered":"<p><strong>Verein:<\/strong> Israel<\/p>\n<p><strong>Saison:<\/strong> 1998\/00 Ausw\u00e4rts<\/p>\n<p><strong>Gr\u00f6\u00dfe: <\/strong>XXL<\/p>\n<p><strong>Zustand:<\/strong> Sehr gut - ein paar Mikrozerrungen und ein abgeschnittenes Gr\u00f6\u00dfenetikett am Hals.<\/p>\n<p><strong>Ma\u00dfe (Achselbreite\/L\u00e4nge) in cm: <\/strong>56\/76(vorne), 85(hinten)<\/p>","protected":false},"excerpt":{"rendered":"<p data-start=\"0\" data-end=\"95\"><strong data-start=\"0\" data-end=\"95\">Original 1998\/00 Israelische Nationalmannschaft ausw\u00e4rts Fu\u00dfballtrikot von Puma.\u00a0<\/strong><\/p>\n<p data-start=\"97\" data-end=\"480\">Ausw\u00e4rtsmodell <strong data-start=\"113\" data-end=\"154\"><span class=\"hover:entity-accent entity-underline inline cursor-pointer align-baseline\"><span class=\"whitespace-normal\">Repr\u00e4sentation von Israel<\/span><\/span><\/strong> im Laufe der Jahre <strong data-start=\"161\" data-end=\"172\">1998\/00<\/strong>hergestellt von <strong data-start=\"194\" data-end=\"202\">Puma<\/strong> in der Gr\u00f6\u00dfe <strong data-start=\"215\" data-end=\"222\">XXL<\/strong>, geht auf die Zeit der Qualifikationsturniere f\u00fcr Europa- und Weltmeisterschaften um die Jahrhundertwende zur\u00fcck. Es war eine Zeit, in der eine Mannschaft aufgebaut wurde, die auf der Technik und den individuellen F\u00e4higkeiten der Spieler beruhte, die sowohl in der heimischen Liga als auch au\u00dferhalb spielten.<\/p>\n<p data-start=\"482\" data-end=\"960\">Das T-Shirt wurde hergestellt auf <strong data-start=\"516\" data-end=\"532\">wei\u00dfer Sockel<\/strong>, die die klassische Grundlage f\u00fcr Ausw\u00e4rtss\u00e4tze ist <strong data-start=\"590\" data-end=\"615\">Repr\u00e4sentation von Israel<\/strong>. Das Projekt wird erg\u00e4nzt durch <strong data-start=\"635\" data-end=\"669\">blauer Polokragen<\/strong> und <strong data-start=\"675\" data-end=\"703\">blaue Seitenteile<\/strong>, Dadurch entsteht ein deutlicher Farbkontrast in \u00dcbereinstimmung mit den Nationalfarben. Auf der R\u00fcckseite befindet sich eine gro\u00dfe Aufschrift <strong data-start=\"808\" data-end=\"818\">ISRAEL<\/strong>, Das gesamte Projekt ist in der f\u00fcr die damaligen Projekte typischen \u00c4sthetik gehalten. <strong data-start=\"951\" data-end=\"959\">Pumas<\/strong>.<\/p>\n<p data-start=\"962\" data-end=\"1321\">W\u00e4hrend des fraglichen Zeitraums waren die Farben <strong data-start=\"988\" data-end=\"1013\">Repr\u00e4sentation von Israel<\/strong> vertreten u.a. durch. <strong data-start=\"1035\" data-end=\"1050\">Haim Revivo<\/strong>, <strong data-start=\"1052\" data-end=\"1069\">Eyal Berkovic<\/strong>, <strong data-start=\"1071\" data-end=\"1089\">Yossi Benayoun<\/strong> und <strong data-start=\"1095\" data-end=\"1114\">Ronny Rosenthal<\/strong> - Spieler, die f\u00fcr ihre Kreativit\u00e4t, ihre gute Technik und ihre offensive Spielweise bekannt sind. Die Mannschaft befand sich in einer Modernisierungsphase, in der j\u00fcngere Spieler hinzukamen und Stabilit\u00e4t im internationalen Wettbewerb gesucht wurde.<\/p>\n<p data-start=\"1323\" data-end=\"1539\">Das T-Shirt ist hergestellt aus <strong data-start=\"1351\" data-end=\"1385\">rutschfestes, robustes Material<\/strong>, typisch f\u00fcr die sp\u00e4ten 1990er Jahre, und seine <strong data-start=\"1421\" data-end=\"1437\">breiter Schnitt<\/strong> in der Gr\u00f6\u00dfe <strong data-start=\"1450\" data-end=\"1457\">XXL<\/strong> entspricht den Standards <strong data-start=\"1479\" data-end=\"1487\">Pumas<\/strong> der Epoche, was eine entspannte Passform gew\u00e4hrleistet.<\/p>\n<p data-start=\"1541\" data-end=\"1770\" data-is-last-node=\"\" data-is-only-node=\"\">Dies ist f\u00fcr Sammler und Fans, die ein originales Ausw\u00e4rtstrikot suchen <strong data-start=\"1644\" data-end=\"1669\">Repr\u00e4sentation von Israel<\/strong> im Laufe der Jahre <strong data-start=\"1676\" data-end=\"1687\">1998\/00<\/strong>, die einen klaren \u00dcberblick \u00fcber die Jahrhundertwende und den Entwicklungsstand dieser Nationalmannschaft geben.<\/p>","protected":false},"featured_media":118332,"template":"","meta":{"_kad_blocks_custom_css":"","_kad_blocks_head_custom_js":"","_kad_blocks_body_custom_js":"","_kad_blocks_footer_custom_js":"","_kad_post_transparent":"default","_kad_post_title":"","_kad_post_layout":"default","_kad_post_sidebar_id":"","_kad_post_content_style":"default","_kad_post_vertical_padding":"default","_kad_post_feature":"","_kad_post_feature_position":"","_kad_post_header":false,"_kad_post_footer":false,"_kad_post_classname":""},"product_brand":[1287],"product_cat":[1428,15],"product_tag":[],"class_list":{"0":"post-118248","1":"product","2":"type-product","3":"status-publish","4":"has-post-thumbnail","6":"product_brand-puma","7":"product_cat-reprezentacje-azja","8":"product_cat-bez-kategorii","9":"pa_homeawaythird-away","10":"pa_rozmiar-xxl","12":"first","13":"instock","14":"taxable","15":"shipping-taxable","16":"purchasable","17":"product-type-simple","18":"entry","19":"content-bg","20":"loop-entry"},"taxonomy_info":{"product_brand":[{"value":1287,"label":"Puma"}],"product_cat":[{"value":1428,"label":"Azja"},{"value":15,"label":"Bez kategorii"}],"pa_homeawaythird":[{"value":1598,"label":"Away"}],"pa_rozmiar":[{"value":1819,"label":"XXL"}]},"featured_image_src_large":["https:\/\/footballthrift.shop\/wp-content\/uploads\/2026\/02\/Photoroom_20260219_134329-1024x1024.jpg",1024,1024,true],"author_info":[],"comment_info":"","_links":{"self":[{"href":"https:\/\/footballthrift.shop\/de\/wp-json\/wp\/v2\/product\/118248","targetHints":{"allow":["GET"]}}],"collection":[{"href":"https:\/\/footballthrift.shop\/de\/wp-json\/wp\/v2\/product"}],"about":[{"href":"https:\/\/footballthrift.shop\/de\/wp-json\/wp\/v2\/types\/product"}],"wp:featuredmedia":[{"embeddable":true,"href":"https:\/\/footballthrift.shop\/de\/wp-json\/wp\/v2\/media\/118332"}],"wp:attachment":[{"href":"https:\/\/footballthrift.shop\/de\/wp-json\/wp\/v2\/media?parent=118248"}],"wp:term":[{"taxonomy":"product_brand","embeddable":true,"href":"https:\/\/footballthrift.shop\/de\/wp-json\/wp\/v2\/product_brand?post=118248"},{"taxonomy":"product_cat","embeddable":true,"href":"https:\/\/footballthrift.shop\/de\/wp-json\/wp\/v2\/product_cat?post=118248"},{"taxonomy":"product_tag","embeddable":true,"href":"https:\/\/footballthrift.shop\/de\/wp-json\/wp\/v2\/product_tag?post=118248"}],"curies":[{"name":"wp","href":"https:\/\/api.w.org\/{rel}","templated":true}]}}