{"id":117862,"date":"2026-02-15T18:00:15","date_gmt":"2026-02-15T17:00:15","guid":{"rendered":"https:\/\/footballthrift.shop\/?post_type=product&#038;p=117862"},"modified":"2026-03-09T11:23:42","modified_gmt":"2026-03-09T10:23:42","slug":"fusballjacke-sl-benfica-2008-09-s","status":"publish","type":"product","link":"https:\/\/footballthrift.shop\/de\/kurtka-pilkarska-sl-benfica-2008-09-s\/","title":{"rendered":"Kurtka pi\u0142karska SL Benfica 2008\/09 [S]"},"content":{"rendered":"<p><strong>Verein:<\/strong> SL Benfica<\/p>\n<p><strong>Saison:<\/strong> 2008\/09<\/p>\n<p><strong>Gr\u00f6\u00dfe: <\/strong>S<\/p>\n<p><strong>Zustand:<\/strong> Ausgezeichnet<\/p>\n<p><strong>Ma\u00dfe (Achselbreite\/L\u00e4nge) in cm: <\/strong>55\/70<\/p>","protected":false},"excerpt":{"rendered":"<p data-start=\"0\" data-end=\"78\"><strong data-start=\"0\" data-end=\"78\">Original Benfiki SL Fu\u00dfballjacke aus der Saison 2008\/09 von Adidas.\u00a0<\/strong><\/p>\n<p data-start=\"80\" data-end=\"438\">Club-Modell <strong data-start=\"94\" data-end=\"135\"><span class=\"hover:entity-accent entity-underline inline cursor-pointer align-baseline\"><span class=\"whitespace-normal\">Benfica SL<\/span><\/span><\/strong> z <strong data-start=\"138\" data-end=\"156\">Saison 2008\/09<\/strong>hergestellt von <strong data-start=\"178\" data-end=\"189\">Adidas<\/strong> in der Gr\u00f6\u00dfe <strong data-start=\"202\" data-end=\"207\">S<\/strong>, Der Wechsel f\u00e4llt in eine Zeit, in der der Verein aus Lissabon nach weniger erfolgreichen Jahren einen deutlichen sportlichen Aufschwung erlebte. Es war eine Zeit, in der Benfica allm\u00e4hlich in die nationale Spitzenklasse zur\u00fcckkehrte und die Grundlagen f\u00fcr k\u00fcnftige Erfolge in der Liga schuf.<\/p>\n<p data-start=\"440\" data-end=\"895\">Die Jacke wurde in der klassischen <strong data-start=\"482\" data-end=\"503\">rot gef\u00e4rbt<\/strong>, eindeutig mit Identit\u00e4t assoziiert <strong data-start=\"544\" data-end=\"558\">Benfiki SL<\/strong>. Die \u00c4rmel verf\u00fcgen \u00fcber <strong data-start=\"584\" data-end=\"610\">wei\u00dfe Streifen des Herstellers<\/strong>, Merkmal der Projekte <strong data-start=\"644\" data-end=\"655\">Adidas<\/strong>, w\u00e4hrend <strong data-start=\"667\" data-end=\"712\">schwarze Zierleiste oben auf der Vorderseite<\/strong> bilden einen kontrastierenden Akzent und bringen Ordnung in die gesamte visuelle Komposition. Das Modell ist befestigt mit <strong data-start=\"802\" data-end=\"824\">zip<\/strong>, die den funktionalen, repr\u00e4sentativen Charakter der Ausbildung hervorhebt.<\/p>\n<p data-start=\"897\" data-end=\"1298\">W <strong data-start=\"899\" data-end=\"918\">Saison 2008\/09<\/strong> <strong data-start=\"919\" data-end=\"933\">Benfica SL<\/strong> beendete die Primeira Liga auf einem hohen Niveau, nahm wieder am Kampf um die nationale Spitze teil und signalisierte die R\u00fcckkehr zu einer stabilen Form. Die Farben des Vereins wurden damals von Spielern vertreten wie <strong data-start=\"1136\" data-end=\"1153\">\u00d3scar Cardozo<\/strong>, <strong data-start=\"1155\" data-end=\"1173\">\u00c1ngel Di Mar\u00eda<\/strong>, <strong data-start=\"1175\" data-end=\"1190\">Pablo Aimar<\/strong>, <strong data-start=\"1192\" data-end=\"1202\">Luis\u00e3o<\/strong> oder <strong data-start=\"1207\" data-end=\"1220\">Rui Costa<\/strong>, Die Mannschaft setzte auf eine Kombination aus Erfahrung und offensiver Qualit\u00e4t.<\/p>\n<p data-start=\"1300\" data-end=\"1497\">Die Jacke ist aus einem leichten und bequemen Material gefertigt und der Schnitt in der Gr\u00f6\u00dfe <strong data-start=\"1377\" data-end=\"1382\">S<\/strong> bleibt konform mit den Normen <strong data-start=\"1415\" data-end=\"1426\">Adidas<\/strong>, die ab dem Ende des ersten Jahrzehnts des 21. Jahrhunderts in der Clubkleidung verwendet wurde.<\/p>\n<p data-start=\"1499\" data-end=\"1708\" data-is-last-node=\"\" data-is-only-node=\"\">Dies ist ein Angebot f\u00fcr Sammler und Fans, die auf der Suche sind nach <strong data-start=\"1558\" data-end=\"1620\">Original Benfica SL Fu\u00dfballjacke aus der Saison 2008\/09<\/strong>, der die Phase des sportlichen Wiederaufbaus und die R\u00fcckkehr des Vereins in die nationale Elite deutlich dokumentiert.<\/p>","protected":false},"featured_media":117876,"template":"","meta":{"_kad_blocks_custom_css":"","_kad_blocks_head_custom_js":"","_kad_blocks_body_custom_js":"","_kad_blocks_footer_custom_js":"","_kad_post_transparent":"default","_kad_post_title":"","_kad_post_layout":"default","_kad_post_sidebar_id":"","_kad_post_content_style":"default","_kad_post_vertical_padding":"default","_kad_post_feature":"","_kad_post_feature_position":"","_kad_post_header":false,"_kad_post_footer":false,"_kad_post_classname":""},"product_brand":[1283],"product_cat":[15,1423,1479],"product_tag":[],"class_list":{"0":"post-117862","1":"product","2":"type-product","3":"status-publish","4":"has-post-thumbnail","6":"product_brand-adidas","7":"product_cat-bez-kategorii","8":"product_cat-kurtkibluzytrening","9":"product_cat-kluby-portugalskie","10":"pa_rozmiar-s","12":"first","13":"instock","14":"taxable","15":"shipping-taxable","16":"purchasable","17":"product-type-simple","18":"entry","19":"content-bg","20":"loop-entry"},"taxonomy_info":{"product_brand":[{"value":1283,"label":"Adidas"}],"product_cat":[{"value":15,"label":"Bez kategorii"},{"value":1423,"label":"Kurtki\/bluzy\/trening"},{"value":1479,"label":"Portugalia"}],"pa_rozmiar":[{"value":1815,"label":"S"}]},"featured_image_src_large":["https:\/\/footballthrift.shop\/wp-content\/uploads\/2026\/02\/Photoroom_20260211_122413-1024x1024.jpg",1024,1024,true],"author_info":[],"comment_info":"","_links":{"self":[{"href":"https:\/\/footballthrift.shop\/de\/wp-json\/wp\/v2\/product\/117862","targetHints":{"allow":["GET"]}}],"collection":[{"href":"https:\/\/footballthrift.shop\/de\/wp-json\/wp\/v2\/product"}],"about":[{"href":"https:\/\/footballthrift.shop\/de\/wp-json\/wp\/v2\/types\/product"}],"wp:featuredmedia":[{"embeddable":true,"href":"https:\/\/footballthrift.shop\/de\/wp-json\/wp\/v2\/media\/117876"}],"wp:attachment":[{"href":"https:\/\/footballthrift.shop\/de\/wp-json\/wp\/v2\/media?parent=117862"}],"wp:term":[{"taxonomy":"product_brand","embeddable":true,"href":"https:\/\/footballthrift.shop\/de\/wp-json\/wp\/v2\/product_brand?post=117862"},{"taxonomy":"product_cat","embeddable":true,"href":"https:\/\/footballthrift.shop\/de\/wp-json\/wp\/v2\/product_cat?post=117862"},{"taxonomy":"product_tag","embeddable":true,"href":"https:\/\/footballthrift.shop\/de\/wp-json\/wp\/v2\/product_tag?post=117862"}],"curies":[{"name":"wp","href":"https:\/\/api.w.org\/{rel}","templated":true}]}}