{"id":117853,"date":"2026-02-15T18:00:07","date_gmt":"2026-02-15T17:00:07","guid":{"rendered":"https:\/\/footballthrift.shop\/?post_type=product&#038;p=117853"},"modified":"2026-03-09T11:23:45","modified_gmt":"2026-03-09T10:23:45","slug":"fusball-trikot-hannover-96-2018-19-auswarts-25-sorg-xxl","status":"publish","type":"product","link":"https:\/\/footballthrift.shop\/de\/koszulka-pilkarska-hannover-96-2018-19-away-25-sorg-xxl\/","title":{"rendered":"Koszulka pi\u0142karska Hannover 96 2018\/19 Away 25 Sorg [XXL]"},"content":{"rendered":"<p><strong>Verein:<\/strong> Hannover 96<\/p>\n<p><strong>Saison:<\/strong> 2018\/19 Ausw\u00e4rts<\/p>\n<p><strong>Gr\u00f6\u00dfe: <\/strong>XXL<\/p>\n<p><strong>Zustand:<\/strong> Befriedigend - gerissene Drucke und Embleme.<\/p>\n<p><strong>Ma\u00dfe (Achselbreite\/L\u00e4nge) in cm: <\/strong>58\/78<\/p>","protected":false},"excerpt":{"rendered":"<p data-start=\"0\" data-end=\"115\"><strong data-start=\"0\" data-end=\"115\">Original Hannover 96 Ausw\u00e4rtstrikot aus der Saison 2018\/19 als Druck von Oliver Sorg.\u00a0<\/strong><\/p>\n<p data-start=\"117\" data-end=\"520\">Ausw\u00e4rtsmodell <strong data-start=\"133\" data-end=\"174\"><span class=\"hover:entity-accent entity-underline inline cursor-pointer align-baseline\"><span class=\"whitespace-normal\">Hannover 96<\/span><\/span><\/strong> z <strong data-start=\"177\" data-end=\"195\">Saison 2018\/19<\/strong>hergestellt von <strong data-start=\"217\" data-end=\"225\">Als<\/strong> in der Gr\u00f6\u00dfe <strong data-start=\"238\" data-end=\"245\">XXL<\/strong>, stammt aus einer schwierigen Phase der Vereinsgeschichte, in der die Mannschaft mit sportlichen und personellen Problemen in der Bundesliga zu k\u00e4mpfen hatte. Es war eine Saison, die mit dem Abstieg endete, der zum symbolischen Abschluss einer erfolglosen Phase wurde und den notwendigen Neuaufbau der Mannschaft einl\u00e4utete.<\/p>\n<p data-start=\"522\" data-end=\"933\">Das T-Shirt wurde hergestellt auf <strong data-start=\"556\" data-end=\"578\">dark grey base<\/strong>, zusammengestellt mit <strong data-start=\"594\" data-end=\"616\">schwarze \u00c4rmel<\/strong>, was dem Projekt einen rohen und modernen Charakter verleiht. Das Ganze wird aufgelockert durch <strong data-start=\"688\" data-end=\"728\">hellgr\u00fcne kontrastierende Elemente<\/strong>, sichtbar in den Logos der Hersteller, Wappen <strong data-start=\"771\" data-end=\"787\">Hannover 96<\/strong>, Der \u00c4rmel, der Sponsorenaufdruck und der R\u00fcckendruck. Der \u00c4rmel bietet <strong data-start=\"854\" data-end=\"874\">Bundesliga-Patch<\/strong>, die den Ligakontext dieses Modells eindeutig identifiziert.<\/p>\n<p data-start=\"935\" data-end=\"1282\">Auf der R\u00fcckseite befindet sich ein origineller Aufdruck. <strong data-start=\"977\" data-end=\"1018\"><span class=\"hover:entity-accent entity-underline inline cursor-pointer align-baseline\"><span class=\"whitespace-normal\">Olivera Sorga<\/span><\/span><\/strong>, ein deutscher Verteidiger, der in <strong data-start=\"1050\" data-end=\"1069\">Saison 2018\/19<\/strong> war einer der Stammspieler der Mannschaft. Sorg agierte als solider Verteidiger, der oft auf den defensiven Flanken eingesetzt wurde, in einer anspruchsvollen Saison, in der die Mannschaft unter gro\u00dfem Ergebnisdruck stand.<\/p>\n<p data-start=\"1284\" data-end=\"1578\">W\u00e4hrend <strong data-start=\"1294\" data-end=\"1312\">Saison 2018\/19<\/strong> Farben <strong data-start=\"1319\" data-end=\"1335\">Hannover 96<\/strong> ebenfalls vertreten, unter anderem. <strong data-start=\"1365\" data-end=\"1380\">Ihlas Bebou<\/strong>, <strong data-start=\"1382\" data-end=\"1401\">Niclas F\u00fcllkrug<\/strong>, <strong data-start=\"1403\" data-end=\"1421\">Waldemar Anton<\/strong>, <strong data-start=\"1423\" data-end=\"1438\">Julian Korb<\/strong> oder <strong data-start=\"1443\" data-end=\"1464\">Ron-Robert Zieler<\/strong>, und der Mannschaft gelang es trotz guter Einzelleistungen nicht, ihre Form \u00fcber die gesamte Spielzeit zu halten.<\/p>\n<p data-start=\"1580\" data-end=\"1782\">Das T-Shirt ist aus leichtem und atmungsaktivem Material gefertigt und der Schnitt in Gr\u00f6\u00dfe <strong data-start=\"1662\" data-end=\"1669\">XXL<\/strong> bleibt konform mit den Normen <strong data-start=\"1702\" data-end=\"1710\">Als<\/strong>, in Liga-Projekten ab dem Ende des zweiten Jahrzehnts des 21. Jahrhunderts verwendet.<\/p>\n<p data-start=\"1784\" data-end=\"2024\" data-is-last-node=\"\" data-is-only-node=\"\">Dies ist f\u00fcr Sammler und Fans, die ein originales Ausw\u00e4rtstrikot suchen <strong data-start=\"1887\" data-end=\"1903\">Hannover 96<\/strong> z <strong data-start=\"1906\" data-end=\"1924\">Saison 2018\/19<\/strong>, Damit ist eine der schwierigsten Phasen in der modernen Geschichte des Vereins klar dokumentiert.<\/p>","protected":false},"featured_media":117999,"template":"","meta":{"_kad_blocks_custom_css":"","_kad_blocks_head_custom_js":"","_kad_blocks_body_custom_js":"","_kad_blocks_footer_custom_js":"","_kad_post_transparent":"default","_kad_post_title":"","_kad_post_layout":"default","_kad_post_sidebar_id":"","_kad_post_content_style":"default","_kad_post_vertical_padding":"default","_kad_post_feature":"","_kad_post_feature_position":"","_kad_post_header":false,"_kad_post_footer":false,"_kad_post_classname":""},"product_brand":[1298],"product_cat":[15,1490],"product_tag":[],"class_list":{"0":"post-117853","1":"product","2":"type-product","3":"status-publish","4":"has-post-thumbnail","6":"product_brand-jako","7":"product_cat-bez-kategorii","8":"product_cat-pozostale-kluby-niemieckie","9":"pa_homeawaythird-away","10":"pa_rozmiar-xxl","12":"first","13":"instock","14":"taxable","15":"shipping-taxable","16":"purchasable","17":"product-type-simple","18":"entry","19":"content-bg","20":"loop-entry"},"taxonomy_info":{"product_brand":[{"value":1298,"label":"Jako"}],"product_cat":[{"value":15,"label":"Bez kategorii"},{"value":1490,"label":"Pozosta\u0142e kluby niemieckie"}],"pa_homeawaythird":[{"value":1598,"label":"Away"}],"pa_rozmiar":[{"value":1819,"label":"XXL"}]},"featured_image_src_large":["https:\/\/footballthrift.shop\/wp-content\/uploads\/2026\/02\/Photoroom_20260211_123009-1024x1024.jpg",1024,1024,true],"author_info":[],"comment_info":"","_links":{"self":[{"href":"https:\/\/footballthrift.shop\/de\/wp-json\/wp\/v2\/product\/117853","targetHints":{"allow":["GET"]}}],"collection":[{"href":"https:\/\/footballthrift.shop\/de\/wp-json\/wp\/v2\/product"}],"about":[{"href":"https:\/\/footballthrift.shop\/de\/wp-json\/wp\/v2\/types\/product"}],"wp:featuredmedia":[{"embeddable":true,"href":"https:\/\/footballthrift.shop\/de\/wp-json\/wp\/v2\/media\/117999"}],"wp:attachment":[{"href":"https:\/\/footballthrift.shop\/de\/wp-json\/wp\/v2\/media?parent=117853"}],"wp:term":[{"taxonomy":"product_brand","embeddable":true,"href":"https:\/\/footballthrift.shop\/de\/wp-json\/wp\/v2\/product_brand?post=117853"},{"taxonomy":"product_cat","embeddable":true,"href":"https:\/\/footballthrift.shop\/de\/wp-json\/wp\/v2\/product_cat?post=117853"},{"taxonomy":"product_tag","embeddable":true,"href":"https:\/\/footballthrift.shop\/de\/wp-json\/wp\/v2\/product_tag?post=117853"}],"curies":[{"name":"wp","href":"https:\/\/api.w.org\/{rel}","templated":true}]}}