{"id":117614,"date":"2026-02-08T17:55:00","date_gmt":"2026-02-08T16:55:00","guid":{"rendered":"https:\/\/footballthrift.shop\/?post_type=product&#038;p=117614"},"modified":"2026-03-09T11:23:50","modified_gmt":"2026-03-09T10:23:50","slug":"vfl-bochum-torwart-trikot-2022-23-1-riemann-m","status":"publish","type":"product","link":"https:\/\/footballthrift.shop\/de\/koszulka-bramkarska-vfl-bochum-2022-23-1-riemann-m\/","title":{"rendered":"Koszulka bramkarska VFL Bochum 2022\/23 1 Riemann [M]"},"content":{"rendered":"<p><strong>Verein:<\/strong> VFL Bochum<\/p>\n<p><strong>Saison:<\/strong> 2022\/23<\/p>\n<p><strong>Gr\u00f6\u00dfe: <\/strong>M<\/p>\n<p><strong>Zustand:<\/strong> Ausgezeichnet<\/p>\n<p><strong>Ma\u00dfe (Achselbreite\/L\u00e4nge) in cm: <\/strong>51\/69<\/p>","protected":false},"excerpt":{"rendered":"<p data-start=\"0\" data-end=\"119\"><strong data-start=\"0\" data-end=\"119\">Original VfL Bochum Torwart-Fu\u00dfballtrikot aus der Saison 2022\/23 von Mizuno, bedruckt von Manuel Riemann.\u00a0<\/strong><\/p>\n<p data-start=\"121\" data-end=\"530\">Modell Torwart <strong data-start=\"138\" data-end=\"179\"><span class=\"hover:entity-accent entity-underline inline cursor-pointer align-baseline\"><span class=\"whitespace-normal\">VfL Bochum<\/span><\/span><\/strong> z <strong data-start=\"182\" data-end=\"200\">Saison 2022\/23<\/strong>hergestellt von <strong data-start=\"222\" data-end=\"232\">Mizuno<\/strong> in der Gr\u00f6\u00dfe <strong data-start=\"245\" data-end=\"250\">M<\/strong>, Der Verein blickt auf ein weiteres schwieriges Wettbewerbsjahr in der Bundesliga zur\u00fcck. Es war eine Saison, in der sich Bochum einmal mehr auf den Kampf um den Ligaerhalt konzentrierte und sein Spiel auf defensive Organisation, Intensit\u00e4t und eine gro\u00dfe Rolle f\u00fcr den Torh\u00fcter in Schl\u00fcsselmomenten der Spiele st\u00fctzte.<\/p>\n<p data-start=\"532\" data-end=\"984\">Das T-Shirt wurde hergestellt in <strong data-start=\"565\" data-end=\"590\">hellgr\u00fcner Farbe<\/strong>, und unterscheidet sich damit deutlich von den Basis-Sets der Band. Die Vorderseite zeigt <strong data-start=\"676\" data-end=\"697\">geometrisches Muster<\/strong>, die dem Design einen modernen und dynamischen Charakter verleiht und gleichzeitig ein klares Layout beibeh\u00e4lt. Der Sponsorenaufdruck steht im Mittelpunkt <strong data-start=\"850\" data-end=\"861\">Vonovia<\/strong>, w\u00e4hrend der \u00c4rmel folgende Merkmale aufweist <strong data-start=\"896\" data-end=\"923\">Bundesligapatch<\/strong>, in \u00dcbereinstimmung mit den geltenden Bezeichnungen in <strong data-start=\"964\" data-end=\"983\">Saison 2022\/23<\/strong>.<\/p>\n<p data-start=\"986\" data-end=\"1401\">Auf der R\u00fcckseite befindet sich ein origineller Aufdruck. <strong data-start=\"1028\" data-end=\"1069\"><span class=\"hover:entity-accent entity-underline inline cursor-pointer align-baseline\"><span class=\"whitespace-normal\">Manuel Riemann<\/span><\/span><\/strong>, einer der bekanntesten Pers\u00f6nlichkeiten in der Geschichte der modernen <strong data-start=\"1141\" data-end=\"1155\">VfL Bochum<\/strong>. Der Torh\u00fcter ist seit 2015 ununterbrochen beim Verein und in <strong data-start=\"1216\" data-end=\"1235\">Saison 2022\/23<\/strong> agierte einmal mehr als absoluter Abwehrchef, der die Mannschaft in schwierigen Momenten immer wieder rettete und ein Symbol f\u00fcr Stabilit\u00e4t und Engagement in den Vereinsfarben war.<\/p>\n<p data-start=\"1403\" data-end=\"1767\">W\u00e4hrend <strong data-start=\"1413\" data-end=\"1431\">Saison 2022\/23<\/strong> <strong data-start=\"1432\" data-end=\"1446\">VfL Bochum<\/strong> ebenfalls vertreten, unter anderem. <strong data-start=\"1476\" data-end=\"1495\">Anthony Losilla<\/strong>, <strong data-start=\"1497\" data-end=\"1516\">Philipp Hofmann<\/strong>, <strong data-start=\"1518\" data-end=\"1534\">Kevin St\u00f6ger<\/strong> oder <strong data-start=\"1539\" data-end=\"1558\">Cristian Gamboa<\/strong>, und die Mannschaft hat einmal mehr bewiesen, dass sie trotz begrenzter Mittel in der Bundesliga mithalten kann, indem sie ihr sportliches Ziel, den Verbleib in der h\u00f6chsten Spielklasse, erreicht hat.<\/p>\n<p data-start=\"1769\" data-end=\"1952\">Das T-Shirt ist aus leichtem und atmungsaktivem Material gefertigt und der Schnitt in Gr\u00f6\u00dfe <strong data-start=\"1851\" data-end=\"1856\">M<\/strong> bleibt konform mit den Normen <strong data-start=\"1889\" data-end=\"1899\">Mizuno<\/strong>, die bei modernen Torwartkonstruktionen verwendet werden.<\/p>\n<p data-start=\"1954\" data-end=\"2206\" data-is-last-node=\"\" data-is-only-node=\"\">Dies ist f\u00fcr Sammler und Fans, die ein originales Torwarttrikot suchen <strong data-start=\"2059\" data-end=\"2073\">VfL Bochum<\/strong> z <strong data-start=\"2076\" data-end=\"2094\">Saison 2022\/23<\/strong>, die den Kampf ums \u00dcberleben und die langj\u00e4hrige Rolle der <strong data-start=\"2165\" data-end=\"2185\">Manuel Riemann<\/strong> als eine S\u00e4ule des Teams.<\/p>","protected":false},"featured_media":117785,"template":"","meta":{"_kad_blocks_custom_css":"","_kad_blocks_head_custom_js":"","_kad_blocks_body_custom_js":"","_kad_blocks_footer_custom_js":"","_kad_post_transparent":"default","_kad_post_title":"","_kad_post_layout":"default","_kad_post_sidebar_id":"","_kad_post_content_style":"default","_kad_post_vertical_padding":"default","_kad_post_feature":"","_kad_post_feature_position":"","_kad_post_header":false,"_kad_post_footer":false,"_kad_post_classname":""},"product_brand":[1336],"product_cat":[15,1490],"product_tag":[],"class_list":{"0":"post-117614","1":"product","2":"type-product","3":"status-publish","4":"has-post-thumbnail","6":"product_brand-mizuno","7":"product_cat-bez-kategorii","8":"product_cat-pozostale-kluby-niemieckie","9":"pa_rozmiar-m","11":"first","12":"instock","13":"taxable","14":"shipping-taxable","15":"purchasable","16":"product-type-simple","17":"entry","18":"content-bg","19":"loop-entry"},"taxonomy_info":{"product_brand":[{"value":1336,"label":"Mizuno"}],"product_cat":[{"value":15,"label":"Bez kategorii"},{"value":1490,"label":"Pozosta\u0142e kluby niemieckie"}],"pa_rozmiar":[{"value":1816,"label":"M"}]},"featured_image_src_large":["https:\/\/footballthrift.shop\/wp-content\/uploads\/2026\/02\/Photoroom_20260204_160808-1024x1024.jpg",1024,1024,true],"author_info":[],"comment_info":"","_links":{"self":[{"href":"https:\/\/footballthrift.shop\/de\/wp-json\/wp\/v2\/product\/117614","targetHints":{"allow":["GET"]}}],"collection":[{"href":"https:\/\/footballthrift.shop\/de\/wp-json\/wp\/v2\/product"}],"about":[{"href":"https:\/\/footballthrift.shop\/de\/wp-json\/wp\/v2\/types\/product"}],"wp:featuredmedia":[{"embeddable":true,"href":"https:\/\/footballthrift.shop\/de\/wp-json\/wp\/v2\/media\/117785"}],"wp:attachment":[{"href":"https:\/\/footballthrift.shop\/de\/wp-json\/wp\/v2\/media?parent=117614"}],"wp:term":[{"taxonomy":"product_brand","embeddable":true,"href":"https:\/\/footballthrift.shop\/de\/wp-json\/wp\/v2\/product_brand?post=117614"},{"taxonomy":"product_cat","embeddable":true,"href":"https:\/\/footballthrift.shop\/de\/wp-json\/wp\/v2\/product_cat?post=117614"},{"taxonomy":"product_tag","embeddable":true,"href":"https:\/\/footballthrift.shop\/de\/wp-json\/wp\/v2\/product_tag?post=117614"}],"curies":[{"name":"wp","href":"https:\/\/api.w.org\/{rel}","templated":true}]}}