{"id":117613,"date":"2026-02-08T17:55:00","date_gmt":"2026-02-08T16:55:00","guid":{"rendered":"https:\/\/footballthrift.shop\/?post_type=product&#038;p=117613"},"modified":"2026-03-09T11:23:49","modified_gmt":"2026-03-09T10:23:49","slug":"koszulka-pilkarska-sk-brann-2009-home-xl","status":"publish","type":"product","link":"https:\/\/footballthrift.shop\/de\/koszulka-pilkarska-sk-brann-2009-home-xl\/","title":{"rendered":"Koszulka pi\u0142karska SK Brann 2009 Home [XL]"},"content":{"rendered":"<p><strong>Verein:<\/strong> SK Brann<\/p>\n<p><strong>Saison:<\/strong> 2009 Heimat<\/p>\n<p><strong>Gr\u00f6\u00dfe: <\/strong>XL<\/p>\n<p><strong>Zustand:<\/strong> Ausgezeichnet<\/p>\n<p><strong>Ma\u00dfe (Achselbreite\/L\u00e4nge) in cm: <\/strong>48\/71<\/p>","protected":false},"excerpt":{"rendered":"<p data-start=\"0\" data-end=\"78\"><strong data-start=\"0\" data-end=\"78\">Original SK Brann Heimtrikot von 2009 von Kappa.\u00a0<\/strong><\/p>\n<p data-start=\"80\" data-end=\"527\">Heimmodell <strong data-start=\"93\" data-end=\"134\"><span class=\"hover:entity-accent entity-underline inline cursor-pointer align-baseline\"><span class=\"whitespace-normal\">SK Brann<\/span><\/span><\/strong> z <strong data-start=\"137\" data-end=\"150\">2009<\/strong>hergestellt von <strong data-start=\"172\" data-end=\"181\">Kappa<\/strong> in der Gr\u00f6\u00dfe <strong data-start=\"194\" data-end=\"200\">XL<\/strong>, Brann kommt zu einem Zeitpunkt, an dem sich der Verein als eine der bekanntesten Mannschaften Norwegens etabliert hat. Brann, das die Stadt Bergen repr\u00e4sentiert, spielt seit Jahrzehnten eine wichtige Rolle im heimischen Fu\u00dfball, spielt regelm\u00e4\u00dfig in der Spitzengruppe der Eliteserien mit und hat eine starke Identit\u00e4t aufgebaut, die auf dem lokalen Charakter und der treuen Unterst\u00fctzung der Fans beruht.<\/p>\n<p data-start=\"529\" data-end=\"958\">Das T-Shirt wurde auf dem klassischen <strong data-start=\"574\" data-end=\"593\">roter Sockel<\/strong>, die das Markenzeichen von <strong data-start=\"625\" data-end=\"637\">SK Brann<\/strong>. Das Projekt wird erg\u00e4nzt durch <strong data-start=\"659\" data-end=\"679\">wei\u00dfe N\u00e4hte<\/strong> und <strong data-start=\"685\" data-end=\"716\">wei\u00dfer Kragenabschluss<\/strong>, die dem Ganzen einen klaren und sportlichen Look verleihen. Das hier gezeigte Modell kommt in <strong data-start=\"803\" data-end=\"834\">Version ohne Sponsorenaufdruck<\/strong>, Diese unterstreicht den minimalistischen Charakter des Trikots und stellt die Vereinsfarben ohne zus\u00e4tzliche grafische Elemente heraus.<\/p>\n<p data-start=\"960\" data-end=\"1386\">In einem historischen Kontext <strong data-start=\"986\" data-end=\"998\">SK Brann<\/strong> ist einer der Vereine mit der gr\u00f6\u00dften Bedeutung f\u00fcr die Entwicklung des norwegischen Fu\u00dfballs, sowohl in sportlicher als auch in kultureller Hinsicht. Die Mannschaft aus Bergen war \u00fcber die Jahre ein wichtiger Bezugspunkt f\u00fcr die Liga und hat Spieler hervorgebracht und angezogen, die das Niveau des nationalen Fu\u00dfballs und der norwegischen Nationalmannschaft ma\u00dfgeblich beeinflusst haben. Der Verein selbst bleibt ein Symbol f\u00fcr eine starke regionale Fu\u00dfballidentit\u00e4t.<\/p>\n<p data-start=\"1388\" data-end=\"1631\">Das T-Shirt ist aus einem leichten und atmungsaktiven Material mit einer <strong data-start=\"1452\" data-end=\"1471\">mit einem Hauch von Lycra<\/strong>, Merkmal der Projekte <strong data-start=\"1505\" data-end=\"1514\">Kappy<\/strong> dieser Jahre, und die Verringerung der Gr\u00f6\u00dfe <strong data-start=\"1549\" data-end=\"1555\">XL<\/strong> ist nach den Vorgaben des Herstellers deutlich angepasst und recht dicht.<\/p>\n<p data-start=\"1633\" data-end=\"1861\" data-is-last-node=\"\" data-is-only-node=\"\">F\u00fcr Sammler und Fans, die ein originales Heimtrikot suchen <strong data-start=\"1733\" data-end=\"1745\">SK Brann<\/strong> z <strong data-start=\"1748\" data-end=\"1761\">2009<\/strong>, Ein deutliches Zeugnis der Vereinstradition und des nachhaltigen Einflusses der Bergener Mannschaft auf den norwegischen Fu\u00dfball.<\/p>","protected":false},"featured_media":117776,"template":"","meta":{"_kad_blocks_custom_css":"","_kad_blocks_head_custom_js":"","_kad_blocks_body_custom_js":"","_kad_blocks_footer_custom_js":"","_kad_post_transparent":"default","_kad_post_title":"","_kad_post_layout":"default","_kad_post_sidebar_id":"","_kad_post_content_style":"default","_kad_post_vertical_padding":"default","_kad_post_feature":"","_kad_post_feature_position":"","_kad_post_header":false,"_kad_post_footer":false,"_kad_post_classname":""},"product_brand":[1290],"product_cat":[15,1488],"product_tag":[],"class_list":{"0":"post-117613","1":"product","2":"type-product","3":"status-publish","4":"has-post-thumbnail","6":"product_brand-kappa","7":"product_cat-bez-kategorii","8":"product_cat-kluby-skandynawskie","9":"pa_homeawaythird-home","10":"pa_rozmiar-xl","12":"first","13":"instock","14":"taxable","15":"shipping-taxable","16":"purchasable","17":"product-type-simple","18":"entry","19":"content-bg","20":"loop-entry"},"taxonomy_info":{"product_brand":[{"value":1290,"label":"Kappa"}],"product_cat":[{"value":15,"label":"Bez kategorii"},{"value":1488,"label":"Skandynawia"}],"pa_homeawaythird":[{"value":1597,"label":"Home"}],"pa_rozmiar":[{"value":1818,"label":"XL"}]},"featured_image_src_large":["https:\/\/footballthrift.shop\/wp-content\/uploads\/2026\/02\/Photoroom_20260204_161141-1024x1024.jpg",1024,1024,true],"author_info":[],"comment_info":"","_links":{"self":[{"href":"https:\/\/footballthrift.shop\/de\/wp-json\/wp\/v2\/product\/117613","targetHints":{"allow":["GET"]}}],"collection":[{"href":"https:\/\/footballthrift.shop\/de\/wp-json\/wp\/v2\/product"}],"about":[{"href":"https:\/\/footballthrift.shop\/de\/wp-json\/wp\/v2\/types\/product"}],"wp:featuredmedia":[{"embeddable":true,"href":"https:\/\/footballthrift.shop\/de\/wp-json\/wp\/v2\/media\/117776"}],"wp:attachment":[{"href":"https:\/\/footballthrift.shop\/de\/wp-json\/wp\/v2\/media?parent=117613"}],"wp:term":[{"taxonomy":"product_brand","embeddable":true,"href":"https:\/\/footballthrift.shop\/de\/wp-json\/wp\/v2\/product_brand?post=117613"},{"taxonomy":"product_cat","embeddable":true,"href":"https:\/\/footballthrift.shop\/de\/wp-json\/wp\/v2\/product_cat?post=117613"},{"taxonomy":"product_tag","embeddable":true,"href":"https:\/\/footballthrift.shop\/de\/wp-json\/wp\/v2\/product_tag?post=117613"}],"curies":[{"name":"wp","href":"https:\/\/api.w.org\/{rel}","templated":true}]}}